{"id":3521,"date":"2020-07-29T15:19:47","date_gmt":"2020-12-22T11:48:08","guid":{"rendered":"https:\/\/poppik.fr\/boutique\/uncategorized\/creative-poster-750-stickers-jungle-3-7-years-old\/"},"modified":"2025-10-30T11:05:23","modified_gmt":"2025-10-30T10:05:23","slug":"poster-750-stickers-jungle-2","status":"publish","type":"product","link":"https:\/\/poppik.com\/en\/boutique\/posters-stickers\/poster-750-stickers-jungle-2\/","title":{"rendered":"<span>Creative poster + 750 stickers<\/span> JUNGLE (3-7 years old)"},"content":{"rendered":"<p>[vc_row][vc_column][vc_column_text css=&#8221;.vc_custom_1626352625444{border-right-width: 12px !important;border-left-width: 12px !important;padding-right: 70px !important;padding-bottom: 30px !important;padding-left: 70px !important;}&#8221;]<\/p>\n<p style=\"text-align: left;\"><strong>THE POPPIK PEDAGOGY <\/strong><\/p>\n<p style=\"text-align: left;\">Did you know that Poppik products have been designed with a real educational approach ?<\/p>\n<p style=\"text-align: left;\">With Poppik, discover new generation sticker activities. When children open a Poppik kit, they immediately want to play and manipulate these colorful stickers. The activity is easy, allowing the child to play alone without an adult present. Thus, without effort, the child concentrates naturally during long periods of play. This quiet activity trains fine motor skills, observation skills, and makes the child want to apply himself. With a Poppik poster, the child&#8217;s activity is always valued thanks to the amazing result he gets.<\/p>\n<p style=\"text-align: left;\">Hang the poster on the wall and you will see his eyes sparkle with pride !<\/p>\n<p style=\"text-align: left;\"><strong>THE BENEFITS OF OUR STICKERS<\/strong><\/p>\n<p style=\"text-align: left;\">This sticker activity cleverly occupies the children, <strong>far from the screens<\/strong>.<br \/>\n&#8211; The activity with the stickers is easy, even for children who are not very manual.<br \/>\n&#8211; you can <strong>play in groups<\/strong>, like a giant puzzle or coloring. The format is huge (140 x 25 cm) and there is a very large number of stickers 3 years (more than 750).<br \/>\n&#8211; The educational activity involves color and shape recognition. An axcellent exercice for kindergarten children.<br \/>\n&#8211; Handeling the stickers promotes<strong>concentration<\/strong> and calmness. Children remain silent and diligent for long periods of time.<br \/>\n&#8211; These creative 3 year old stickers train <strong>fine motor skills<\/strong> and application.<br \/>\n&#8211; Once the creative activity is over, we hang the panorama in the house&#8230; and there are many stickers left to <strong>create freely<\/strong>.<br \/>\n&#8211; Discover here the artist <a href=\"https:\/\/poppik.com\/en\/nous-connaitre-stickers\/illustration-jeunesse-art\/jessica-das\/\">Jessica Das<\/a> who created the poster.<\/p>\n<p style=\"text-align: left;\"><strong>OUR MANUFACTURING COMMITMENTS<\/strong><\/p>\n<p style=\"text-align: left;\">In an ecological concern, this educational game is not made in Asia, but in the European Union (Poland).<br \/>\n&#8211; We have chosen <strong>flat packaging<\/strong> to minimize the ecological impact (manufacturing and transport).<br \/>\n&#8211; We have entrusted the manufacturing follow-up to the French office <strong>Leporello<\/strong>, signatory of the Responsible Supplier Relations Charter.<br \/>\n&#8211; The stickers are <strong>semi-repositionable<\/strong>, so that they can be repositioned once or twice in case of an error. As for a puzzle, we have the right to make mistakes!<br \/>\n&#8211; All our creative hobbies for children comply with the CE toy standard, guaranteed <strong>phthalate-free<\/strong>.<br \/>\n&#8211; Exclusive concept: Poppik. Design: Delphine Badreddine and Fran\u00e7oise Baglin.<\/p>\n<p>[\/vc_column_text][vc_media_grid element_width=&#8221;3&#8243; grid_id=&#8221;vc_gid:1626352610786-3dad32d1d3ceaf25f6567965d026e1f6-4&#8243; include=&#8221;2271,2272,2270,2269&#8243;][\/vc_column][\/vc_row][vc_row][vc_column][vc_column_text]<\/p>\n<p style=\"text-align: left;\">[\/vc_column_text][\/vc_column][\/vc_row][vc_row][vc_column][vc_column_text css=&#8221;.vc_custom_1625728930609{border-right-width: 12px !important;border-left-width: 12px !important;padding-top: 30px !important;padding-right: 70px !important;padding-left: 70px !important;}&#8221;]<\/p>\n<p style=\"text-align: left;\"><strong>OUR ADVICE FOR USE<\/strong><\/p>\n<p style=\"text-align: left;\">The large panorama is folded like an accordion. It can be used in two ways:<br \/>\n&#8211; Unfold it completely, place it on the floor, on a large table or hang it on the wall. You can then complete the panorama with the stickers, alone or with several people.<br \/>\n&#8211; Vous pouvez aussi ne pas d\u00e9plier compl\u00e8tement le panorama, mais tourner les pages comme <strong>un livre.<\/strong> In this case, the child plays alone and sticks the stickers one page after the other. You can take the activity with you when you travel, to play on the train or on the plane.<br \/>\n&#8211; The pouch contains a very large number of stickers: we advise to carry out the activity in several sessions.<br \/>\n&#8211; The panorama and the sticker sheets can be easily stored in the pocket.<br \/>\n&#8211; This activity is ideal to occupy a small group of children during a birthday party or an afternoon game (easy to set up, fun for all, even for those who are not manual, does not stain, adult help is not required). Even more fun than a puzzle !<\/p>\n<p style=\"text-align: left;\"><strong>OUR DECORATION IDEAS<\/strong><\/p>\n<p style=\"text-align: left;\">Once the large panorama is finished, it is intended to <strong>decorate the house<\/strong>.<br \/>\n&#8211; Put it as an accordion on a table, it transforms itself into a game setting. Your child can play with his figurines, and invent a whole imaginary world for himself.<br \/>\n&#8211; Hang the educational poster on the wall, in a hallway, above a desk.<br \/>\n&#8211; You can also cut the panorama into several scenes and <strong>frame<\/strong>them.<br \/>\nVisit our blog to find out how to give a second life to your Poppik, and how to prolong the activity.[\/vc_column_text][\/vc_column][\/vc_row][vc_row][vc_column][vc_video link=&#8221;https:\/\/www.youtube.com\/watch?v=vcT7I2-hQt8&#8243; title=&#8221;Poppik: kindergarten stickers \ud83c\udf08&#8221;][\/vc_column][\/vc_row]<\/p>\n","protected":false},"excerpt":{"rendered":"<p>Contains: 1 poster (140 x 25 cm)<br \/>\n750 repositionable stickers<br \/>\nFrom 3 years old<br \/>\nDesign : <a href=\"https:\/\/jessicadas.com\">Jessica Das<\/a><\/p>\n<h4 style=\"text-align: center;\"><strong>Educational stickers from 3 years old<\/strong><\/h4>\n<p>Les enfants collent les autocollants sur un grand d\u00e9cor de la jungle (\u00e9l\u00e9phant, signes, tigre&#8230;). They practice recognizing shapes and colors just like in kindergarten. An easy activity to keep busy at home, focus and apply yourself!<\/p>\n","protected":false},"featured_media":953,"comment_status":"open","ping_status":"closed","template":"","meta":[],"product_cat":[1108],"product_tag":[628,630,746,733,715,718,768,1327,563,747,1275,1271,616,769,690,722],"jetpack_sharing_enabled":true,"_links":{"self":[{"href":"https:\/\/poppik.com\/en\/wp-json\/wp\/v2\/product\/3521"}],"collection":[{"href":"https:\/\/poppik.com\/en\/wp-json\/wp\/v2\/product"}],"about":[{"href":"https:\/\/poppik.com\/en\/wp-json\/wp\/v2\/types\/product"}],"replies":[{"embeddable":true,"href":"https:\/\/poppik.com\/en\/wp-json\/wp\/v2\/comments?post=3521"}],"wp:featuredmedia":[{"embeddable":true,"href":"https:\/\/poppik.com\/en\/wp-json\/wp\/v2\/media\/953"}],"wp:attachment":[{"href":"https:\/\/poppik.com\/en\/wp-json\/wp\/v2\/media?parent=3521"}],"wp:term":[{"taxonomy":"product_cat","embeddable":true,"href":"https:\/\/poppik.com\/en\/wp-json\/wp\/v2\/product_cat?post=3521"},{"taxonomy":"product_tag","embeddable":true,"href":"https:\/\/poppik.com\/en\/wp-json\/wp\/v2\/product_tag?post=3521"}],"curies":[{"name":"wp","href":"https:\/\/api.w.org\/{rel}","templated":true}]}}