{"id":2814,"date":"2020-06-30T12:36:54","date_gmt":"2020-06-30T10:36:54","guid":{"rendered":"https:\/\/poppik-dev.logiq-digital.com\/stickers-paiement-securise\/"},"modified":"2020-10-24T13:14:53","modified_gmt":"2020-10-24T11:14:53","slug":"stickers-paiement-securise","status":"publish","type":"page","link":"https:\/\/poppik.com\/en\/stickers-paiement-securise\/","title":{"rendered":"Paiement s\u00e9curis\u00e9"},"content":{"rendered":"<p><strong>Cartes Bancaires<\/strong><\/p>\n<p>Les cartes accept\u00e9es sont les CB, Visa, MasterCard et e-Carte Bleue.<\/p>\n<p>Nous vous garantissons une s\u00e9curit\u00e9 totale lors de vos achats sur notre site.<br \/>\nQuand vous entrez votre num\u00e9ro de carte et sa date de validit\u00e9, ces donn\u00e9es sont instantan\u00e9ment crypt\u00e9es avant de nous \u00eatre envoy\u00e9es (gr\u00e2ce \u00e0 la technologie &#8220;SSL&#8221; de cryptage des informations).<\/p>\n<p>En plus d&#8217;\u00eatre crypt\u00e9es et donc illisibles, ces informations ne sont pas stock\u00e9es, c&#8217;est pourquoi il vous est demand\u00e9 de les fournir \u00e0 nouveau pour chacun de vos achats.<\/p>\n<p>&nbsp;<\/p>\n<p><strong>Paypal<\/strong><\/p>\n<p>Vous pouvez aussi utiliser votre compte PayPal, pour un r\u00e8glement lui aussi s\u00e9curis\u00e9.<\/p>\n","protected":false},"excerpt":{"rendered":"<p>Cartes Bancaires Les cartes accept\u00e9es sont les CB, Visa, MasterCard et e-Carte Bleue. Nous vous garantissons une s\u00e9curit\u00e9 totale lors de vos achats sur notre site. Quand vous entrez votre&hellip;<\/p>\n","protected":false},"author":1,"featured_media":0,"parent":0,"menu_order":0,"comment_status":"closed","ping_status":"closed","template":"","meta":{"footnotes":""},"jetpack_sharing_enabled":true,"_links":{"self":[{"href":"https:\/\/poppik.com\/en\/wp-json\/wp\/v2\/pages\/2814"}],"collection":[{"href":"https:\/\/poppik.com\/en\/wp-json\/wp\/v2\/pages"}],"about":[{"href":"https:\/\/poppik.com\/en\/wp-json\/wp\/v2\/types\/page"}],"author":[{"embeddable":true,"href":"https:\/\/poppik.com\/en\/wp-json\/wp\/v2\/users\/1"}],"replies":[{"embeddable":true,"href":"https:\/\/poppik.com\/en\/wp-json\/wp\/v2\/comments?post=2814"}],"version-history":[{"count":1,"href":"https:\/\/poppik.com\/en\/wp-json\/wp\/v2\/pages\/2814\/revisions"}],"predecessor-version":[{"id":2941,"href":"https:\/\/poppik.com\/en\/wp-json\/wp\/v2\/pages\/2814\/revisions\/2941"}],"wp:attachment":[{"href":"https:\/\/poppik.com\/en\/wp-json\/wp\/v2\/media?parent=2814"}],"curies":[{"name":"wp","href":"https:\/\/api.w.org\/{rel}","templated":true}]}}