{"id":2808,"date":"2020-07-16T16:59:24","date_gmt":"2020-07-16T14:59:24","guid":{"rendered":"https:\/\/poppik-dev.logiq-digital.com\/nous-connaitre-stickers\/illustration-jeunesse-art\/vanessa-vautier\/"},"modified":"2022-06-24T18:30:19","modified_gmt":"2022-06-24T16:30:19","slug":"vanessa-vautier","status":"publish","type":"page","link":"https:\/\/poppik.com\/en\/vanessa-vautier\/","title":{"rendered":"Vanessa Vautier"},"content":{"rendered":"<p>[vc_row][vc_column][vc_custom_heading text=&#8221;Vanessa Vautier&#8221; use_theme_fonts=&#8221;yes&#8221; css=&#8221;.vc_custom_1594911516083{margin-bottom: 20px !important;}&#8221;][\/vc_column][\/vc_row][vc_row css=&#8221;.vc_custom_1594902244110{margin-bottom: 10px !important;}&#8221;][vc_column][vc_column_text]<\/p>\n<div class=\"ox-text ox-margin-bottom-medium\">Vanessa est illustratice depuis 2017 apr\u00e8s des \u00e9tudes en design produit. Elle dessine depuis que qu&#8217;elle a l&#8217;\u00e2ge de manger ses crayons. Toute petite, elle avait deux grands r\u00eaves, devenir illustratrice ou dresseuse de dinosaures. Pour des raisons \u00e9videntes, elle a finalement retenu la premi\u00e8re option.<\/div>\n<p>[\/vc_column_text][\/vc_column][\/vc_row][vc_row css=&#8221;.vc_custom_1594900940369{margin-bottom: 25px !important;}&#8221;][vc_column width=&#8221;1\/3&#8243; css=&#8221;.vc_custom_1594195570749{margin-top: 15px !important;margin-bottom: 15px !important;}&#8221;][vc_single_image image=&#8221;2633&#8243; img_size=&#8221;large&#8221; alignment=&#8221;center&#8221;][\/vc_column][vc_column width=&#8221;1\/3&#8243; css=&#8221;.vc_custom_1594195575582{margin-top: 15px !important;margin-bottom: 15px !important;}&#8221;][vc_single_image image=&#8221;2627&#8243; img_size=&#8221;large&#8221; alignment=&#8221;center&#8221;][\/vc_column][vc_column width=&#8221;1\/3&#8243; css=&#8221;.vc_custom_1594195580326{margin-top: 15px !important;margin-bottom: 15px !important;}&#8221;][vc_single_image image=&#8221;2628&#8243; img_size=&#8221;large&#8221; alignment=&#8221;center&#8221;][\/vc_column][\/vc_row][vc_row][vc_column][vc_column_text]<\/p>\n<div class=\"ox-text ox-margin-bottom-medium\">\n<div class=\"ox-text ox-margin-bottom-medium\">\n<p>Elle vit \u00e0 Lyon et travaille dans un petit atelier entour\u00e9 de livres, d&#8217;illustrations coll\u00e9es au mur. Elle aime donner un nom aux personnages qu&#8217;elle cr\u00e9e, leur faire raconter une histoire et leur inventer tout un univers. Elle puise son inspiration un peu partout : la nature, les souvenirs, les livres&#8230; Aujourd&#8217;hui, elle vit de sa passion en travaillant avec des \u00e9diteurs et la presse jeunesse.<\/p>\n<p><a href=\"http:\/\/vanessa-vautier.ultra-book.com\/accueil\" rel=\"hlid[=]2048[&amp;]href[=]http:\/\/vanessa-vautier.ultra-book.com\/accueil noopener\" target=\"_blank\">En savoir plus sur\u00a0Vanessa Vautier<\/a><\/p>\n<\/div>\n<\/div>\n<p>[\/vc_column_text][\/vc_column][\/vc_row][vc_row][vc_column]<div class=\"woocommerce \"><\/div>[\/vc_column][\/vc_row]<\/p>\n","protected":false},"excerpt":{"rendered":"<p>[vc_row][vc_column][vc_custom_heading text=&#8221;Vanessa Vautier&#8221; use_theme_fonts=&#8221;yes&#8221; css=&#8221;.vc_custom_1594911516083{margin-bottom: 20px !important;}&#8221;][\/vc_column][\/vc_row][vc_row css=&#8221;.vc_custom_1594902244110{margin-bottom: 10px !important;}&#8221;][vc_column][vc_column_text] Vanessa est illustratice depuis 2017 apr\u00e8s des \u00e9tudes en design produit. Elle dessine depuis que qu&#8217;elle a l&#8217;\u00e2ge de manger&hellip;<\/p>\n","protected":false},"author":1,"featured_media":0,"parent":0,"menu_order":0,"comment_status":"closed","ping_status":"closed","template":"","meta":{"footnotes":""},"jetpack_sharing_enabled":true,"_links":{"self":[{"href":"https:\/\/poppik.com\/en\/wp-json\/wp\/v2\/pages\/2808"}],"collection":[{"href":"https:\/\/poppik.com\/en\/wp-json\/wp\/v2\/pages"}],"about":[{"href":"https:\/\/poppik.com\/en\/wp-json\/wp\/v2\/types\/page"}],"author":[{"embeddable":true,"href":"https:\/\/poppik.com\/en\/wp-json\/wp\/v2\/users\/1"}],"replies":[{"embeddable":true,"href":"https:\/\/poppik.com\/en\/wp-json\/wp\/v2\/comments?post=2808"}],"version-history":[{"count":3,"href":"https:\/\/poppik.com\/en\/wp-json\/wp\/v2\/pages\/2808\/revisions"}],"predecessor-version":[{"id":12896,"href":"https:\/\/poppik.com\/en\/wp-json\/wp\/v2\/pages\/2808\/revisions\/12896"}],"wp:attachment":[{"href":"https:\/\/poppik.com\/en\/wp-json\/wp\/v2\/media?parent=2808"}],"curies":[{"name":"wp","href":"https:\/\/api.w.org\/{rel}","templated":true}]}}