{"id":2804,"date":"2020-07-16T16:37:13","date_gmt":"2020-07-16T14:37:13","guid":{"rendered":"https:\/\/poppik-dev.logiq-digital.com\/nous-connaitre-stickers\/illustration-jeunesse-art\/sophie-ledesma\/"},"modified":"2022-06-24T18:28:02","modified_gmt":"2022-06-24T16:28:02","slug":"sophie-ledesma","status":"publish","type":"page","link":"https:\/\/poppik.com\/en\/sophie-ledesma\/","title":{"rendered":"Sophie Ledesma"},"content":{"rendered":"<p>[vc_row][vc_column][vc_custom_heading text=&#8221;L&#8217;univers de Sophie Ledesma&#8221; use_theme_fonts=&#8221;yes&#8221; css=&#8221;.vc_custom_1603533602728{margin-bottom: 20px !important;}&#8221;][\/vc_column][\/vc_row][vc_row css=&#8221;.vc_custom_1594902244110{margin-bottom: 10px !important;}&#8221;][vc_column][vc_column_text]<\/p>\n<div class=\"ox-text ox-margin-bottom-medium\">Dipl\u00f4m\u00e9e de l\u2019ESAG Penninghen, Sophie Ledesma travaille comme illustratrice pour la presse, la publicit\u00e9 et l\u2019\u00e9dition. Elle con\u00e7oit des livres illustr\u00e9s pour les enfants, illustre des campagnes publicitaires et des collections de carterie. Elle explore un univers ludique et color\u00e9 : dans ses dessins, les maisons ont des yeux et des bras, les escargots jouent du trombone, les chats ont des yeux multicolores et ses lettres ressemblent \u00e0 des papiers d\u00e9coup\u00e9s.<\/div>\n<p>[\/vc_column_text][\/vc_column][\/vc_row][vc_row css=&#8221;.vc_custom_1594900940369{margin-bottom: 25px !important;}&#8221;][vc_column width=&#8221;1\/3&#8243; css=&#8221;.vc_custom_1594195570749{margin-top: 15px !important;margin-bottom: 15px !important;}&#8221;][vc_single_image image=&#8221;2286&#8243; img_size=&#8221;large&#8221; alignment=&#8221;center&#8221;][\/vc_column][vc_column width=&#8221;1\/3&#8243; css=&#8221;.vc_custom_1594195575582{margin-top: 15px !important;margin-bottom: 15px !important;}&#8221;][vc_single_image image=&#8221;2486&#8243; img_size=&#8221;large&#8221; alignment=&#8221;center&#8221;][\/vc_column][vc_column width=&#8221;1\/3&#8243; css=&#8221;.vc_custom_1594195580326{margin-top: 15px !important;margin-bottom: 15px !important;}&#8221;][vc_single_image image=&#8221;2485&#8243; img_size=&#8221;large&#8221; alignment=&#8221;center&#8221;][\/vc_column][\/vc_row][vc_row][vc_column][vc_column_text]<\/p>\n<div class=\"ox-text ox-margin-bottom-medium\">\n<p>Passionn\u00e9e par les arts graphiques, elle s&#8217;inspire de multiples courants artistiques. C&#8217;est la raison pour laquelle elle travaille avec <a href=\"https:\/\/poppik.com\/boutique\/posters-stickers\/activite-stickers-educative\/\">Poppik<\/a> sur des cr\u00e9ations &#8220;clin d&#8217;oeil&#8221; en r\u00e9f\u00e9rence directe avec de grands artistes modernes et contemporains. Mettre l&#8217;art \u00e0 la port\u00e9e des plus petits, c&#8217;est le challenge que nous partageons avec Sophie (et avec passion !).<\/p>\n<p>En savoir plus\u00a0sur\u00a0<a href=\"https:\/\/sophieledesma.com\" target=\"_blank\" rel=\"noopener\">Sophie Ledesma<\/a><\/p>\n<\/div>\n<p>[\/vc_column_text][\/vc_column][\/vc_row][vc_row][vc_column]<div class=\"woocommerce columns-4 \"><ul class=\"products columns-4\">\n<li class=\"layout-style-2 col-md-4 col-sm-4 col-xs-6 col-lg-3 product-has-gallery product-style-default product type-product post-3108 status-publish first instock product_tag-alphabet-stationery product_tag-educational-stickers-en-2 product_tag-letter-stamps product_tag-letter-stickers product_tag-pedagogical-activity product_tag-pedagogical-poster product_tag-poppik-en product_tag-poppik-stickers-en product_tag-stickers-en product_tag-stickers-alphabet-en product_tag-stickers-letters has-post-thumbnail taxable shipping-taxable purchasable product-type-simple\">\n\t<div class=\"product-header\"><a href=\"https:\/\/poppik.com\/en\/boutique\/uncategorized\/190-stickers-lettres-ledesma\/\" class=\"woocommerce-LoopProduct-link woocommerce-loop-product__link\"><img loading=\"lazy\" decoding=\"async\" width=\"300\" height=\"300\" src=\"https:\/\/poppik.com\/wp-content\/uploads\/2021\/01\/poppik-lettres-alphabet-stickers-gommettes-300x300.jpg\" class=\"attachment-woocommerce_thumbnail size-woocommerce_thumbnail\" alt=\"Stickers lettres\" srcset=\"https:\/\/poppik.com\/wp-content\/uploads\/2021\/01\/poppik-lettres-alphabet-stickers-gommettes-300x300.jpg 300w, https:\/\/poppik.com\/wp-content\/uploads\/2021\/01\/poppik-lettres-alphabet-stickers-gommettes-150x150.jpg 150w, https:\/\/poppik.com\/wp-content\/uploads\/2021\/01\/poppik-lettres-alphabet-stickers-gommettes-768x769.jpg 768w, https:\/\/poppik.com\/wp-content\/uploads\/2021\/01\/poppik-lettres-alphabet-stickers-gommettes-100x100.jpg 100w, https:\/\/poppik.com\/wp-content\/uploads\/2021\/01\/poppik-lettres-alphabet-stickers-gommettes-600x601.jpg 600w, https:\/\/poppik.com\/wp-content\/uploads\/2021\/01\/poppik-lettres-alphabet-stickers-gommettes.jpg 799w\" sizes=\"(max-width: 300px) 100vw, 300px\" \/><img loading=\"lazy\" decoding=\"async\" width=\"300\" height=\"300\" src=\"https:\/\/poppik.com\/wp-content\/uploads\/2020\/07\/poppik-lettres-alphabet-stickers-gommettes-1-copie-2-1-300x300.jpg\" class=\"attachment-shop_catalog size-shop_catalog product-hover-image\" alt=\"\" srcset=\"https:\/\/poppik.com\/wp-content\/uploads\/2020\/07\/poppik-lettres-alphabet-stickers-gommettes-1-copie-2-1-300x300.jpg 300w, https:\/\/poppik.com\/wp-content\/uploads\/2020\/07\/poppik-lettres-alphabet-stickers-gommettes-1-copie-2-1-150x150.jpg 150w, https:\/\/poppik.com\/wp-content\/uploads\/2020\/07\/poppik-lettres-alphabet-stickers-gommettes-1-copie-2-1-768x769.jpg 768w, https:\/\/poppik.com\/wp-content\/uploads\/2020\/07\/poppik-lettres-alphabet-stickers-gommettes-1-copie-2-1-100x100.jpg 100w, https:\/\/poppik.com\/wp-content\/uploads\/2020\/07\/poppik-lettres-alphabet-stickers-gommettes-1-copie-2-1-600x601.jpg 600w, https:\/\/poppik.com\/wp-content\/uploads\/2020\/07\/poppik-lettres-alphabet-stickers-gommettes-1-copie-2-1.jpg 799w\" sizes=\"(max-width: 300px) 100vw, 300px\" \/><\/a>\n\t\t\n\t\t\n\t\t\t<div class=\"buttons\">\n\t\t\t\t<a href=\"?add-to-cart=3108\" data-quantity=\"1\" class=\"button product_type_simple add_to_cart_button ajax_add_to_cart sober-loop-atc-button\" data-product_id=\"3108\" data-product_sku=\"3760262410692\" aria-label=\"Add to cart: &ldquo;190 stickers THE ALPHABET OF SOPHIE LEDESMA&rdquo;\" aria-describedby=\"\" rel=\"nofollow\"><svg viewBox=\"0 0 20 20\"><use xlink:href=\"#basket-addtocart\"><\/use><\/svg><span class=\"screen-reader-text\">Add to cart<\/span><\/a><a href=\"\/en\/wp-json\/wp\/v2\/pages\/2804?add_to_wishlist=3108\" data-product_id=\"3108\" data-product_type=\"simple\" class=\"button add-to-wishlist-button add-to-wishlist-3108 \" rel=\"nofollow\">\n\t\t\t<svg viewBox=\"0 0 20 20\" class=\"like\"><use xlink:href=\"#heart-wishlist-like\"><\/use><\/svg>\n\t\t\t<svg viewBox=\"0 0 20 20\" class=\"liked\"><use xlink:href=\"#heart-wishlist-liked\"><\/use><\/svg>\n\t\t\t<span class=\"indent-text\">Add to wishlist<\/span>\n\t\t<\/a>\t\t\t<\/div>\n\n\t\t\n\t\t<\/div>\n\t\t<h3 class=\"woocommerce-loop-product__title\"><a href=\"https:\/\/poppik.com\/en\/boutique\/uncategorized\/190-stickers-lettres-ledesma\/\"><span>190 stickers<\/span> THE ALPHABET OF SOPHIE LEDESMA<\/a><\/h3>\n\n\t\t <div class=\"star-rating-container\">\n                <div class=\"star-rating\">\n                     <span style=\"width:94%\">\n                    <strong itemprop=\"ratingValue\" class=\"rating\">4.70<\/strong>\n                    <\/span>\n                <\/div>\n                <div>0<\/div>\n           <\/div>\n        \n\n\t\n\t\t<span class=\"price\"><span class=\"woocommerce-Price-amount amount\"><span class=\"woocommerce-Price-currencySymbol\">&euro;<\/span>2,90<\/span><\/span>\n\n\t\n<span data-content_category=\"\"><\/span><\/li>\n<li class=\"layout-style-2 col-md-4 col-sm-4 col-xs-6 col-lg-3 product-has-gallery product-style-default product type-product post-3519 status-publish outofstock product_cat-mini-posters-stickers product_tag-coloring-stickers-en product_tag-coloring-stickers product_tag-creative-activity product_tag-creative-stickers product_tag-creative-stickers-activity product_tag-illustrated-poster product_tag-modern-art product_tag-poster-sticker-en product_tag-stickers-art-en product_tag-stickers-artistic product_tag-stickers-modern-art taxable shipping-taxable purchasable product-type-simple\">\n\t<div class=\"product-header\"><a href=\"https:\/\/poppik.com\/en\/boutique\/mini-posters-stickers\/poster-520-stickers-art-modern\/\" class=\"woocommerce-LoopProduct-link woocommerce-loop-product__link\"><img loading=\"lazy\" decoding=\"async\" width=\"300\" height=\"300\" src=\"https:\/\/poppik.com\/wp-content\/uploads\/woocommerce-placeholder.png\" class=\"woocommerce-placeholder wp-post-image\" alt=\"Placeholder\" srcset=\"https:\/\/poppik.com\/wp-content\/uploads\/woocommerce-placeholder.png 1200w, https:\/\/poppik.com\/wp-content\/uploads\/woocommerce-placeholder-300x300.png 300w, https:\/\/poppik.com\/wp-content\/uploads\/woocommerce-placeholder-1024x1024.png 1024w, https:\/\/poppik.com\/wp-content\/uploads\/woocommerce-placeholder-150x150.png 150w, https:\/\/poppik.com\/wp-content\/uploads\/woocommerce-placeholder-768x768.png 768w, https:\/\/poppik.com\/wp-content\/uploads\/woocommerce-placeholder-100x100.png 100w\" sizes=\"(max-width: 300px) 100vw, 300px\" \/><img loading=\"lazy\" decoding=\"async\" width=\"300\" height=\"300\" src=\"https:\/\/poppik.com\/wp-content\/uploads\/2020\/07\/art-activite-artistique-enfant-poppik-puzzle-stickers-7-300x300.jpg\" class=\"attachment-shop_catalog size-shop_catalog product-hover-image\" alt=\"\" srcset=\"https:\/\/poppik.com\/wp-content\/uploads\/2020\/07\/art-activite-artistique-enfant-poppik-puzzle-stickers-7-300x300.jpg 300w, https:\/\/poppik.com\/wp-content\/uploads\/2020\/07\/art-activite-artistique-enfant-poppik-puzzle-stickers-7-150x150.jpg 150w, https:\/\/poppik.com\/wp-content\/uploads\/2020\/07\/art-activite-artistique-enfant-poppik-puzzle-stickers-7-768x768.jpg 768w, https:\/\/poppik.com\/wp-content\/uploads\/2020\/07\/art-activite-artistique-enfant-poppik-puzzle-stickers-7-100x100.jpg 100w, https:\/\/poppik.com\/wp-content\/uploads\/2020\/07\/art-activite-artistique-enfant-poppik-puzzle-stickers-7-600x600.jpg 600w, https:\/\/poppik.com\/wp-content\/uploads\/2020\/07\/art-activite-artistique-enfant-poppik-puzzle-stickers-7.jpg 800w\" sizes=\"(max-width: 300px) 100vw, 300px\" \/><\/a>\n\t\t\n\t\t\n\t\t\t<div class=\"buttons\">\n\t\t\t\t<a href=\"https:\/\/poppik.com\/en\/boutique\/mini-posters-stickers\/poster-520-stickers-art-modern\/\" data-quantity=\"1\" class=\"button product_type_simple sober-loop-atc-button\" data-product_id=\"3519\" data-product_sku=\"3760262410203\" aria-label=\"Read more about &ldquo;Creative poster + 520 stickers MODERN ART (3-7 years old)&rdquo;\" aria-describedby=\"\" rel=\"nofollow\"><svg viewBox=\"0 0 20 20\"><use xlink:href=\"#basket-addtocart\"><\/use><\/svg><span class=\"screen-reader-text\">Read more<\/span><\/a><a href=\"\/en\/wp-json\/wp\/v2\/pages\/2804?add_to_wishlist=3519\" data-product_id=\"3519\" data-product_type=\"simple\" class=\"button add-to-wishlist-button add-to-wishlist-3519 \" rel=\"nofollow\">\n\t\t\t<svg viewBox=\"0 0 20 20\" class=\"like\"><use xlink:href=\"#heart-wishlist-like\"><\/use><\/svg>\n\t\t\t<svg viewBox=\"0 0 20 20\" class=\"liked\"><use xlink:href=\"#heart-wishlist-liked\"><\/use><\/svg>\n\t\t\t<span class=\"indent-text\">Add to wishlist<\/span>\n\t\t<\/a>\t\t\t<\/div>\n\n\t\t\n\t\t<\/div>\n\t\t<h3 class=\"woocommerce-loop-product__title\"><a href=\"https:\/\/poppik.com\/en\/boutique\/mini-posters-stickers\/poster-520-stickers-art-modern\/\">Creative poster + 520 stickers MODERN ART (3-7 years old)<\/a><\/h3>\n\n\t\t <div class=\"star-rating-container\">\n                <div class=\"star-rating\">\n                     <span style=\"width:100%\">\n                    <strong itemprop=\"ratingValue\" class=\"rating\">5.00<\/strong>\n                    <\/span>\n                <\/div>\n                <div>0<\/div>\n           <\/div>\n        \n\n\t\n\t\t<span class=\"price\"><span class=\"woocommerce-Price-amount amount\"><span class=\"woocommerce-Price-currencySymbol\">&euro;<\/span>13,90<\/span><\/span>\n\n\t\n<span data-content_category=\"Mini posters &amp; Stickers\"><\/span><\/li>\n<\/ul>\n<\/div>[\/vc_column][\/vc_row]<\/p>\n","protected":false},"excerpt":{"rendered":"<p>[vc_row][vc_column][vc_custom_heading text=&#8221;L&#8217;univers de Sophie Ledesma&#8221; use_theme_fonts=&#8221;yes&#8221; css=&#8221;.vc_custom_1603533602728{margin-bottom: 20px !important;}&#8221;][\/vc_column][\/vc_row][vc_row css=&#8221;.vc_custom_1594902244110{margin-bottom: 10px !important;}&#8221;][vc_column][vc_column_text] Dipl\u00f4m\u00e9e de l\u2019ESAG Penninghen, Sophie Ledesma travaille comme illustratrice pour la presse, la publicit\u00e9 et l\u2019\u00e9dition. Elle con\u00e7oit&hellip;<\/p>\n","protected":false},"author":1,"featured_media":1648,"parent":0,"menu_order":0,"comment_status":"closed","ping_status":"closed","template":"","meta":{"footnotes":""},"jetpack_sharing_enabled":true,"_links":{"self":[{"href":"https:\/\/poppik.com\/en\/wp-json\/wp\/v2\/pages\/2804"}],"collection":[{"href":"https:\/\/poppik.com\/en\/wp-json\/wp\/v2\/pages"}],"about":[{"href":"https:\/\/poppik.com\/en\/wp-json\/wp\/v2\/types\/page"}],"author":[{"embeddable":true,"href":"https:\/\/poppik.com\/en\/wp-json\/wp\/v2\/users\/1"}],"replies":[{"embeddable":true,"href":"https:\/\/poppik.com\/en\/wp-json\/wp\/v2\/comments?post=2804"}],"version-history":[{"count":11,"href":"https:\/\/poppik.com\/en\/wp-json\/wp\/v2\/pages\/2804\/revisions"}],"predecessor-version":[{"id":12893,"href":"https:\/\/poppik.com\/en\/wp-json\/wp\/v2\/pages\/2804\/revisions\/12893"}],"wp:featuredmedia":[{"embeddable":true,"href":"https:\/\/poppik.com\/en\/wp-json\/wp\/v2\/media\/1648"}],"wp:attachment":[{"href":"https:\/\/poppik.com\/en\/wp-json\/wp\/v2\/media?parent=2804"}],"curies":[{"name":"wp","href":"https:\/\/api.w.org\/{rel}","templated":true}]}}