{"id":2802,"date":"2020-07-16T12:55:38","date_gmt":"2020-07-16T10:55:38","guid":{"rendered":"https:\/\/poppik-dev.logiq-digital.com\/nous-connaitre-stickers\/illustration-jeunesse-art\/sarah-andreacchio\/"},"modified":"2022-06-24T18:27:12","modified_gmt":"2022-06-24T16:27:12","slug":"sarah-andreacchio","status":"publish","type":"page","link":"https:\/\/poppik.com\/en\/sarah-andreacchio\/","title":{"rendered":"Sarah Andreacchio"},"content":{"rendered":"<p>[vc_row][vc_column][vc_custom_heading text=&#8221;L&#8217;univers de Sarah Andreacchio&#8221; use_theme_fonts=&#8221;yes&#8221; css=&#8221;.vc_custom_1603533325276{margin-bottom: 20px !important;}&#8221;][vc_column_text]<a href=\"https:\/\/poppik.com\/boutique\/posters-stickers\/activite-stickers-stars\/\">Sarah<\/a> est illustratrice et vit en France (Normandie). Elle est passionn\u00e9e par les illustrations des ann\u00e9es 60 et 70, mais aussi par les chats et les fleurs. V\u00e9ritable touche \u00e0 tout, elle pratique aussi la photographie, la c\u00e9ramique et des techniques graphiques tr\u00e8s vari\u00e9es.[\/vc_column_text][\/vc_column][\/vc_row][vc_row css=&#8221;.vc_custom_1594900118045{margin-bottom: 20px !important;}&#8221;][vc_column width=&#8221;1\/3&#8243; css=&#8221;.vc_custom_1594899565153{margin-top: 15px !important;margin-bottom: 15px !important;}&#8221;][vc_single_image image=&#8221;2223&#8243; img_size=&#8221;large&#8221;][\/vc_column][vc_column width=&#8221;1\/3&#8243; css=&#8221;.vc_custom_1594899573179{margin-top: 15px !important;margin-bottom: 15px !important;}&#8221;][vc_single_image image=&#8221;2220&#8243; img_size=&#8221;large&#8221;][\/vc_column][vc_column width=&#8221;1\/3&#8243; css=&#8221;.vc_custom_1594899577870{margin-top: 15px !important;margin-bottom: 15px !important;}&#8221;][vc_single_image image=&#8221;2214&#8243; img_size=&#8221;large&#8221;][\/vc_column][\/vc_row][vc_row][vc_column][vc_column_text]<a href=\"https:\/\/www.sarahandreacchio.com\/\" rel=\"hlid[=]2048[&amp;]href[=]https:\/\/www.sarahandreacchio.com noopener\" target=\"_blank\">En savoir plus sur\u00a0Sarah Andreacchio<\/a>[\/vc_column_text][\/vc_column][\/vc_row][vc_row][vc_column]<div class=\"woocommerce columns-4 \"><ul class=\"products columns-4\">\n<li class=\"layout-style-2 col-md-4 col-sm-4 col-xs-6 col-lg-3 product-has-gallery product-style-default product type-product post-3527 status-publish first instock product_cat-posters-stickers-en product_tag-activity-stickers-en product_tag-childrens-activity-stickers product_tag-coloring-stickers product_tag-coloring-stickers-en product_tag-educational-stickers-en product_tag-manual-activity-6-years product_tag-manual-activity-7-years-old product_tag-manual-activity-child-en product_tag-manual-activity-stickers product_tag-montessori-activity product_tag-pedagogical-activity product_tag-pedagogical-poster product_tag-poster-stickers-en-3 product_tag-poster-stickers-en product_tag-star-stickers product_tag-unicorn-coloring product_tag-unicorn-stickers has-post-thumbnail taxable shipping-taxable purchasable product-type-simple\">\n\t<div class=\"product-header\"><a href=\"https:\/\/poppik.com\/en\/boutique\/posters-stickers\/poster-activity-stickers-constellation\/\" class=\"woocommerce-LoopProduct-link woocommerce-loop-product__link\"><img loading=\"lazy\" decoding=\"async\" width=\"300\" height=\"300\" src=\"https:\/\/poppik.com\/wp-content\/uploads\/2020\/07\/puzzle-poppik-poster-stickers-jeu-educatif-geometrie-1-copie-300x300.jpg\" class=\"attachment-woocommerce_thumbnail size-woocommerce_thumbnail\" alt=\"Activit\u00e9 stickers\" srcset=\"https:\/\/poppik.com\/wp-content\/uploads\/2020\/07\/puzzle-poppik-poster-stickers-jeu-educatif-geometrie-1-copie-300x300.jpg 300w, https:\/\/poppik.com\/wp-content\/uploads\/2020\/07\/puzzle-poppik-poster-stickers-jeu-educatif-geometrie-1-copie-150x150.jpg 150w, https:\/\/poppik.com\/wp-content\/uploads\/2020\/07\/puzzle-poppik-poster-stickers-jeu-educatif-geometrie-1-copie-768x768.jpg 768w, https:\/\/poppik.com\/wp-content\/uploads\/2020\/07\/puzzle-poppik-poster-stickers-jeu-educatif-geometrie-1-copie-100x100.jpg 100w, https:\/\/poppik.com\/wp-content\/uploads\/2020\/07\/puzzle-poppik-poster-stickers-jeu-educatif-geometrie-1-copie-600x600.jpg 600w, https:\/\/poppik.com\/wp-content\/uploads\/2020\/07\/puzzle-poppik-poster-stickers-jeu-educatif-geometrie-1-copie.jpg 800w\" sizes=\"(max-width: 300px) 100vw, 300px\" \/><img loading=\"lazy\" decoding=\"async\" width=\"300\" height=\"300\" src=\"https:\/\/poppik.com\/wp-content\/uploads\/2020\/07\/puzzle-poppik-poster-stickers-jeu-educatif-geometrie-3-300x300.jpg\" class=\"attachment-shop_catalog size-shop_catalog product-hover-image\" alt=\"\" srcset=\"https:\/\/poppik.com\/wp-content\/uploads\/2020\/07\/puzzle-poppik-poster-stickers-jeu-educatif-geometrie-3-300x300.jpg 300w, https:\/\/poppik.com\/wp-content\/uploads\/2020\/07\/puzzle-poppik-poster-stickers-jeu-educatif-geometrie-3-150x150.jpg 150w, https:\/\/poppik.com\/wp-content\/uploads\/2020\/07\/puzzle-poppik-poster-stickers-jeu-educatif-geometrie-3-768x768.jpg 768w, https:\/\/poppik.com\/wp-content\/uploads\/2020\/07\/puzzle-poppik-poster-stickers-jeu-educatif-geometrie-3-100x100.jpg 100w, https:\/\/poppik.com\/wp-content\/uploads\/2020\/07\/puzzle-poppik-poster-stickers-jeu-educatif-geometrie-3-600x600.jpg 600w, https:\/\/poppik.com\/wp-content\/uploads\/2020\/07\/puzzle-poppik-poster-stickers-jeu-educatif-geometrie-3.jpg 800w\" sizes=\"(max-width: 300px) 100vw, 300px\" \/><\/a>\n\t\t\n\t\t\n\t\t\t<div class=\"buttons\">\n\t\t\t\t<a href=\"?add-to-cart=3527\" data-quantity=\"1\" class=\"button product_type_simple add_to_cart_button ajax_add_to_cart sober-loop-atc-button\" data-product_id=\"3527\" data-product_sku=\"3760262410104\" aria-label=\"Add to cart: &ldquo;Huge poster + 1000 stickers CONSTELLATION (6-12 years old)&rdquo;\" aria-describedby=\"\" rel=\"nofollow\"><svg viewBox=\"0 0 20 20\"><use xlink:href=\"#basket-addtocart\"><\/use><\/svg><span class=\"screen-reader-text\">Add to cart<\/span><\/a><a href=\"\/en\/wp-json\/wp\/v2\/pages\/2802?add_to_wishlist=3527\" data-product_id=\"3527\" data-product_type=\"simple\" class=\"button add-to-wishlist-button add-to-wishlist-3527 \" rel=\"nofollow\">\n\t\t\t<svg viewBox=\"0 0 20 20\" class=\"like\"><use xlink:href=\"#heart-wishlist-like\"><\/use><\/svg>\n\t\t\t<svg viewBox=\"0 0 20 20\" class=\"liked\"><use xlink:href=\"#heart-wishlist-liked\"><\/use><\/svg>\n\t\t\t<span class=\"indent-text\">Add to wishlist<\/span>\n\t\t<\/a>\t\t\t<\/div>\n\n\t\t\n\t\t<\/div>\n\t\t<h3 class=\"woocommerce-loop-product__title\"><a href=\"https:\/\/poppik.com\/en\/boutique\/posters-stickers\/poster-activity-stickers-constellation\/\">Huge poster + 1000 stickers CONSTELLATION (6-12 years old)<\/a><\/h3>\n\n\t\t <div class=\"star-rating-container\">\n                <div class=\"star-rating\">\n                     <span style=\"width:93.4%\">\n                    <strong itemprop=\"ratingValue\" class=\"rating\">4.67<\/strong>\n                    <\/span>\n                <\/div>\n                <div>0<\/div>\n           <\/div>\n        \n\n\t\n\t\t<span class=\"price\"><span class=\"woocommerce-Price-amount amount\"><span class=\"woocommerce-Price-currencySymbol\">&euro;<\/span>16,90<\/span><\/span>\n\n\t\n<span data-content_category=\"Posters &amp; stickers\"><\/span><\/li>\n<\/ul>\n<\/div>[\/vc_column][\/vc_row]<\/p>\n","protected":false},"excerpt":{"rendered":"<p>[vc_row][vc_column][vc_custom_heading text=&#8221;L&#8217;univers de Sarah Andreacchio&#8221; use_theme_fonts=&#8221;yes&#8221; css=&#8221;.vc_custom_1603533325276{margin-bottom: 20px !important;}&#8221;][vc_column_text]Sarah est illustratrice et vit en France (Normandie). Elle est passionn\u00e9e par les illustrations des ann\u00e9es 60 et 70, mais aussi par&hellip;<\/p>\n","protected":false},"author":1,"featured_media":1644,"parent":0,"menu_order":0,"comment_status":"closed","ping_status":"closed","template":"","meta":{"footnotes":""},"jetpack_sharing_enabled":true,"_links":{"self":[{"href":"https:\/\/poppik.com\/en\/wp-json\/wp\/v2\/pages\/2802"}],"collection":[{"href":"https:\/\/poppik.com\/en\/wp-json\/wp\/v2\/pages"}],"about":[{"href":"https:\/\/poppik.com\/en\/wp-json\/wp\/v2\/types\/page"}],"author":[{"embeddable":true,"href":"https:\/\/poppik.com\/en\/wp-json\/wp\/v2\/users\/1"}],"replies":[{"embeddable":true,"href":"https:\/\/poppik.com\/en\/wp-json\/wp\/v2\/comments?post=2802"}],"version-history":[{"count":11,"href":"https:\/\/poppik.com\/en\/wp-json\/wp\/v2\/pages\/2802\/revisions"}],"predecessor-version":[{"id":12890,"href":"https:\/\/poppik.com\/en\/wp-json\/wp\/v2\/pages\/2802\/revisions\/12890"}],"wp:featuredmedia":[{"embeddable":true,"href":"https:\/\/poppik.com\/en\/wp-json\/wp\/v2\/media\/1644"}],"wp:attachment":[{"href":"https:\/\/poppik.com\/en\/wp-json\/wp\/v2\/media?parent=2802"}],"curies":[{"name":"wp","href":"https:\/\/api.w.org\/{rel}","templated":true}]}}