{"id":2800,"date":"2020-07-16T16:16:09","date_gmt":"2020-07-16T14:16:09","guid":{"rendered":"https:\/\/poppik-dev.logiq-digital.com\/nous-connaitre-stickers\/illustration-jeunesse-art\/philip-giordano-2\/"},"modified":"2022-06-24T18:26:04","modified_gmt":"2022-06-24T16:26:04","slug":"philip-giordano","status":"publish","type":"page","link":"https:\/\/poppik.com\/en\/philip-giordano\/","title":{"rendered":"Philip Giordano"},"content":{"rendered":"<p>[vc_row][vc_column][vc_custom_heading text=&#8221;L&#8217;univers de Philip Giordano&#8221; use_theme_fonts=&#8221;yes&#8221; css=&#8221;.vc_custom_1603530546936{margin-bottom: 20px !important;}&#8221;][\/vc_column][\/vc_row][vc_row css=&#8221;.vc_custom_1594902244110{margin-bottom: 10px !important;}&#8221;][vc_column][vc_column_text]<\/p>\n<div class=\"ox-text ox-margin-bottom-medium\">Philip Giordano est n\u00e9 dans une petite ville c\u00f4ti\u00e8re de Ligurie en Italie, d&#8217;une m\u00e8re philippine et d&#8217;un p\u00e8re suisse. C&#8217;est un globe-trotter infatigable qui vit et travaille d\u00e9sormais \u00e0 Tokyo. Il illustre des livres, cr\u00e9e des jouets et des animations pour enfants. Les formes simples et color\u00e9es de ses illustrations, ses paysages graphiques et ses personnages embl\u00e9matiques rendent son style imm\u00e9diatement reconnaissable.<\/div>\n<p>[\/vc_column_text][\/vc_column][\/vc_row][vc_row css=&#8221;.vc_custom_1594900940369{margin-bottom: 25px !important;}&#8221;][vc_column width=&#8221;1\/3&#8243; css=&#8221;.vc_custom_1594195570749{margin-top: 15px !important;margin-bottom: 15px !important;}&#8221;][vc_single_image image=&#8221;1821&#8243; img_size=&#8221;large&#8221; alignment=&#8221;center&#8221;][\/vc_column][vc_column width=&#8221;1\/3&#8243; css=&#8221;.vc_custom_1594195575582{margin-top: 15px !important;margin-bottom: 15px !important;}&#8221;][vc_single_image image=&#8221;2135&#8243; img_size=&#8221;large&#8221; alignment=&#8221;center&#8221;][\/vc_column][vc_column width=&#8221;1\/3&#8243; css=&#8221;.vc_custom_1594195580326{margin-top: 15px !important;margin-bottom: 15px !important;}&#8221;][vc_single_image image=&#8221;2134&#8243; img_size=&#8221;large&#8221; alignment=&#8221;center&#8221;][\/vc_column][\/vc_row][vc_row][vc_column][vc_column_text]<\/p>\n<div class=\"ox-text ox-margin-bottom-medium\">\n<div class=\"ox-text ox-margin-bottom-medium\">\n<p>Pour\u00a0Poppik, Philip s&#8217;est amus\u00e9 \u00e0 jouer avec les formes g\u00e9om\u00e9triques pour cr\u00e9er un <a href=\"https:\/\/poppik.com\/boutique\/posters-stickers\/apprendre-les-lettres-sticker\/\">grand alphabet des animaux<\/a>. Une fois accroch\u00e9 au mur, ce panorama aux couleurs franches ne passera pas inaper\u00e7u !<\/p>\n<p><a href=\"https:\/\/www.behance.net\/PhilipGiordano\" rel=\"hlid[=]2048[&amp;]href[=]https:\/\/www.behance.net\/PhilipGiordano noopener\" target=\"_blank\">En savoir plus sur Philip Giordano<\/a><\/p>\n<\/div>\n<\/div>\n<p>[\/vc_column_text][\/vc_column][\/vc_row][vc_row][vc_column]<div class=\"woocommerce \"><\/div>[\/vc_column][\/vc_row]<\/p>\n","protected":false},"excerpt":{"rendered":"<p>[vc_row][vc_column][vc_custom_heading text=&#8221;L&#8217;univers de Philip Giordano&#8221; use_theme_fonts=&#8221;yes&#8221; css=&#8221;.vc_custom_1603530546936{margin-bottom: 20px !important;}&#8221;][\/vc_column][\/vc_row][vc_row css=&#8221;.vc_custom_1594902244110{margin-bottom: 10px !important;}&#8221;][vc_column][vc_column_text] Philip Giordano est n\u00e9 dans une petite ville c\u00f4ti\u00e8re de Ligurie en Italie, d&#8217;une m\u00e8re philippine et d&#8217;un&hellip;<\/p>\n","protected":false},"author":1,"featured_media":3451,"parent":0,"menu_order":0,"comment_status":"closed","ping_status":"closed","template":"","meta":{"footnotes":""},"jetpack_sharing_enabled":true,"_links":{"self":[{"href":"https:\/\/poppik.com\/en\/wp-json\/wp\/v2\/pages\/2800"}],"collection":[{"href":"https:\/\/poppik.com\/en\/wp-json\/wp\/v2\/pages"}],"about":[{"href":"https:\/\/poppik.com\/en\/wp-json\/wp\/v2\/types\/page"}],"author":[{"embeddable":true,"href":"https:\/\/poppik.com\/en\/wp-json\/wp\/v2\/users\/1"}],"replies":[{"embeddable":true,"href":"https:\/\/poppik.com\/en\/wp-json\/wp\/v2\/comments?post=2800"}],"version-history":[{"count":11,"href":"https:\/\/poppik.com\/en\/wp-json\/wp\/v2\/pages\/2800\/revisions"}],"predecessor-version":[{"id":12887,"href":"https:\/\/poppik.com\/en\/wp-json\/wp\/v2\/pages\/2800\/revisions\/12887"}],"wp:featuredmedia":[{"embeddable":true,"href":"https:\/\/poppik.com\/en\/wp-json\/wp\/v2\/media\/3451"}],"wp:attachment":[{"href":"https:\/\/poppik.com\/en\/wp-json\/wp\/v2\/media?parent=2800"}],"curies":[{"name":"wp","href":"https:\/\/api.w.org\/{rel}","templated":true}]}}