{"id":2798,"date":"2020-07-16T15:40:42","date_gmt":"2020-07-16T13:40:42","guid":{"rendered":"https:\/\/poppik-dev.logiq-digital.com\/nous-connaitre-stickers\/illustration-jeunesse-art\/owen-davey-2\/"},"modified":"2022-06-24T18:24:28","modified_gmt":"2022-06-24T16:24:28","slug":"owen-davey-2","status":"publish","type":"page","link":"https:\/\/poppik.com\/en\/owen-davey-2\/","title":{"rendered":"Owen Davey"},"content":{"rendered":"<p>[vc_row][vc_column][vc_custom_heading text=&#8221;L&#8217;univers d&#8217;Owen Davey&#8221; use_theme_fonts=&#8221;yes&#8221; css=&#8221;.vc_custom_1603533126675{margin-bottom: 20px !important;}&#8221;][\/vc_column][\/vc_row][vc_row css=&#8221;.vc_custom_1594902244110{margin-bottom: 10px !important;}&#8221;][vc_column][vc_column_text]<\/p>\n<div class=\"ox-text ox-margin-bottom-medium\">\n<div class=\"ox-text ox-margin-bottom-medium\">\n<p>Owen Davey est un\u00a0artiste anglais de renomm\u00e9e internationale. Il a travaill\u00e9 pour Sony, Lego, National Geographic. Il a \u00e9galement publi\u00e9 de tr\u00e8s nombreux livres et albums, sur tous les continents sauf en Antarctique. Il s&#8217;int\u00e9resse de pr\u00e8s au monde animal, des dinosaures jusqu&#8217;aux singes, en passant par les col\u00e9opt\u00e8res et autres papillons.\u00a0Ses images stylis\u00e9es, tr\u00e8s d\u00e9taill\u00e9es, sont une invitation \u00e0 l&#8217;observation fine de la nature. D&#8217;apparence simple, chaque image est en r\u00e9alit\u00e9 travaill\u00e9e avec beaucoup de d\u00e9tails, de textures d&#8217;\u00e9l\u00e9ments g\u00e9om\u00e9triques,\u00a0de fa\u00e7on \u00e0 mettre en valeur la complexit\u00e9 de chaque \u00e9l\u00e9ment.<\/p>\n<p>Quand on lui demande de d\u00e9crire son travail en 5 mots, il cite : &#8220;Stylis\u00e9. Amical. R\u00e9tro. Color\u00e9. Narratif.&#8221;<\/p>\n<\/div>\n<\/div>\n<p>[\/vc_column_text][\/vc_column][\/vc_row][vc_row css=&#8221;.vc_custom_1594900940369{margin-bottom: 25px !important;}&#8221;][vc_column width=&#8221;1\/3&#8243; css=&#8221;.vc_custom_1594195570749{margin-top: 15px !important;margin-bottom: 15px !important;}&#8221;][vc_single_image image=&#8221;2510&#8243; img_size=&#8221;large&#8221; alignment=&#8221;center&#8221;][\/vc_column][vc_column width=&#8221;1\/3&#8243; css=&#8221;.vc_custom_1594195575582{margin-top: 15px !important;margin-bottom: 15px !important;}&#8221;][vc_single_image image=&#8221;2114&#8243; img_size=&#8221;large&#8221; alignment=&#8221;center&#8221;][\/vc_column][vc_column width=&#8221;1\/3&#8243; css=&#8221;.vc_custom_1594195580326{margin-top: 15px !important;margin-bottom: 15px !important;}&#8221;][vc_single_image image=&#8221;2514&#8243; img_size=&#8221;large&#8221; alignment=&#8221;center&#8221;][\/vc_column][\/vc_row][vc_row][vc_column][vc_column_text]<\/p>\n<div class=\"ox-text ox-margin-bottom-medium\">\n<div class=\"ox-text ox-margin-bottom-medium\">\n<p>Pour\u00a0Poppik, Owen a choisi de\u00a0revisiter \u00e0 sa mani\u00e8re les anciennes<a href=\"https:\/\/poppik.com\/boutique\/posters-stickers\/poster-insectes-pour-enfants\/\"> planches naturalistes<\/a> des si\u00e8cles pass\u00e9s.\u00a0Une mani\u00e8re originale de sensibiliser les enfants \u00e0 la beaut\u00e9 et la perfection du monde animal.<\/p>\n<p><a href=\"https:\/\/www.owendavey.com\/\" rel=\"hlid[=]2048[&amp;]href[=]https:\/\/www.owendavey.com\/ noopener\" target=\"_blank\">En savoir plus sur\u00a0Owen Davey<\/a><\/p>\n<\/div>\n<\/div>\n<p>[\/vc_column_text][\/vc_column][\/vc_row][vc_row][vc_column]<div class=\"woocommerce columns-4 \"><ul class=\"products columns-4\">\n<li class=\"layout-style-2 col-md-4 col-sm-4 col-xs-6 col-lg-3 product-has-gallery product-style-default product type-product post-3115 status-publish first instock product_cat-poster-discovery-6-12 product_cat-posters-stickers-en product_tag-animal-poster product_tag-animal-poster-en product_tag-childrens-decorative-poster-en product_tag-educational-poster product_tag-educational-poster-insects product_tag-educational-sticker product_tag-illustrated-poster-insects product_tag-nice-poster-for-children product_tag-pedagogical-activity product_tag-pedagogical-poster product_tag-poster-child-bedroom product_tag-poster-owen-davey-en product_tag-poster-poppik-en product_tag-poster-stickers-en-2 product_tag-poster-stickers-en has-post-thumbnail taxable shipping-taxable purchasable product-type-simple\">\n\t<div class=\"product-header\"><a href=\"https:\/\/poppik.com\/en\/boutique\/posters-stickers\/poster-geant-44-insect-stickers-6-12-years-old\/\" class=\"woocommerce-LoopProduct-link woocommerce-loop-product__link\"><img loading=\"lazy\" decoding=\"async\" width=\"300\" height=\"300\" src=\"https:\/\/poppik.com\/wp-content\/uploads\/2020\/07\/poppik-insectes-owen-davey-sticker-poster-wall-decor-1-300x300.jpg\" class=\"attachment-woocommerce_thumbnail size-woocommerce_thumbnail\" alt=\"poster insectes\" srcset=\"https:\/\/poppik.com\/wp-content\/uploads\/2020\/07\/poppik-insectes-owen-davey-sticker-poster-wall-decor-1-300x300.jpg 300w, https:\/\/poppik.com\/wp-content\/uploads\/2020\/07\/poppik-insectes-owen-davey-sticker-poster-wall-decor-1-150x150.jpg 150w, https:\/\/poppik.com\/wp-content\/uploads\/2020\/07\/poppik-insectes-owen-davey-sticker-poster-wall-decor-1-768x768.jpg 768w, https:\/\/poppik.com\/wp-content\/uploads\/2020\/07\/poppik-insectes-owen-davey-sticker-poster-wall-decor-1-100x100.jpg 100w, https:\/\/poppik.com\/wp-content\/uploads\/2020\/07\/poppik-insectes-owen-davey-sticker-poster-wall-decor-1-600x600.jpg 600w, https:\/\/poppik.com\/wp-content\/uploads\/2020\/07\/poppik-insectes-owen-davey-sticker-poster-wall-decor-1.jpg 800w\" sizes=\"(max-width: 300px) 100vw, 300px\" \/><img loading=\"lazy\" decoding=\"async\" width=\"300\" height=\"300\" src=\"https:\/\/poppik.com\/wp-content\/uploads\/2020\/07\/Jeu-educatif-Poppik-Puzzle-Stickers-Autocollants-affiche-insectes-2-300x300.jpg\" class=\"attachment-shop_catalog size-shop_catalog product-hover-image\" alt=\"educational poster insects\" srcset=\"https:\/\/poppik.com\/wp-content\/uploads\/2020\/07\/Jeu-educatif-Poppik-Puzzle-Stickers-Autocollants-affiche-insectes-2-300x300.jpg 300w, https:\/\/poppik.com\/wp-content\/uploads\/2020\/07\/Jeu-educatif-Poppik-Puzzle-Stickers-Autocollants-affiche-insectes-2-150x150.jpg 150w, https:\/\/poppik.com\/wp-content\/uploads\/2020\/07\/Jeu-educatif-Poppik-Puzzle-Stickers-Autocollants-affiche-insectes-2-768x768.jpg 768w, https:\/\/poppik.com\/wp-content\/uploads\/2020\/07\/Jeu-educatif-Poppik-Puzzle-Stickers-Autocollants-affiche-insectes-2-100x100.jpg 100w, https:\/\/poppik.com\/wp-content\/uploads\/2020\/07\/Jeu-educatif-Poppik-Puzzle-Stickers-Autocollants-affiche-insectes-2-600x600.jpg 600w, https:\/\/poppik.com\/wp-content\/uploads\/2020\/07\/Jeu-educatif-Poppik-Puzzle-Stickers-Autocollants-affiche-insectes-2.jpg 800w\" sizes=\"(max-width: 300px) 100vw, 300px\" \/><\/a>\n\t\t\n\t\t\n\t\t\t<div class=\"buttons\">\n\t\t\t\t<a href=\"?add-to-cart=3115\" data-quantity=\"1\" class=\"button product_type_simple add_to_cart_button ajax_add_to_cart sober-loop-atc-button\" data-product_id=\"3115\" data-product_sku=\"3760262412252US\" aria-label=\"Add to cart: &ldquo;Educational Poster + 44 INSECT stickers (6-12 years)&rdquo;\" aria-describedby=\"\" rel=\"nofollow\"><svg viewBox=\"0 0 20 20\"><use xlink:href=\"#basket-addtocart\"><\/use><\/svg><span class=\"screen-reader-text\">Add to cart<\/span><\/a><a href=\"\/en\/wp-json\/wp\/v2\/pages\/2798?add_to_wishlist=3115\" data-product_id=\"3115\" data-product_type=\"simple\" class=\"button add-to-wishlist-button add-to-wishlist-3115 \" rel=\"nofollow\">\n\t\t\t<svg viewBox=\"0 0 20 20\" class=\"like\"><use xlink:href=\"#heart-wishlist-like\"><\/use><\/svg>\n\t\t\t<svg viewBox=\"0 0 20 20\" class=\"liked\"><use xlink:href=\"#heart-wishlist-liked\"><\/use><\/svg>\n\t\t\t<span class=\"indent-text\">Add to wishlist<\/span>\n\t\t<\/a>\t\t\t<\/div>\n\n\t\t\n\t\t<\/div>\n\t\t<h3 class=\"woocommerce-loop-product__title\"><a href=\"https:\/\/poppik.com\/en\/boutique\/posters-stickers\/poster-geant-44-insect-stickers-6-12-years-old\/\"><span>Educational Poster + 44 INSECT<\/span> stickers (6-12 years)<\/a><\/h3>\n\n\t\t <div class=\"star-rating-container\">\n                <div class=\"star-rating\">\n                     <span style=\"width:96.4%\">\n                    <strong itemprop=\"ratingValue\" class=\"rating\">4.82<\/strong>\n                    <\/span>\n                <\/div>\n                <div>0<\/div>\n           <\/div>\n        \n\n\t\n\t\t<span class=\"price\"><span class=\"woocommerce-Price-amount amount\"><span class=\"woocommerce-Price-currencySymbol\">&euro;<\/span>16,90<\/span><\/span>\n\n\t\n<span data-content_category=\"Posters &amp; stickers\"><\/span><\/li>\n<li class=\"layout-style-2 col-md-4 col-sm-4 col-xs-6 col-lg-3 product-has-gallery product-style-default product type-product post-3105 status-publish outofstock product_cat-puzzles product_tag-adult-puzzles product_tag-animal-puzzle product_tag-art-puzzle product_tag-child-puzzle product_tag-difficult-puzzle product_tag-educational-puzzle product_tag-gift-puzzle product_tag-illustrated-puzzle product_tag-insect-game product_tag-pedagogical-activity product_tag-pedagogical-poster product_tag-puzzle-500-pieces-en product_tag-puzzle-insects product_tag-puzzle-owen-davey-en taxable shipping-taxable purchasable product-type-simple\">\n\t<div class=\"product-header\"><a href=\"https:\/\/poppik.com\/en\/boutique\/puzzles\/puzzle-500-pieces-educational\/\" class=\"woocommerce-LoopProduct-link woocommerce-loop-product__link\"><img loading=\"lazy\" decoding=\"async\" width=\"300\" height=\"300\" src=\"https:\/\/poppik.com\/wp-content\/uploads\/woocommerce-placeholder.png\" class=\"woocommerce-placeholder wp-post-image\" alt=\"Placeholder\" srcset=\"https:\/\/poppik.com\/wp-content\/uploads\/woocommerce-placeholder.png 1200w, https:\/\/poppik.com\/wp-content\/uploads\/woocommerce-placeholder-300x300.png 300w, https:\/\/poppik.com\/wp-content\/uploads\/woocommerce-placeholder-1024x1024.png 1024w, https:\/\/poppik.com\/wp-content\/uploads\/woocommerce-placeholder-150x150.png 150w, https:\/\/poppik.com\/wp-content\/uploads\/woocommerce-placeholder-768x768.png 768w, https:\/\/poppik.com\/wp-content\/uploads\/woocommerce-placeholder-100x100.png 100w\" sizes=\"(max-width: 300px) 100vw, 300px\" \/><img loading=\"lazy\" decoding=\"async\" width=\"300\" height=\"300\" src=\"https:\/\/poppik.com\/wp-content\/uploads\/2020\/07\/puzzle-500-pieces-insectes-owen-davey-educatif-poppik-2-300x300.jpg\" class=\"attachment-shop_catalog size-shop_catalog product-hover-image\" alt=\"puzzle 500 pieces\" srcset=\"https:\/\/poppik.com\/wp-content\/uploads\/2020\/07\/puzzle-500-pieces-insectes-owen-davey-educatif-poppik-2-300x300.jpg 300w, https:\/\/poppik.com\/wp-content\/uploads\/2020\/07\/puzzle-500-pieces-insectes-owen-davey-educatif-poppik-2-150x150.jpg 150w, https:\/\/poppik.com\/wp-content\/uploads\/2020\/07\/puzzle-500-pieces-insectes-owen-davey-educatif-poppik-2-768x767.jpg 768w, https:\/\/poppik.com\/wp-content\/uploads\/2020\/07\/puzzle-500-pieces-insectes-owen-davey-educatif-poppik-2-100x100.jpg 100w, https:\/\/poppik.com\/wp-content\/uploads\/2020\/07\/puzzle-500-pieces-insectes-owen-davey-educatif-poppik-2-600x599.jpg 600w, https:\/\/poppik.com\/wp-content\/uploads\/2020\/07\/puzzle-500-pieces-insectes-owen-davey-educatif-poppik-2.jpg 800w\" sizes=\"(max-width: 300px) 100vw, 300px\" \/><span class=\"ribbons\"><span class=\"newness ribbon\">Out of stock<\/span><\/span><\/a>\n\t\t\n\t\t\n\t\t\t<div class=\"buttons\">\n\t\t\t\t<a href=\"https:\/\/poppik.com\/en\/boutique\/puzzles\/puzzle-500-pieces-educational\/\" data-quantity=\"1\" class=\"button product_type_simple sober-loop-atc-button\" data-product_id=\"3105\" data-product_sku=\"3760262411163\" aria-label=\"Read more about &ldquo;Educational puzzle 500 piecesINSECTS&rdquo;\" aria-describedby=\"\" rel=\"nofollow\"><svg viewBox=\"0 0 20 20\"><use xlink:href=\"#basket-addtocart\"><\/use><\/svg><span class=\"screen-reader-text\">Read more<\/span><\/a><a href=\"\/en\/wp-json\/wp\/v2\/pages\/2798?add_to_wishlist=3105\" data-product_id=\"3105\" data-product_type=\"simple\" class=\"button add-to-wishlist-button add-to-wishlist-3105 \" rel=\"nofollow\">\n\t\t\t<svg viewBox=\"0 0 20 20\" class=\"like\"><use xlink:href=\"#heart-wishlist-like\"><\/use><\/svg>\n\t\t\t<svg viewBox=\"0 0 20 20\" class=\"liked\"><use xlink:href=\"#heart-wishlist-liked\"><\/use><\/svg>\n\t\t\t<span class=\"indent-text\">Add to wishlist<\/span>\n\t\t<\/a>\t\t\t<\/div>\n\n\t\t\n\t\t<\/div>\n\t\t<h3 class=\"woocommerce-loop-product__title\"><a href=\"https:\/\/poppik.com\/en\/boutique\/puzzles\/puzzle-500-pieces-educational\/\">Educational puzzle 500 piecesINSECTS<\/a><\/h3>\n\n\t\t <div class=\"star-rating-container\">\n                <div class=\"star-rating\">\n                     <span style=\"width:100%\">\n                    <strong itemprop=\"ratingValue\" class=\"rating\">5.00<\/strong>\n                    <\/span>\n                <\/div>\n                <div>0<\/div>\n           <\/div>\n        \n\n\t\n\t\t<span class=\"price\"><span class=\"woocommerce-Price-amount amount\"><span class=\"woocommerce-Price-currencySymbol\">&euro;<\/span>19,90<\/span><\/span>\n\n\t\n<span data-content_category=\"Puzzles\"><\/span><\/li>\n<\/ul>\n<\/div>[\/vc_column][\/vc_row]<\/p>\n","protected":false},"excerpt":{"rendered":"<p>[vc_row][vc_column][vc_custom_heading text=&#8221;L&#8217;univers d&#8217;Owen Davey&#8221; use_theme_fonts=&#8221;yes&#8221; css=&#8221;.vc_custom_1603533126675{margin-bottom: 20px !important;}&#8221;][\/vc_column][\/vc_row][vc_row css=&#8221;.vc_custom_1594902244110{margin-bottom: 10px !important;}&#8221;][vc_column][vc_column_text] Owen Davey est un\u00a0artiste anglais de renomm\u00e9e internationale. Il a travaill\u00e9 pour Sony, Lego, National Geographic. Il a \u00e9galement&hellip;<\/p>\n","protected":false},"author":1,"featured_media":1674,"parent":0,"menu_order":0,"comment_status":"closed","ping_status":"closed","template":"","meta":{"footnotes":""},"jetpack_sharing_enabled":true,"_links":{"self":[{"href":"https:\/\/poppik.com\/en\/wp-json\/wp\/v2\/pages\/2798"}],"collection":[{"href":"https:\/\/poppik.com\/en\/wp-json\/wp\/v2\/pages"}],"about":[{"href":"https:\/\/poppik.com\/en\/wp-json\/wp\/v2\/types\/page"}],"author":[{"embeddable":true,"href":"https:\/\/poppik.com\/en\/wp-json\/wp\/v2\/users\/1"}],"replies":[{"embeddable":true,"href":"https:\/\/poppik.com\/en\/wp-json\/wp\/v2\/comments?post=2798"}],"version-history":[{"count":9,"href":"https:\/\/poppik.com\/en\/wp-json\/wp\/v2\/pages\/2798\/revisions"}],"predecessor-version":[{"id":12885,"href":"https:\/\/poppik.com\/en\/wp-json\/wp\/v2\/pages\/2798\/revisions\/12885"}],"wp:featuredmedia":[{"embeddable":true,"href":"https:\/\/poppik.com\/en\/wp-json\/wp\/v2\/media\/1674"}],"wp:attachment":[{"href":"https:\/\/poppik.com\/en\/wp-json\/wp\/v2\/media?parent=2798"}],"curies":[{"name":"wp","href":"https:\/\/api.w.org\/{rel}","templated":true}]}}