{"id":2796,"date":"2020-07-16T16:32:35","date_gmt":"2020-07-16T14:32:35","guid":{"rendered":"https:\/\/poppik-dev.logiq-digital.com\/nous-connaitre-stickers\/illustration-jeunesse-art\/olivier-latyk\/"},"modified":"2022-08-30T10:46:25","modified_gmt":"2022-08-30T08:46:25","slug":"olivier-latyk","status":"publish","type":"page","link":"https:\/\/poppik.com\/en\/olivier-latyk\/","title":{"rendered":"Olivier Latyk"},"content":{"rendered":"<p>[vc_row][vc_column][vc_custom_heading text=&#8221;L&#8217;univers d&#8217;Olivier Latyk&#8221; use_theme_fonts=&#8221;yes&#8221; css=&#8221;.vc_custom_1603533014049{margin-bottom: 20px !important;}&#8221;][vc_column_text]Olivier Latyk est illustrateur, il vit dans le Sud de la France. <a href=\"https:\/\/poppik.com\/boutique\/posters-stickers\/poster-animaux-stickers\/\">Ses images<\/a> sont publi\u00e9es dans le domaine de l&#8217;\u00e9dition (livres, magazines), de la publicit\u00e9, et m\u00eame du packaging.[\/vc_column_text][\/vc_column][\/vc_row][vc_row css=&#8221;.vc_custom_1594900940369{margin-bottom: 25px !important;}&#8221;][vc_column width=&#8221;1\/3&#8243; css=&#8221;.vc_custom_1594195570749{margin-top: 15px !important;margin-bottom: 15px !important;}&#8221;][vc_single_image image=&#8221;2142&#8243; img_size=&#8221;large&#8221; alignment=&#8221;center&#8221;][\/vc_column][vc_column width=&#8221;1\/3&#8243; css=&#8221;.vc_custom_1594195575582{margin-top: 15px !important;margin-bottom: 15px !important;}&#8221;][vc_single_image image=&#8221;2471&#8243; img_size=&#8221;large&#8221; alignment=&#8221;center&#8221;][\/vc_column][vc_column width=&#8221;1\/3&#8243; css=&#8221;.vc_custom_1594195580326{margin-top: 15px !important;margin-bottom: 15px !important;}&#8221;][vc_single_image image=&#8221;2469&#8243; img_size=&#8221;large&#8221; alignment=&#8221;center&#8221;][\/vc_column][\/vc_row][vc_row][vc_column][vc_column_text]<\/p>\n<div class=\"ox-text ox-margin-bottom-medium\">\n<p><a href=\"https:\/\/www.olivierlatyk.com\/portfolio\/Olivier_latyk____illustrator.html\" rel=\"hlid[=]2048[&amp;]href[=]https:\/\/www.olivierlatyk.com\/portfolio\/Olivier_latyk____illustrator.html noopener\" target=\"_blank\">En savoir plus sur\u00a0Olivier Latyk<\/a><\/div>\n<p>[\/vc_column_text][\/vc_column][\/vc_row][vc_row][vc_column]<div class=\"woocommerce columns-4 \"><ul class=\"products columns-4\">\n<li class=\"layout-style-2 col-md-4 col-sm-4 col-xs-6 col-lg-3 product-has-gallery product-style-default product type-product post-3502 status-publish first instock product_cat-mini-posters-stickers product_cat-poster-discovery-6-12 product_cat-posters-stickers-en product_tag-activity-stickers-en product_tag-animal-poster-en product_tag-autocollants-animaux-en product_tag-carte-animaux-du-monde-en product_tag-carte-du-monde-illustree-en product_tag-child-poster product_tag-educational-poster-en-2 product_tag-educational-poster product_tag-educational-stickers-en-2 product_tag-meilleures-ventes-en product_tag-pedagogical-poster product_tag-poster-childs-room-en product_tag-poster-olivier-latyk-en product_tag-poster-stickers-en-2 product_tag-poster-stickers-en product_tag-stickers-animaux-en product_tag-stickers-educatifs-en has-post-thumbnail taxable shipping-taxable purchasable product-type-simple\">\n\t<div class=\"product-header\"><a href=\"https:\/\/poppik.com\/en\/boutique\/posters-stickers\/poster-educative-stickers-animals\/\" class=\"woocommerce-LoopProduct-link woocommerce-loop-product__link\"><img loading=\"lazy\" decoding=\"async\" width=\"300\" height=\"300\" src=\"https:\/\/poppik.com\/wp-content\/uploads\/2020\/07\/poppik-Animals-discovery-stickers-poster-affiche-jeu-educatif-0-copie-300x300.jpg\" class=\"attachment-woocommerce_thumbnail size-woocommerce_thumbnail\" alt=\"poster animaux\" srcset=\"https:\/\/poppik.com\/wp-content\/uploads\/2020\/07\/poppik-Animals-discovery-stickers-poster-affiche-jeu-educatif-0-copie-300x300.jpg 300w, https:\/\/poppik.com\/wp-content\/uploads\/2020\/07\/poppik-Animals-discovery-stickers-poster-affiche-jeu-educatif-0-copie-150x150.jpg 150w, https:\/\/poppik.com\/wp-content\/uploads\/2020\/07\/poppik-Animals-discovery-stickers-poster-affiche-jeu-educatif-0-copie-768x769.jpg 768w, https:\/\/poppik.com\/wp-content\/uploads\/2020\/07\/poppik-Animals-discovery-stickers-poster-affiche-jeu-educatif-0-copie-100x100.jpg 100w, https:\/\/poppik.com\/wp-content\/uploads\/2020\/07\/poppik-Animals-discovery-stickers-poster-affiche-jeu-educatif-0-copie-600x601.jpg 600w, https:\/\/poppik.com\/wp-content\/uploads\/2020\/07\/poppik-Animals-discovery-stickers-poster-affiche-jeu-educatif-0-copie.jpg 799w\" sizes=\"(max-width: 300px) 100vw, 300px\" \/><img loading=\"lazy\" decoding=\"async\" width=\"300\" height=\"300\" src=\"https:\/\/poppik.com\/wp-content\/uploads\/2020\/07\/Jeu-educatif-Poppik-Puzzle-Stickers-Autocollants-affiche-animaux-10-300x300.jpg\" class=\"attachment-shop_catalog size-shop_catalog product-hover-image\" alt=\"\" srcset=\"https:\/\/poppik.com\/wp-content\/uploads\/2020\/07\/Jeu-educatif-Poppik-Puzzle-Stickers-Autocollants-affiche-animaux-10-300x300.jpg 300w, https:\/\/poppik.com\/wp-content\/uploads\/2020\/07\/Jeu-educatif-Poppik-Puzzle-Stickers-Autocollants-affiche-animaux-10-150x150.jpg 150w, https:\/\/poppik.com\/wp-content\/uploads\/2020\/07\/Jeu-educatif-Poppik-Puzzle-Stickers-Autocollants-affiche-animaux-10-768x768.jpg 768w, https:\/\/poppik.com\/wp-content\/uploads\/2020\/07\/Jeu-educatif-Poppik-Puzzle-Stickers-Autocollants-affiche-animaux-10-100x100.jpg 100w, https:\/\/poppik.com\/wp-content\/uploads\/2020\/07\/Jeu-educatif-Poppik-Puzzle-Stickers-Autocollants-affiche-animaux-10-600x600.jpg 600w, https:\/\/poppik.com\/wp-content\/uploads\/2020\/07\/Jeu-educatif-Poppik-Puzzle-Stickers-Autocollants-affiche-animaux-10.jpg 800w\" sizes=\"(max-width: 300px) 100vw, 300px\" \/><\/a>\n\t\t\n\t\t\n\t\t\t<div class=\"buttons\">\n\t\t\t\t<a href=\"?add-to-cart=3502\" data-quantity=\"1\" class=\"button product_type_simple add_to_cart_button ajax_add_to_cart sober-loop-atc-button\" data-product_id=\"3502\" data-product_sku=\"3760262410517US\" aria-label=\"Add to cart: &ldquo;Educational poster + 67 stickers ANIMALS OF THE WORLD (5-12 years)&rdquo;\" aria-describedby=\"\" rel=\"nofollow\"><svg viewBox=\"0 0 20 20\"><use xlink:href=\"#basket-addtocart\"><\/use><\/svg><span class=\"screen-reader-text\">Add to cart<\/span><\/a><a href=\"\/en\/wp-json\/wp\/v2\/pages\/2796?add_to_wishlist=3502\" data-product_id=\"3502\" data-product_type=\"simple\" class=\"button add-to-wishlist-button add-to-wishlist-3502 \" rel=\"nofollow\">\n\t\t\t<svg viewBox=\"0 0 20 20\" class=\"like\"><use xlink:href=\"#heart-wishlist-like\"><\/use><\/svg>\n\t\t\t<svg viewBox=\"0 0 20 20\" class=\"liked\"><use xlink:href=\"#heart-wishlist-liked\"><\/use><\/svg>\n\t\t\t<span class=\"indent-text\">Add to wishlist<\/span>\n\t\t<\/a>\t\t\t<\/div>\n\n\t\t\n\t\t<\/div>\n\t\t<h3 class=\"woocommerce-loop-product__title\"><a href=\"https:\/\/poppik.com\/en\/boutique\/posters-stickers\/poster-educative-stickers-animals\/\"><span>Educational poster + 67 stickers<\/span> ANIMALS OF THE WORLD (5-12 years)<\/a><\/h3>\n\n\t\t <div class=\"star-rating-container\">\n                <div class=\"star-rating\">\n                     <span style=\"width:98.2%\">\n                    <strong itemprop=\"ratingValue\" class=\"rating\">4.91<\/strong>\n                    <\/span>\n                <\/div>\n                <div>0<\/div>\n           <\/div>\n        \n\n\t\n\t\t<span class=\"price\"><span class=\"woocommerce-Price-amount amount\"><span class=\"woocommerce-Price-currencySymbol\">&euro;<\/span>16,90<\/span><\/span>\n\n\t\n<span data-content_category=\"Posters &amp; stickers\"><\/span><\/li>\n<li class=\"layout-style-2 col-md-4 col-sm-4 col-xs-6 col-lg-3 product-has-gallery product-style-default product type-product post-3111 status-publish instock product_cat-poster-discovery-6-12 product_cat-posters-stickers-en product_tag-easy-timeline product_tag-famous-childrens-figures product_tag-histoire-ief-en product_tag-historical-frieze-for-children-en product_tag-historical-frieze-for-children product_tag-history-children-sixth product_tag-middle-school-history product_tag-pedagogical-activity product_tag-pedagogical-poster product_tag-poppik-en product_tag-poppik-historical-frieze product_tag-poppik-stickers-en product_tag-timeline product_tag-timeline-for-children taxable shipping-taxable purchasable product-type-simple\">\n\t<div class=\"product-header\"><a href=\"https:\/\/poppik.com\/en\/boutique\/posters-stickers-en\/panorama-66-stickers-frist-historical-world-8-years-and\/\" class=\"woocommerce-LoopProduct-link woocommerce-loop-product__link\"><img loading=\"lazy\" decoding=\"async\" width=\"300\" height=\"300\" src=\"https:\/\/poppik.com\/wp-content\/uploads\/woocommerce-placeholder.png\" class=\"woocommerce-placeholder wp-post-image\" alt=\"Placeholder\" srcset=\"https:\/\/poppik.com\/wp-content\/uploads\/woocommerce-placeholder.png 1200w, https:\/\/poppik.com\/wp-content\/uploads\/woocommerce-placeholder-300x300.png 300w, https:\/\/poppik.com\/wp-content\/uploads\/woocommerce-placeholder-1024x1024.png 1024w, https:\/\/poppik.com\/wp-content\/uploads\/woocommerce-placeholder-150x150.png 150w, https:\/\/poppik.com\/wp-content\/uploads\/woocommerce-placeholder-768x768.png 768w, https:\/\/poppik.com\/wp-content\/uploads\/woocommerce-placeholder-100x100.png 100w\" sizes=\"(max-width: 300px) 100vw, 300px\" \/><img loading=\"lazy\" decoding=\"async\" width=\"300\" height=\"300\" src=\"https:\/\/poppik.com\/wp-content\/uploads\/2020\/07\/poppik-poster-educatif-frise-historique-timeline-stickers-histoire-5-copie-2-300x300.jpg\" class=\"attachment-shop_catalog size-shop_catalog product-hover-image\" alt=\"\" srcset=\"https:\/\/poppik.com\/wp-content\/uploads\/2020\/07\/poppik-poster-educatif-frise-historique-timeline-stickers-histoire-5-copie-2-300x300.jpg 300w, https:\/\/poppik.com\/wp-content\/uploads\/2020\/07\/poppik-poster-educatif-frise-historique-timeline-stickers-histoire-5-copie-2-150x150.jpg 150w, https:\/\/poppik.com\/wp-content\/uploads\/2020\/07\/poppik-poster-educatif-frise-historique-timeline-stickers-histoire-5-copie-2-768x769.jpg 768w, https:\/\/poppik.com\/wp-content\/uploads\/2020\/07\/poppik-poster-educatif-frise-historique-timeline-stickers-histoire-5-copie-2-100x100.jpg 100w, https:\/\/poppik.com\/wp-content\/uploads\/2020\/07\/poppik-poster-educatif-frise-historique-timeline-stickers-histoire-5-copie-2-600x601.jpg 600w, https:\/\/poppik.com\/wp-content\/uploads\/2020\/07\/poppik-poster-educatif-frise-historique-timeline-stickers-histoire-5-copie-2.jpg 799w\" sizes=\"(max-width: 300px) 100vw, 300px\" \/><\/a>\n\t\t\n\t\t\n\t\t\t<div class=\"buttons\">\n\t\t\t\t<a href=\"?add-to-cart=3111\" data-quantity=\"1\" class=\"button product_type_simple add_to_cart_button ajax_add_to_cart sober-loop-atc-button\" data-product_id=\"3111\" data-product_sku=\"3760262410623\" aria-label=\"Add to cart: &ldquo;Educational poster + 66 stickers WORLD HISTORY FRAME (8 years +)&rdquo;\" aria-describedby=\"\" rel=\"nofollow\"><svg viewBox=\"0 0 20 20\"><use xlink:href=\"#basket-addtocart\"><\/use><\/svg><span class=\"screen-reader-text\">Add to cart<\/span><\/a><a href=\"\/en\/wp-json\/wp\/v2\/pages\/2796?add_to_wishlist=3111\" data-product_id=\"3111\" data-product_type=\"simple\" class=\"button add-to-wishlist-button add-to-wishlist-3111 \" rel=\"nofollow\">\n\t\t\t<svg viewBox=\"0 0 20 20\" class=\"like\"><use xlink:href=\"#heart-wishlist-like\"><\/use><\/svg>\n\t\t\t<svg viewBox=\"0 0 20 20\" class=\"liked\"><use xlink:href=\"#heart-wishlist-liked\"><\/use><\/svg>\n\t\t\t<span class=\"indent-text\">Add to wishlist<\/span>\n\t\t<\/a>\t\t\t<\/div>\n\n\t\t\n\t\t<\/div>\n\t\t<h3 class=\"woocommerce-loop-product__title\"><a href=\"https:\/\/poppik.com\/en\/boutique\/posters-stickers-en\/panorama-66-stickers-frist-historical-world-8-years-and\/\">Educational poster + 66 stickers WORLD HISTORY FRAME (8 years +)<\/a><\/h3>\n\n\t\t <div class=\"star-rating-container\">\n                <div class=\"star-rating\">\n                     <span style=\"width:97.6%\">\n                    <strong itemprop=\"ratingValue\" class=\"rating\">4.88<\/strong>\n                    <\/span>\n                <\/div>\n                <div>0<\/div>\n           <\/div>\n        \n\n\t\n\t\t<span class=\"price\"><span class=\"woocommerce-Price-amount amount\"><span class=\"woocommerce-Price-currencySymbol\">&euro;<\/span>19,90<\/span><\/span>\n\n\t\n<span data-content_category=\"Posters &amp; stickers\"><\/span><\/li>\n<\/ul>\n<\/div>[\/vc_column][\/vc_row]<\/p>\n","protected":false},"excerpt":{"rendered":"<p>[vc_row][vc_column][vc_custom_heading text=&#8221;L&#8217;univers d&#8217;Olivier Latyk&#8221; use_theme_fonts=&#8221;yes&#8221; css=&#8221;.vc_custom_1603533014049{margin-bottom: 20px !important;}&#8221;][vc_column_text]Olivier Latyk est illustrateur, il vit dans le Sud de la France. Ses images sont publi\u00e9es dans le domaine de l&#8217;\u00e9dition (livres, magazines),&hellip;<\/p>\n","protected":false},"author":1,"featured_media":2470,"parent":0,"menu_order":0,"comment_status":"closed","ping_status":"closed","template":"","meta":{"footnotes":""},"jetpack_sharing_enabled":true,"_links":{"self":[{"href":"https:\/\/poppik.com\/en\/wp-json\/wp\/v2\/pages\/2796"}],"collection":[{"href":"https:\/\/poppik.com\/en\/wp-json\/wp\/v2\/pages"}],"about":[{"href":"https:\/\/poppik.com\/en\/wp-json\/wp\/v2\/types\/page"}],"author":[{"embeddable":true,"href":"https:\/\/poppik.com\/en\/wp-json\/wp\/v2\/users\/1"}],"replies":[{"embeddable":true,"href":"https:\/\/poppik.com\/en\/wp-json\/wp\/v2\/comments?post=2796"}],"version-history":[{"count":19,"href":"https:\/\/poppik.com\/en\/wp-json\/wp\/v2\/pages\/2796\/revisions"}],"predecessor-version":[{"id":13261,"href":"https:\/\/poppik.com\/en\/wp-json\/wp\/v2\/pages\/2796\/revisions\/13261"}],"wp:featuredmedia":[{"embeddable":true,"href":"https:\/\/poppik.com\/en\/wp-json\/wp\/v2\/media\/2470"}],"wp:attachment":[{"href":"https:\/\/poppik.com\/en\/wp-json\/wp\/v2\/media?parent=2796"}],"curies":[{"name":"wp","href":"https:\/\/api.w.org\/{rel}","templated":true}]}}