{"id":2794,"date":"2020-07-16T16:22:59","date_gmt":"2020-07-16T14:22:59","guid":{"rendered":"https:\/\/poppik-dev.logiq-digital.com\/nous-connaitre-stickers\/illustration-jeunesse-art\/naomi-kado\/"},"modified":"2022-06-24T18:22:30","modified_gmt":"2022-06-24T16:22:30","slug":"naomi-kado","status":"publish","type":"page","link":"https:\/\/poppik.com\/en\/naomi-kado\/","title":{"rendered":"Naomi Kado"},"content":{"rendered":"<p>[vc_row][vc_column][vc_custom_heading text=&#8221;L&#8217;univers de Naomi Kado&#8221; use_theme_fonts=&#8221;yes&#8221; css=&#8221;.vc_custom_1603532883242{margin-bottom: 20px !important;}&#8221;][\/vc_column][\/vc_row][vc_row css=&#8221;.vc_custom_1594902244110{margin-bottom: 10px !important;}&#8221;][vc_column][vc_column_text]<\/p>\n<div class=\"ox-text ox-margin-bottom-medium\">Naomi est n\u00e9e en 1991 \u00e0 l\u2019Ile de la R\u00e9union. Apr\u00e8s des \u00e9tudes en communication graphique en r\u00e9gion parisienne, elle travaille en tant que graphiste et d\u00e9veloppe son activit\u00e9 d\u2019illustratrice.<\/div>\n<p>[\/vc_column_text][\/vc_column][\/vc_row][vc_row css=&#8221;.vc_custom_1594900940369{margin-bottom: 25px !important;}&#8221;][vc_column width=&#8221;1\/3&#8243; css=&#8221;.vc_custom_1594195570749{margin-top: 15px !important;margin-bottom: 15px !important;}&#8221;][vc_single_image image=&#8221;2323&#8243; img_size=&#8221;large&#8221; alignment=&#8221;center&#8221;][\/vc_column][vc_column width=&#8221;1\/3&#8243; css=&#8221;.vc_custom_1594195575582{margin-top: 15px !important;margin-bottom: 15px !important;}&#8221;][vc_single_image image=&#8221;2322&#8243; img_size=&#8221;large&#8221; alignment=&#8221;center&#8221;][\/vc_column][vc_column width=&#8221;1\/3&#8243; css=&#8221;.vc_custom_1594195580326{margin-top: 15px !important;margin-bottom: 15px !important;}&#8221;][vc_single_image image=&#8221;2327&#8243; img_size=&#8221;large&#8221; alignment=&#8221;center&#8221;][\/vc_column][\/vc_row][vc_row][vc_column][vc_column_text]<\/p>\n<div class=\"ox-text ox-margin-bottom-medium\">\n<div class=\"ox-text ox-margin-bottom-medium\">\n<p>En 2013, Naomi se lance dans l<a href=\"https:\/\/poppik.com\/boutique\/jeux-de-voyage\/jeux-de-voyage-360-stickermagic\/\">&#8216;illustration<\/a>, en suivant sa passion pour la mode et la vie parisienne. Elle dessine r\u00e9guli\u00e8rement pour l\u2019\u00e9dition et la presse jeunesse, ainsi que pour des magazines f\u00e9minins.<\/p>\n<p><a href=\"https:\/\/www.naomikado.fr\" rel=\"hlid[=]2048[&amp;]href[=]https:\/\/www.naomikado.fr noopener\" target=\"_blank\">En savoir plus sur\u00a0Naomi Kado<\/a><\/p>\n<\/div>\n<\/div>\n<p>[\/vc_column_text][\/vc_column][\/vc_row][vc_row][vc_column]<div class=\"woocommerce \"><\/div>[\/vc_column][\/vc_row]<\/p>\n","protected":false},"excerpt":{"rendered":"<p>[vc_row][vc_column][vc_custom_heading text=&#8221;L&#8217;univers de Naomi Kado&#8221; use_theme_fonts=&#8221;yes&#8221; css=&#8221;.vc_custom_1603532883242{margin-bottom: 20px !important;}&#8221;][\/vc_column][\/vc_row][vc_row css=&#8221;.vc_custom_1594902244110{margin-bottom: 10px !important;}&#8221;][vc_column][vc_column_text] Naomi est n\u00e9e en 1991 \u00e0 l\u2019Ile de la R\u00e9union. Apr\u00e8s des \u00e9tudes en communication graphique en r\u00e9gion&hellip;<\/p>\n","protected":false},"author":1,"featured_media":2323,"parent":0,"menu_order":0,"comment_status":"closed","ping_status":"closed","template":"","meta":{"footnotes":""},"jetpack_sharing_enabled":true,"_links":{"self":[{"href":"https:\/\/poppik.com\/en\/wp-json\/wp\/v2\/pages\/2794"}],"collection":[{"href":"https:\/\/poppik.com\/en\/wp-json\/wp\/v2\/pages"}],"about":[{"href":"https:\/\/poppik.com\/en\/wp-json\/wp\/v2\/types\/page"}],"author":[{"embeddable":true,"href":"https:\/\/poppik.com\/en\/wp-json\/wp\/v2\/users\/1"}],"replies":[{"embeddable":true,"href":"https:\/\/poppik.com\/en\/wp-json\/wp\/v2\/comments?post=2794"}],"version-history":[{"count":15,"href":"https:\/\/poppik.com\/en\/wp-json\/wp\/v2\/pages\/2794\/revisions"}],"predecessor-version":[{"id":12880,"href":"https:\/\/poppik.com\/en\/wp-json\/wp\/v2\/pages\/2794\/revisions\/12880"}],"wp:featuredmedia":[{"embeddable":true,"href":"https:\/\/poppik.com\/en\/wp-json\/wp\/v2\/media\/2323"}],"wp:attachment":[{"href":"https:\/\/poppik.com\/en\/wp-json\/wp\/v2\/media?parent=2794"}],"curies":[{"name":"wp","href":"https:\/\/api.w.org\/{rel}","templated":true}]}}