{"id":2792,"date":"2020-07-16T16:41:40","date_gmt":"2020-07-16T14:41:40","guid":{"rendered":"https:\/\/poppik-dev.logiq-digital.com\/nous-connaitre-stickers\/illustration-jeunesse-art\/matthias-malingrey\/"},"modified":"2022-06-24T18:17:43","modified_gmt":"2022-06-24T16:17:43","slug":"matthias-malingrey","status":"publish","type":"page","link":"https:\/\/poppik.com\/en\/matthias-malingrey\/","title":{"rendered":"Matthias Malingre\u00ff"},"content":{"rendered":"<p>[vc_row][vc_column][vc_custom_heading text=&#8221;L&#8217;univers de Matthias Malingre\u00ff&#8221; use_theme_fonts=&#8221;yes&#8221; css=&#8221;.vc_custom_1603532726561{margin-bottom: 20px !important;}&#8221;][\/vc_column][\/vc_row][vc_row css=&#8221;.vc_custom_1594902244110{margin-bottom: 10px !important;}&#8221;][vc_column][vc_column_text]<\/p>\n<div class=\"ox-text ox-margin-bottom-medium\">N\u00e9 en 1986 \u00e0 Nancy, Matthias Malingre\u00ff est dipl\u00f4m\u00e9 des Beaux-Arts d&#8217;\u00c9pinal depuis 2008 et des Arts D\u00e9coratifs de Strasbourg depuis 2011. C&#8217;est au sein de cette \u00e9cole qu&#8217;il a rencontr\u00e9 Marion Fayolle et Simon Roussin avec lesquels il a fond\u00e9 en 2009 la revue Nyctalope.<\/div>\n<p>[\/vc_column_text][\/vc_column][\/vc_row][vc_row css=&#8221;.vc_custom_1594900940369{margin-bottom: 25px !important;}&#8221;][vc_column width=&#8221;1\/3&#8243; css=&#8221;.vc_custom_1594195570749{margin-top: 15px !important;margin-bottom: 15px !important;}&#8221;][vc_single_image image=&#8221;2342&#8243; img_size=&#8221;large&#8221; alignment=&#8221;center&#8221;][\/vc_column][vc_column width=&#8221;1\/3&#8243; css=&#8221;.vc_custom_1594195575582{margin-top: 15px !important;margin-bottom: 15px !important;}&#8221;][vc_single_image image=&#8221;2150&#8243; img_size=&#8221;large&#8221; alignment=&#8221;center&#8221;][\/vc_column][vc_column width=&#8221;1\/3&#8243; css=&#8221;.vc_custom_1594195580326{margin-top: 15px !important;margin-bottom: 15px !important;}&#8221;][vc_single_image image=&#8221;2408&#8243; img_size=&#8221;large&#8221; alignment=&#8221;center&#8221;][\/vc_column][\/vc_row][vc_row][vc_column][vc_column_text]<\/p>\n<div class=\"ox-text ox-margin-bottom-medium\">\n<div class=\"ox-text ox-margin-bottom-medium\">\n<p>Auteur-illustrateur pour l\u2019\u00e9dition et la presse, il dessine pour les petits, pour les grands et des fois m\u00eame pour les moyens. Comment ne pas fondre devant ses petits bonshommes tout ronds qui peuplent <a href=\"https:\/\/poppik.com\/boutique\/posters-stickers\/stickers-creatifs-cosmic\/\">ses images<\/a> ? Chez Poppik, \u00e7a, on sait pas&#8230;<\/p>\n<p><a href=\"http:\/\/matthiasmalingrey.blogspot.com\" rel=\"hlid[=]2048[&amp;]href[=]http:\/\/matthiasmalingrey.blogspot.com noopener\" target=\"_blank\">En savoir plus sur\u00a0Matthias Malingre\u00ff<\/a><\/p>\n<\/div>\n<\/div>\n<p>[\/vc_column_text][\/vc_column][\/vc_row][vc_row][vc_column]<div class=\"woocommerce columns-4 \"><ul class=\"products columns-4\">\n<li class=\"layout-style-2 col-md-4 col-sm-4 col-xs-6 col-lg-3 product-has-gallery product-style-default product type-product post-3516 status-publish first outofstock product_cat-news product_tag-animal-stickers product_tag-creative-game product_tag-creative-stickers-en product_tag-creative-stickers product_tag-easy-travel-game-en product_tag-educational-game product_tag-educational-poster-en-2 product_tag-educational-travel-game product_tag-favourites product_tag-montessori-stickers product_tag-pedagogical-poster product_tag-pedagogical-stickers product_tag-stickers-animaux-en product_tag-travel-game-en product_tag-travel-games-animals taxable shipping-taxable purchasable product-type-simple\">\n\t<div class=\"product-header\"><a href=\"https:\/\/poppik.com\/en\/boutique\/news\/6-cards-360-stickers-animals-4-8-years-old\/\" class=\"woocommerce-LoopProduct-link woocommerce-loop-product__link\"><img loading=\"lazy\" decoding=\"async\" width=\"300\" height=\"300\" src=\"https:\/\/poppik.com\/wp-content\/uploads\/woocommerce-placeholder.png\" class=\"woocommerce-placeholder wp-post-image\" alt=\"Placeholder\" srcset=\"https:\/\/poppik.com\/wp-content\/uploads\/woocommerce-placeholder.png 1200w, https:\/\/poppik.com\/wp-content\/uploads\/woocommerce-placeholder-300x300.png 300w, https:\/\/poppik.com\/wp-content\/uploads\/woocommerce-placeholder-1024x1024.png 1024w, https:\/\/poppik.com\/wp-content\/uploads\/woocommerce-placeholder-150x150.png 150w, https:\/\/poppik.com\/wp-content\/uploads\/woocommerce-placeholder-768x768.png 768w, https:\/\/poppik.com\/wp-content\/uploads\/woocommerce-placeholder-100x100.png 100w\" sizes=\"(max-width: 300px) 100vw, 300px\" \/><img loading=\"lazy\" decoding=\"async\" width=\"300\" height=\"300\" src=\"https:\/\/poppik.com\/wp-content\/uploads\/2020\/07\/Poppik-stickers-gommettes-jeu-de-voyage-puzzle-educatif-activite-manuelle-2-1-300x300.jpg\" class=\"attachment-shop_catalog size-shop_catalog product-hover-image\" alt=\"\" srcset=\"https:\/\/poppik.com\/wp-content\/uploads\/2020\/07\/Poppik-stickers-gommettes-jeu-de-voyage-puzzle-educatif-activite-manuelle-2-1-300x300.jpg 300w, https:\/\/poppik.com\/wp-content\/uploads\/2020\/07\/Poppik-stickers-gommettes-jeu-de-voyage-puzzle-educatif-activite-manuelle-2-1-150x150.jpg 150w, https:\/\/poppik.com\/wp-content\/uploads\/2020\/07\/Poppik-stickers-gommettes-jeu-de-voyage-puzzle-educatif-activite-manuelle-2-1-768x768.jpg 768w, https:\/\/poppik.com\/wp-content\/uploads\/2020\/07\/Poppik-stickers-gommettes-jeu-de-voyage-puzzle-educatif-activite-manuelle-2-1-100x100.jpg 100w, https:\/\/poppik.com\/wp-content\/uploads\/2020\/07\/Poppik-stickers-gommettes-jeu-de-voyage-puzzle-educatif-activite-manuelle-2-1-600x600.jpg 600w, https:\/\/poppik.com\/wp-content\/uploads\/2020\/07\/Poppik-stickers-gommettes-jeu-de-voyage-puzzle-educatif-activite-manuelle-2-1.jpg 800w\" sizes=\"(max-width: 300px) 100vw, 300px\" \/><span class=\"ribbons\"><span class=\"newness ribbon\">Out of stock<\/span><\/span><\/a>\n\t\t\n\t\t\n\t\t\t<div class=\"buttons\">\n\t\t\t\t<a href=\"https:\/\/poppik.com\/en\/boutique\/news\/6-cards-360-stickers-animals-4-8-years-old\/\" data-quantity=\"1\" class=\"button product_type_simple sober-loop-atc-button\" data-product_id=\"3516\" data-product_sku=\"3760262410272\" aria-label=\"Read more about &ldquo;6 cards + 360 stickersANIMALS (4-8 years old)&rdquo;\" aria-describedby=\"\" rel=\"nofollow\"><svg viewBox=\"0 0 20 20\"><use xlink:href=\"#basket-addtocart\"><\/use><\/svg><span class=\"screen-reader-text\">Read more<\/span><\/a><a href=\"\/en\/wp-json\/wp\/v2\/pages\/2792?add_to_wishlist=3516\" data-product_id=\"3516\" data-product_type=\"simple\" class=\"button add-to-wishlist-button add-to-wishlist-3516 \" rel=\"nofollow\">\n\t\t\t<svg viewBox=\"0 0 20 20\" class=\"like\"><use xlink:href=\"#heart-wishlist-like\"><\/use><\/svg>\n\t\t\t<svg viewBox=\"0 0 20 20\" class=\"liked\"><use xlink:href=\"#heart-wishlist-liked\"><\/use><\/svg>\n\t\t\t<span class=\"indent-text\">Add to wishlist<\/span>\n\t\t<\/a>\t\t\t<\/div>\n\n\t\t\n\t\t<\/div>\n\t\t<h3 class=\"woocommerce-loop-product__title\"><a href=\"https:\/\/poppik.com\/en\/boutique\/news\/6-cards-360-stickers-animals-4-8-years-old\/\">6 cards + 360 stickersANIMALS (4-8 years old)<\/a><\/h3>\n\n\t\t <div class=\"star-rating-container\">\n                <div class=\"star-rating\">\n                     <span style=\"width:100%\">\n                    <strong itemprop=\"ratingValue\" class=\"rating\">5.00<\/strong>\n                    <\/span>\n                <\/div>\n                <div>0<\/div>\n           <\/div>\n        \n\n\t\n\t\t<span class=\"price\"><span class=\"woocommerce-Price-amount amount\"><span class=\"woocommerce-Price-currencySymbol\">&euro;<\/span>6,90<\/span><\/span>\n\n\t\n<span data-content_category=\"News\"><\/span><\/li>\n<li class=\"layout-style-2 col-md-4 col-sm-4 col-xs-6 col-lg-3 product-has-gallery product-style-default product type-product post-3513 status-publish instock product_cat-mini-posters-stickers product_tag-childrens-stickers product_tag-coloring-stickers product_tag-creative-stickers product_tag-creative-stickers-en product_tag-easy-child-activity product_tag-easy-manual-activity product_tag-educational-poster-en-2 product_tag-educational-stickers-en-2 product_tag-manual-creative-activity product_tag-pedagogical-activity product_tag-pedagogical-poster product_tag-poster-kid product_tag-poster-space product_tag-poster-stickers-en product_tag-stickers-kid product_tag-stickers-kindergarten-en has-post-thumbnail taxable shipping-taxable purchasable product-type-simple\">\n\t<div class=\"product-header\"><a href=\"https:\/\/poppik.com\/en\/boutique\/posters-stickers\/poster-stickers-creative-cosmic-activity\/\" class=\"woocommerce-LoopProduct-link woocommerce-loop-product__link\"><img loading=\"lazy\" decoding=\"async\" width=\"300\" height=\"300\" src=\"https:\/\/poppik.com\/wp-content\/uploads\/2020\/07\/Poppik-stickers-activite-manuelle-creative-educative-espace-astronomie-gommettes-300x300.jpg\" class=\"attachment-woocommerce_thumbnail size-woocommerce_thumbnail\" alt=\"stickers maternelle\" srcset=\"https:\/\/poppik.com\/wp-content\/uploads\/2020\/07\/Poppik-stickers-activite-manuelle-creative-educative-espace-astronomie-gommettes-300x300.jpg 300w, https:\/\/poppik.com\/wp-content\/uploads\/2020\/07\/Poppik-stickers-activite-manuelle-creative-educative-espace-astronomie-gommettes-150x150.jpg 150w, https:\/\/poppik.com\/wp-content\/uploads\/2020\/07\/Poppik-stickers-activite-manuelle-creative-educative-espace-astronomie-gommettes-100x100.jpg 100w, https:\/\/poppik.com\/wp-content\/uploads\/2020\/07\/Poppik-stickers-activite-manuelle-creative-educative-espace-astronomie-gommettes.jpg 592w\" sizes=\"(max-width: 300px) 100vw, 300px\" \/><img loading=\"lazy\" decoding=\"async\" width=\"300\" height=\"300\" src=\"https:\/\/poppik.com\/wp-content\/uploads\/2020\/07\/jeu-educatif-poppik-puzzle-stickers-panorama-poster-maternelle-6-2-300x300.jpg\" class=\"attachment-shop_catalog size-shop_catalog product-hover-image\" alt=\"activit\u00e9s manuelles\" srcset=\"https:\/\/poppik.com\/wp-content\/uploads\/2020\/07\/jeu-educatif-poppik-puzzle-stickers-panorama-poster-maternelle-6-2-300x300.jpg 300w, https:\/\/poppik.com\/wp-content\/uploads\/2020\/07\/jeu-educatif-poppik-puzzle-stickers-panorama-poster-maternelle-6-2-150x150.jpg 150w, https:\/\/poppik.com\/wp-content\/uploads\/2020\/07\/jeu-educatif-poppik-puzzle-stickers-panorama-poster-maternelle-6-2-768x768.jpg 768w, https:\/\/poppik.com\/wp-content\/uploads\/2020\/07\/jeu-educatif-poppik-puzzle-stickers-panorama-poster-maternelle-6-2-100x100.jpg 100w, https:\/\/poppik.com\/wp-content\/uploads\/2020\/07\/jeu-educatif-poppik-puzzle-stickers-panorama-poster-maternelle-6-2-600x600.jpg 600w, https:\/\/poppik.com\/wp-content\/uploads\/2020\/07\/jeu-educatif-poppik-puzzle-stickers-panorama-poster-maternelle-6-2.jpg 800w\" sizes=\"(max-width: 300px) 100vw, 300px\" \/><\/a>\n\t\t\n\t\t\n\t\t\t<div class=\"buttons\">\n\t\t\t\t<a href=\"?add-to-cart=3513\" data-quantity=\"1\" class=\"button product_type_simple add_to_cart_button ajax_add_to_cart sober-loop-atc-button\" data-product_id=\"3513\" data-product_sku=\"3760262410302\" aria-label=\"Add to cart: &ldquo;Creative poster + 520 stickers COSMIC (3-7 years old)&rdquo;\" aria-describedby=\"\" rel=\"nofollow\"><svg viewBox=\"0 0 20 20\"><use xlink:href=\"#basket-addtocart\"><\/use><\/svg><span class=\"screen-reader-text\">Add to cart<\/span><\/a><a href=\"\/en\/wp-json\/wp\/v2\/pages\/2792?add_to_wishlist=3513\" data-product_id=\"3513\" data-product_type=\"simple\" class=\"button add-to-wishlist-button add-to-wishlist-3513 \" rel=\"nofollow\">\n\t\t\t<svg viewBox=\"0 0 20 20\" class=\"like\"><use xlink:href=\"#heart-wishlist-like\"><\/use><\/svg>\n\t\t\t<svg viewBox=\"0 0 20 20\" class=\"liked\"><use xlink:href=\"#heart-wishlist-liked\"><\/use><\/svg>\n\t\t\t<span class=\"indent-text\">Add to wishlist<\/span>\n\t\t<\/a>\t\t\t<\/div>\n\n\t\t\n\t\t<\/div>\n\t\t<h3 class=\"woocommerce-loop-product__title\"><a href=\"https:\/\/poppik.com\/en\/boutique\/posters-stickers\/poster-stickers-creative-cosmic-activity\/\">Creative poster + 520 stickers COSMIC (3-7 years old)<\/a><\/h3>\n\n\t\t <div class=\"star-rating-container\">\n                <div class=\"star-rating\">\n                     <span style=\"width:100%\">\n                    <strong itemprop=\"ratingValue\" class=\"rating\">5.00<\/strong>\n                    <\/span>\n                <\/div>\n                <div>0<\/div>\n           <\/div>\n        \n\n\t\n\t\t<span class=\"price\"><span class=\"woocommerce-Price-amount amount\"><span class=\"woocommerce-Price-currencySymbol\">&euro;<\/span>13,90<\/span><\/span>\n\n\t\n<span data-content_category=\"Mini posters &amp; Stickers\"><\/span><\/li>\n<\/ul>\n<\/div>[\/vc_column][\/vc_row]<\/p>\n","protected":false},"excerpt":{"rendered":"<p>[vc_row][vc_column][vc_custom_heading text=&#8221;L&#8217;univers de Matthias Malingre\u00ff&#8221; use_theme_fonts=&#8221;yes&#8221; css=&#8221;.vc_custom_1603532726561{margin-bottom: 20px !important;}&#8221;][\/vc_column][\/vc_row][vc_row css=&#8221;.vc_custom_1594902244110{margin-bottom: 10px !important;}&#8221;][vc_column][vc_column_text] N\u00e9 en 1986 \u00e0 Nancy, Matthias Malingre\u00ff est dipl\u00f4m\u00e9 des Beaux-Arts d&#8217;\u00c9pinal depuis 2008 et des Arts D\u00e9coratifs&hellip;<\/p>\n","protected":false},"author":1,"featured_media":2011,"parent":0,"menu_order":0,"comment_status":"closed","ping_status":"closed","template":"","meta":{"footnotes":""},"jetpack_sharing_enabled":true,"_links":{"self":[{"href":"https:\/\/poppik.com\/en\/wp-json\/wp\/v2\/pages\/2792"}],"collection":[{"href":"https:\/\/poppik.com\/en\/wp-json\/wp\/v2\/pages"}],"about":[{"href":"https:\/\/poppik.com\/en\/wp-json\/wp\/v2\/types\/page"}],"author":[{"embeddable":true,"href":"https:\/\/poppik.com\/en\/wp-json\/wp\/v2\/users\/1"}],"replies":[{"embeddable":true,"href":"https:\/\/poppik.com\/en\/wp-json\/wp\/v2\/comments?post=2792"}],"version-history":[{"count":13,"href":"https:\/\/poppik.com\/en\/wp-json\/wp\/v2\/pages\/2792\/revisions"}],"predecessor-version":[{"id":12877,"href":"https:\/\/poppik.com\/en\/wp-json\/wp\/v2\/pages\/2792\/revisions\/12877"}],"wp:featuredmedia":[{"embeddable":true,"href":"https:\/\/poppik.com\/en\/wp-json\/wp\/v2\/media\/2011"}],"wp:attachment":[{"href":"https:\/\/poppik.com\/en\/wp-json\/wp\/v2\/media?parent=2792"}],"curies":[{"name":"wp","href":"https:\/\/api.w.org\/{rel}","templated":true}]}}