{"id":2788,"date":"2020-07-16T14:38:42","date_gmt":"2020-07-16T12:38:42","guid":{"rendered":"https:\/\/poppik-dev.logiq-digital.com\/nous-connaitre-stickers\/illustration-jeunesse-art\/lucie-brunelliere\/"},"modified":"2022-06-24T18:15:20","modified_gmt":"2022-06-24T16:15:20","slug":"lucie-brunelliere","status":"publish","type":"page","link":"https:\/\/poppik.com\/en\/lucie-brunelliere\/","title":{"rendered":"Lucie Brunelli\u00e8re"},"content":{"rendered":"<p>[vc_row][vc_column][vc_custom_heading text=&#8221;L&#8217;univers de Lucie Brunelli\u00e8re&#8221; use_theme_fonts=&#8221;yes&#8221; css=&#8221;.vc_custom_1603532559078{margin-bottom: 20px !important;}&#8221;][\/vc_column][\/vc_row][vc_row css=&#8221;.vc_custom_1594902244110{margin-bottom: 10px !important;}&#8221;][vc_column][vc_column_text]<\/p>\n<div class=\"ox-text ox-margin-bottom-medium\">\n<div class=\"ox-text ox-margin-bottom-medium\">\n<p>Lucie Brunelli\u00e8re est illustratrice depuis quelques ann\u00e9es (mais vous connaissez l&#8217;histoire, elle avait d\u00e9j\u00e0 du feutre plein les doigts en sortant du ventre de sa m\u00e8re). Elle est issue d&#8217;un BTS com \u00e0 Estienne et des Arts-D\u00e9cos de Strasbourg. Elle a commenc\u00e9 dans la presse jeunesse, mais aujourd&#8217;hui travaille principalement dans l&#8217;\u00e9dition plut\u00f4t petite enfance.<\/p>\n<p>Elle vit \u00e0 Strasbourg, concr\u00e8tement, cela veut dire qu&#8217;elle peut acheter de la saucisse \u00e0 tartiner dans n&#8217;importe quel supermarch\u00e9. Mais comme elle vient des Charentes elle est plut\u00f4t du genre beurre aux cristaux de sel au petit d\u00e9jeuner.<\/p>\n<\/div>\n<\/div>\n<p>[\/vc_column_text][\/vc_column][\/vc_row][vc_row css=&#8221;.vc_custom_1594900940369{margin-bottom: 25px !important;}&#8221;][vc_column width=&#8221;1\/3&#8243; css=&#8221;.vc_custom_1594195570749{margin-top: 15px !important;margin-bottom: 15px !important;}&#8221;][vc_single_image image=&#8221;8922&#8243; img_size=&#8221;large&#8221; alignment=&#8221;center&#8221;][\/vc_column][vc_column width=&#8221;1\/3&#8243; css=&#8221;.vc_custom_1594195575582{margin-top: 15px !important;margin-bottom: 15px !important;}&#8221;][vc_single_image image=&#8221;2464&#8243; img_size=&#8221;large&#8221; alignment=&#8221;center&#8221;][\/vc_column][vc_column width=&#8221;1\/3&#8243; css=&#8221;.vc_custom_1594195580326{margin-top: 15px !important;margin-bottom: 15px !important;}&#8221;][vc_single_image image=&#8221;2459&#8243; img_size=&#8221;large&#8221; alignment=&#8221;center&#8221;][\/vc_column][\/vc_row][vc_row][vc_column][vc_column_text]<\/p>\n<div class=\"ox-text ox-margin-bottom-medium\">\n<div class=\"ox-text ox-margin-bottom-medium\">\n<p>Lucie travaille dans un atelier douillet avec d&#8217;autres ind\u00e9pendants, avec du chocolat dans les placards, autant vous dire des conditions optimales de <a href=\"https:\/\/poppik.com\/boutique\/posters-stickers\/poster-illustre-animaux-mer\/\">cr\u00e9ation.<\/a> Elle passe beaucoup de temps sur Pinterest ou Instagram, o\u00f9 elle se d\u00e9lecte de toutes les magnifiques images qu&#8217;elle y trouve. Elle a deux enfants qui l&#8217;inspirent aussi au quotidien.<\/p>\n<p><a href=\"http:\/\/luciebrunelliere.ultra-book.com\" rel=\"hlid[=]2048[&amp;]href[=]http:\/\/luciebrunelliere.ultra-book.com noopener\" target=\"_blank\">En savoir plus sur\u00a0Lucie Brunnelli\u00e8re<\/a><\/p>\n<\/div>\n<\/div>\n<p>[\/vc_column_text][\/vc_column][\/vc_row][vc_row][vc_column]<div class=\"woocommerce columns-4 \"><ul class=\"products columns-4\">\n<li class=\"layout-style-2 col-md-4 col-sm-4 col-xs-6 col-lg-3 product-has-gallery product-style-default product type-product post-3503 status-publish first instock product_cat-poster-discovery-6-12 product_cat-posters-stickers-en product_tag-childrens-decorative-poster-en-2 product_tag-decoration-childs-room product_tag-educational-poster-en-2 product_tag-educational-poster product_tag-illustrated-poster-en product_tag-lucie-brunelliere-en product_tag-pedagogical-poster product_tag-pedagogical-stickers product_tag-poster-childs-room-en-2 product_tag-poster-dolphins product_tag-poster-lucie-brunelliere product_tag-poster-lucie-brunelliere-en product_tag-poster-stickers-en product_tag-poster-stickers-en-2 product_tag-poster-whale product_tag-stickers-sea-animals has-post-thumbnail taxable shipping-taxable purchasable product-type-simple\">\n\t<div class=\"product-header\"><a href=\"https:\/\/poppik.com\/en\/boutique\/posters-stickers\/poster-educative-stickers-mer\/\" class=\"woocommerce-LoopProduct-link woocommerce-loop-product__link\"><img loading=\"lazy\" decoding=\"async\" width=\"300\" height=\"300\" src=\"https:\/\/poppik.com\/wp-content\/uploads\/2020\/07\/Poppik-stickers-oceans-poster-affiche-animaux-marins-300x300.jpg\" class=\"attachment-woocommerce_thumbnail size-woocommerce_thumbnail\" alt=\"poster animaux marins\" srcset=\"https:\/\/poppik.com\/wp-content\/uploads\/2020\/07\/Poppik-stickers-oceans-poster-affiche-animaux-marins-300x300.jpg 300w, https:\/\/poppik.com\/wp-content\/uploads\/2020\/07\/Poppik-stickers-oceans-poster-affiche-animaux-marins-150x150.jpg 150w, https:\/\/poppik.com\/wp-content\/uploads\/2020\/07\/Poppik-stickers-oceans-poster-affiche-animaux-marins-768x769.jpg 768w, https:\/\/poppik.com\/wp-content\/uploads\/2020\/07\/Poppik-stickers-oceans-poster-affiche-animaux-marins-100x100.jpg 100w, https:\/\/poppik.com\/wp-content\/uploads\/2020\/07\/Poppik-stickers-oceans-poster-affiche-animaux-marins-600x601.jpg 600w, https:\/\/poppik.com\/wp-content\/uploads\/2020\/07\/Poppik-stickers-oceans-poster-affiche-animaux-marins.jpg 799w\" sizes=\"(max-width: 300px) 100vw, 300px\" \/><img loading=\"lazy\" decoding=\"async\" width=\"300\" height=\"300\" src=\"https:\/\/poppik.com\/wp-content\/uploads\/2020\/07\/Jeu-educatif-Poppik-Puzzle-Stickers-Autocollants-affiche-animaux-mer-2-300x300.jpg\" class=\"attachment-shop_catalog size-shop_catalog product-hover-image\" alt=\"poster animaux marins\" srcset=\"https:\/\/poppik.com\/wp-content\/uploads\/2020\/07\/Jeu-educatif-Poppik-Puzzle-Stickers-Autocollants-affiche-animaux-mer-2-300x300.jpg 300w, https:\/\/poppik.com\/wp-content\/uploads\/2020\/07\/Jeu-educatif-Poppik-Puzzle-Stickers-Autocollants-affiche-animaux-mer-2-150x150.jpg 150w, https:\/\/poppik.com\/wp-content\/uploads\/2020\/07\/Jeu-educatif-Poppik-Puzzle-Stickers-Autocollants-affiche-animaux-mer-2-768x768.jpg 768w, https:\/\/poppik.com\/wp-content\/uploads\/2020\/07\/Jeu-educatif-Poppik-Puzzle-Stickers-Autocollants-affiche-animaux-mer-2-100x100.jpg 100w, https:\/\/poppik.com\/wp-content\/uploads\/2020\/07\/Jeu-educatif-Poppik-Puzzle-Stickers-Autocollants-affiche-animaux-mer-2-600x600.jpg 600w, https:\/\/poppik.com\/wp-content\/uploads\/2020\/07\/Jeu-educatif-Poppik-Puzzle-Stickers-Autocollants-affiche-animaux-mer-2.jpg 800w\" sizes=\"(max-width: 300px) 100vw, 300px\" \/><\/a>\n\t\t\n\t\t\n\t\t\t<div class=\"buttons\">\n\t\t\t\t<a href=\"?add-to-cart=3503\" data-quantity=\"1\" class=\"button product_type_simple add_to_cart_button ajax_add_to_cart sober-loop-atc-button\" data-product_id=\"3503\" data-product_sku=\"3760262410500US\" aria-label=\"Add to cart: &ldquo;Educational poster + 59 stickers OCEANS (6-12 years)&rdquo;\" aria-describedby=\"\" rel=\"nofollow\"><svg viewBox=\"0 0 20 20\"><use xlink:href=\"#basket-addtocart\"><\/use><\/svg><span class=\"screen-reader-text\">Add to cart<\/span><\/a><a href=\"\/en\/wp-json\/wp\/v2\/pages\/2788?add_to_wishlist=3503\" data-product_id=\"3503\" data-product_type=\"simple\" class=\"button add-to-wishlist-button add-to-wishlist-3503 \" rel=\"nofollow\">\n\t\t\t<svg viewBox=\"0 0 20 20\" class=\"like\"><use xlink:href=\"#heart-wishlist-like\"><\/use><\/svg>\n\t\t\t<svg viewBox=\"0 0 20 20\" class=\"liked\"><use xlink:href=\"#heart-wishlist-liked\"><\/use><\/svg>\n\t\t\t<span class=\"indent-text\">Add to wishlist<\/span>\n\t\t<\/a>\t\t\t<\/div>\n\n\t\t\n\t\t<\/div>\n\t\t<h3 class=\"woocommerce-loop-product__title\"><a href=\"https:\/\/poppik.com\/en\/boutique\/posters-stickers\/poster-educative-stickers-mer\/\">Educational poster + 59 stickers OCEANS (6-12 years)<\/a><\/h3>\n\n\t\t <div class=\"star-rating-container\">\n                <div class=\"star-rating\">\n                     <span style=\"width:98.2%\">\n                    <strong itemprop=\"ratingValue\" class=\"rating\">4.91<\/strong>\n                    <\/span>\n                <\/div>\n                <div>0<\/div>\n           <\/div>\n        \n\n\t\n\t\t<span class=\"price\"><span class=\"woocommerce-Price-amount amount\"><span class=\"woocommerce-Price-currencySymbol\">&euro;<\/span>16,90<\/span><\/span>\n\n\t\n<span data-content_category=\"Posters &amp; stickers\"><\/span><\/li>\n<li class=\"layout-style-2 col-md-4 col-sm-4 col-xs-6 col-lg-3 product-has-gallery product-style-default product type-product post-3109 status-publish instock product_cat-puzzles product_tag-adult-puzzle product_tag-artistic-puzzle product_tag-beautiful-illustrated-puzzle product_tag-educational-puzzle-en product_tag-educational-puzzle product_tag-family-puzzle product_tag-pedagogical-activity product_tag-pedagogical-poster product_tag-puzzle-1000-pieces-en product_tag-puzzle-500-en product_tag-puzzle-500-pieces-en product_tag-puzzle-dolphins product_tag-puzzle-lucie-brunelliere-en product_tag-puzzle-oceans-en product_tag-puzzle-poppik-en product_tag-puzzle-sea product_tag-puzzle-sea-animals product_tag-puzzle-whale has-post-thumbnail taxable shipping-taxable purchasable product-type-simple\">\n\t<div class=\"product-header\"><a href=\"https:\/\/poppik.com\/en\/boutique\/puzzles-jeux\/puzzle-500-pieces-oceans\/\" class=\"woocommerce-LoopProduct-link woocommerce-loop-product__link\"><img loading=\"lazy\" decoding=\"async\" width=\"300\" height=\"300\" src=\"https:\/\/poppik.com\/wp-content\/uploads\/2020\/07\/poppik-puzzle-500-pieces-animaux-marins-ocean-lucie-brunelliere-illustration-300x300.jpg\" class=\"attachment-woocommerce_thumbnail size-woocommerce_thumbnail\" alt=\"puzzle educatif 500 pi\u00e8ces\" srcset=\"https:\/\/poppik.com\/wp-content\/uploads\/2020\/07\/poppik-puzzle-500-pieces-animaux-marins-ocean-lucie-brunelliere-illustration-300x300.jpg 300w, https:\/\/poppik.com\/wp-content\/uploads\/2020\/07\/poppik-puzzle-500-pieces-animaux-marins-ocean-lucie-brunelliere-illustration-150x150.jpg 150w, https:\/\/poppik.com\/wp-content\/uploads\/2020\/07\/poppik-puzzle-500-pieces-animaux-marins-ocean-lucie-brunelliere-illustration-768x767.jpg 768w, https:\/\/poppik.com\/wp-content\/uploads\/2020\/07\/poppik-puzzle-500-pieces-animaux-marins-ocean-lucie-brunelliere-illustration-100x100.jpg 100w, https:\/\/poppik.com\/wp-content\/uploads\/2020\/07\/poppik-puzzle-500-pieces-animaux-marins-ocean-lucie-brunelliere-illustration-600x599.jpg 600w, https:\/\/poppik.com\/wp-content\/uploads\/2020\/07\/poppik-puzzle-500-pieces-animaux-marins-ocean-lucie-brunelliere-illustration.jpg 800w\" sizes=\"(max-width: 300px) 100vw, 300px\" \/><img loading=\"lazy\" decoding=\"async\" width=\"300\" height=\"300\" src=\"https:\/\/poppik.com\/wp-content\/uploads\/2020\/07\/puzzle-500-pieces-oceans-lucie-brunelliere-poppik-1-300x300.jpg\" class=\"attachment-shop_catalog size-shop_catalog product-hover-image\" alt=\"puzzle 500 pieces\" srcset=\"https:\/\/poppik.com\/wp-content\/uploads\/2020\/07\/puzzle-500-pieces-oceans-lucie-brunelliere-poppik-1-300x300.jpg 300w, https:\/\/poppik.com\/wp-content\/uploads\/2020\/07\/puzzle-500-pieces-oceans-lucie-brunelliere-poppik-1-150x150.jpg 150w, https:\/\/poppik.com\/wp-content\/uploads\/2020\/07\/puzzle-500-pieces-oceans-lucie-brunelliere-poppik-1-768x768.jpg 768w, https:\/\/poppik.com\/wp-content\/uploads\/2020\/07\/puzzle-500-pieces-oceans-lucie-brunelliere-poppik-1-100x100.jpg 100w, https:\/\/poppik.com\/wp-content\/uploads\/2020\/07\/puzzle-500-pieces-oceans-lucie-brunelliere-poppik-1-600x600.jpg 600w, https:\/\/poppik.com\/wp-content\/uploads\/2020\/07\/puzzle-500-pieces-oceans-lucie-brunelliere-poppik-1.jpg 800w\" sizes=\"(max-width: 300px) 100vw, 300px\" \/><\/a>\n\t\t\n\t\t\n\t\t\t<div class=\"buttons\">\n\t\t\t\t<a href=\"?add-to-cart=3109\" data-quantity=\"1\" class=\"button product_type_simple add_to_cart_button ajax_add_to_cart sober-loop-atc-button\" data-product_id=\"3109\" data-product_sku=\"3760262411156\" aria-label=\"Add to cart: &ldquo;Educational puzzle 500 pieces OCEANS&rdquo;\" aria-describedby=\"\" rel=\"nofollow\"><svg viewBox=\"0 0 20 20\"><use xlink:href=\"#basket-addtocart\"><\/use><\/svg><span class=\"screen-reader-text\">Add to cart<\/span><\/a><a href=\"\/en\/wp-json\/wp\/v2\/pages\/2788?add_to_wishlist=3109\" data-product_id=\"3109\" data-product_type=\"simple\" class=\"button add-to-wishlist-button add-to-wishlist-3109 \" rel=\"nofollow\">\n\t\t\t<svg viewBox=\"0 0 20 20\" class=\"like\"><use xlink:href=\"#heart-wishlist-like\"><\/use><\/svg>\n\t\t\t<svg viewBox=\"0 0 20 20\" class=\"liked\"><use xlink:href=\"#heart-wishlist-liked\"><\/use><\/svg>\n\t\t\t<span class=\"indent-text\">Add to wishlist<\/span>\n\t\t<\/a>\t\t\t<\/div>\n\n\t\t\n\t\t<\/div>\n\t\t<h3 class=\"woocommerce-loop-product__title\"><a href=\"https:\/\/poppik.com\/en\/boutique\/puzzles-jeux\/puzzle-500-pieces-oceans\/\">Educational puzzle 500 pieces OCEANS<\/a><\/h3>\n\n\t\t <div class=\"star-rating-container\">\n                <div class=\"star-rating\">\n                     <span style=\"width:94%\">\n                    <strong itemprop=\"ratingValue\" class=\"rating\">4.70<\/strong>\n                    <\/span>\n                <\/div>\n                <div>0<\/div>\n           <\/div>\n        \n\n\t\n\t\t<span class=\"price\"><span class=\"woocommerce-Price-amount amount\"><span class=\"woocommerce-Price-currencySymbol\">&euro;<\/span>19,90<\/span><\/span>\n\n\t\n<span data-content_category=\"Puzzles\"><\/span><\/li>\n<\/ul>\n<\/div>[\/vc_column][\/vc_row]<\/p>\n","protected":false},"excerpt":{"rendered":"<p>[vc_row][vc_column][vc_custom_heading text=&#8221;L&#8217;univers de Lucie Brunelli\u00e8re&#8221; use_theme_fonts=&#8221;yes&#8221; css=&#8221;.vc_custom_1603532559078{margin-bottom: 20px !important;}&#8221;][\/vc_column][\/vc_row][vc_row css=&#8221;.vc_custom_1594902244110{margin-bottom: 10px !important;}&#8221;][vc_column][vc_column_text] Lucie Brunelli\u00e8re est illustratrice depuis quelques ann\u00e9es (mais vous connaissez l&#8217;histoire, elle avait d\u00e9j\u00e0 du feutre plein les&hellip;<\/p>\n","protected":false},"author":1,"featured_media":2460,"parent":0,"menu_order":0,"comment_status":"closed","ping_status":"closed","template":"","meta":{"footnotes":""},"jetpack_sharing_enabled":true,"_links":{"self":[{"href":"https:\/\/poppik.com\/en\/wp-json\/wp\/v2\/pages\/2788"}],"collection":[{"href":"https:\/\/poppik.com\/en\/wp-json\/wp\/v2\/pages"}],"about":[{"href":"https:\/\/poppik.com\/en\/wp-json\/wp\/v2\/types\/page"}],"author":[{"embeddable":true,"href":"https:\/\/poppik.com\/en\/wp-json\/wp\/v2\/users\/1"}],"replies":[{"embeddable":true,"href":"https:\/\/poppik.com\/en\/wp-json\/wp\/v2\/comments?post=2788"}],"version-history":[{"count":15,"href":"https:\/\/poppik.com\/en\/wp-json\/wp\/v2\/pages\/2788\/revisions"}],"predecessor-version":[{"id":12872,"href":"https:\/\/poppik.com\/en\/wp-json\/wp\/v2\/pages\/2788\/revisions\/12872"}],"wp:featuredmedia":[{"embeddable":true,"href":"https:\/\/poppik.com\/en\/wp-json\/wp\/v2\/media\/2460"}],"wp:attachment":[{"href":"https:\/\/poppik.com\/en\/wp-json\/wp\/v2\/media?parent=2788"}],"curies":[{"name":"wp","href":"https:\/\/api.w.org\/{rel}","templated":true}]}}