{"id":2782,"date":"2020-07-16T14:32:18","date_gmt":"2020-07-16T12:32:18","guid":{"rendered":"https:\/\/poppik-dev.logiq-digital.com\/nous-connaitre-stickers\/illustration-jeunesse-art\/laurent-bazart\/"},"modified":"2022-06-24T18:12:57","modified_gmt":"2022-06-24T16:12:57","slug":"laurent-bazart","status":"publish","type":"page","link":"https:\/\/poppik.com\/en\/laurent-bazart\/","title":{"rendered":"Laurent Bazart"},"content":{"rendered":"<p>[vc_row][vc_column][vc_custom_heading text=&#8221;L&#8217;univers de Laurent Bazart&#8221; use_theme_fonts=&#8221;yes&#8221; css=&#8221;.vc_custom_1603532099640{margin-bottom: 20px !important;}&#8221;][\/vc_column][\/vc_row][vc_row css=&#8221;.vc_custom_1594902244110{margin-bottom: 10px !important;}&#8221;][vc_column][vc_column_text]<\/p>\n<div class=\"ox-text ox-margin-bottom-medium\">\n<div class=\"ox-text ox-margin-bottom-medium\">\n<p>Laurent Bazart est un amateur de vieux films de samura\u00ef, de western-spaghetti et d&#8217;histoires de zombies. Quand il ne perd pas son temps \u00e0 jouer aux jeux vid\u00e9o, il assemble des milliers de petits carr\u00e9s lo-fi \u00e0 raison de soixante-douze points par pouce (oui, il est un peu bizarre, comme gar\u00e7on :-). Il s&#8217;amuse \u00e0 tricher avec nos yeux avec ses images en pixels, il joue avec les nuances et les carr\u00e9s et parvient \u00e0 d\u00e9peindre les personnages et les d\u00e9cors d&#8217;une mani\u00e8re unique.<\/p>\n<p>Son univers tout en <a href=\"https:\/\/poppik.com\/boutique\/posters-stickers\/poster-pixel-art-geant\/\">pixels<\/a> est publi\u00e9 sous forme d&#8217;illustrations pour la presse et l&#8217;\u00e9dition.<\/p>\n<\/div>\n<\/div>\n<p>[\/vc_column_text][\/vc_column][\/vc_row][vc_row css=&#8221;.vc_custom_1594900940369{margin-bottom: 25px !important;}&#8221;][vc_column width=&#8221;1\/3&#8243; css=&#8221;.vc_custom_1594195570749{margin-top: 15px !important;margin-bottom: 15px !important;}&#8221;][vc_single_image image=&#8221;2234&#8243; img_size=&#8221;large&#8221; alignment=&#8221;center&#8221;][\/vc_column][vc_column width=&#8221;1\/3&#8243; css=&#8221;.vc_custom_1594195575582{margin-top: 15px !important;margin-bottom: 15px !important;}&#8221;][vc_single_image image=&#8221;2230&#8243; img_size=&#8221;large&#8221; alignment=&#8221;center&#8221;][\/vc_column][vc_column width=&#8221;1\/3&#8243; css=&#8221;.vc_custom_1594195580326{margin-top: 15px !important;margin-bottom: 15px !important;}&#8221;][vc_single_image image=&#8221;2232&#8243; img_size=&#8221;large&#8221; alignment=&#8221;center&#8221;][\/vc_column][\/vc_row][vc_row][vc_column][vc_column_text]<\/p>\n<div class=\"ox-text ox-margin-bottom-medium\">\n<p>Il passionne les enfants mais pas seulement : nous ne serions pas surpris que les parents craquent sur les images de Laurent, surtout s&#8217;ils sont un poil nostalgiques des jeux vid\u00e9o de leur enfance&#8230;<\/p>\n<p><a href=\"https:\/\/www.illustrissimo.fr\/illustrator\/208\" rel=\"hlid[=]2048[&amp;]href[=]https:\/\/www.illustrissimo.fr\/illustrator\/208 noopener\" target=\"_blank\">En savoir plus sur\u00a0Laurent Bazart<\/a><\/p>\n<\/div>\n<p>[\/vc_column_text][\/vc_column][\/vc_row][vc_row][vc_column]<div class=\"woocommerce \"><ul class=\"products columns-4\">\n<li class=\"layout-style-2 col-md-4 col-sm-4 col-xs-6 col-lg-3 product-has-gallery product-style-default product type-product post-3526 status-publish first outofstock product_cat-posters-stickers-en product_tag-activity-pixel-art product_tag-affiche-pixel-en product_tag-coloring-pixel-art product_tag-coloring-pixels product_tag-drawing-pixel-art product_tag-pedagogical-activity product_tag-pedagogical-poster product_tag-pedagogical-stickers product_tag-pixel-art-child product_tag-poster-laurent-bazart-en product_tag-poster-pixel-art-en product_tag-poster-stickers-en product_tag-room-decor-pixel product_tag-stickers-pixel-art-en product_tag-stickers-pixel-art-en-2 product_tag-teaching-game taxable shipping-taxable purchasable product-type-simple\">\n\t<div class=\"product-header\"><a href=\"https:\/\/poppik.com\/en\/boutique\/posters-stickers-en\/poster-huge-1600-stickers-pixel-art\/\" class=\"woocommerce-LoopProduct-link woocommerce-loop-product__link\"><img loading=\"lazy\" decoding=\"async\" width=\"300\" height=\"300\" src=\"https:\/\/poppik.com\/wp-content\/uploads\/woocommerce-placeholder.png\" class=\"woocommerce-placeholder wp-post-image\" alt=\"Placeholder\" srcset=\"https:\/\/poppik.com\/wp-content\/uploads\/woocommerce-placeholder.png 1200w, https:\/\/poppik.com\/wp-content\/uploads\/woocommerce-placeholder-300x300.png 300w, https:\/\/poppik.com\/wp-content\/uploads\/woocommerce-placeholder-1024x1024.png 1024w, https:\/\/poppik.com\/wp-content\/uploads\/woocommerce-placeholder-150x150.png 150w, https:\/\/poppik.com\/wp-content\/uploads\/woocommerce-placeholder-768x768.png 768w, https:\/\/poppik.com\/wp-content\/uploads\/woocommerce-placeholder-100x100.png 100w\" sizes=\"(max-width: 300px) 100vw, 300px\" \/><img loading=\"lazy\" decoding=\"async\" width=\"300\" height=\"300\" src=\"https:\/\/poppik.com\/wp-content\/uploads\/2020\/07\/poppik-pixel-art-stickers-autocollants-jeu-educatif-poster-2-300x300.jpg\" class=\"attachment-shop_catalog size-shop_catalog product-hover-image\" alt=\"\" srcset=\"https:\/\/poppik.com\/wp-content\/uploads\/2020\/07\/poppik-pixel-art-stickers-autocollants-jeu-educatif-poster-2-300x300.jpg 300w, https:\/\/poppik.com\/wp-content\/uploads\/2020\/07\/poppik-pixel-art-stickers-autocollants-jeu-educatif-poster-2-150x150.jpg 150w, https:\/\/poppik.com\/wp-content\/uploads\/2020\/07\/poppik-pixel-art-stickers-autocollants-jeu-educatif-poster-2-768x768.jpg 768w, https:\/\/poppik.com\/wp-content\/uploads\/2020\/07\/poppik-pixel-art-stickers-autocollants-jeu-educatif-poster-2-100x100.jpg 100w, https:\/\/poppik.com\/wp-content\/uploads\/2020\/07\/poppik-pixel-art-stickers-autocollants-jeu-educatif-poster-2-600x600.jpg 600w, https:\/\/poppik.com\/wp-content\/uploads\/2020\/07\/poppik-pixel-art-stickers-autocollants-jeu-educatif-poster-2.jpg 800w\" sizes=\"(max-width: 300px) 100vw, 300px\" \/><\/a>\n\t\t\n\t\t\n\t\t\t<div class=\"buttons\">\n\t\t\t\t<a href=\"https:\/\/poppik.com\/en\/boutique\/posters-stickers-en\/poster-huge-1600-stickers-pixel-art\/\" data-quantity=\"1\" class=\"button product_type_simple sober-loop-atc-button\" data-product_id=\"3526\" data-product_sku=\"3760262410111\" aria-label=\"Read more about &ldquo;Huge poster + 1600 stickers PIXEL ART (6-12 years old)&rdquo;\" aria-describedby=\"\" rel=\"nofollow\"><svg viewBox=\"0 0 20 20\"><use xlink:href=\"#basket-addtocart\"><\/use><\/svg><span class=\"screen-reader-text\">Read more<\/span><\/a><a href=\"\/en\/wp-json\/wp\/v2\/pages\/2782?add_to_wishlist=3526\" data-product_id=\"3526\" data-product_type=\"simple\" class=\"button add-to-wishlist-button add-to-wishlist-3526 \" rel=\"nofollow\">\n\t\t\t<svg viewBox=\"0 0 20 20\" class=\"like\"><use xlink:href=\"#heart-wishlist-like\"><\/use><\/svg>\n\t\t\t<svg viewBox=\"0 0 20 20\" class=\"liked\"><use xlink:href=\"#heart-wishlist-liked\"><\/use><\/svg>\n\t\t\t<span class=\"indent-text\">Add to wishlist<\/span>\n\t\t<\/a>\t\t\t<\/div>\n\n\t\t\n\t\t<\/div>\n\t\t<h3 class=\"woocommerce-loop-product__title\"><a href=\"https:\/\/poppik.com\/en\/boutique\/posters-stickers-en\/poster-huge-1600-stickers-pixel-art\/\"><span>Huge poster + 1600 stickers<\/span> PIXEL ART (6-12 years old)<\/a><\/h3>\n\n\t\t <div class=\"star-rating-container\">\n                <div class=\"star-rating\">\n                     <span style=\"width:100%\">\n                    <strong itemprop=\"ratingValue\" class=\"rating\">5.00<\/strong>\n                    <\/span>\n                <\/div>\n                <div>0<\/div>\n           <\/div>\n        \n\n\t\n\t\t<span class=\"price\"><span class=\"woocommerce-Price-amount amount\"><span class=\"woocommerce-Price-currencySymbol\">&euro;<\/span>16,90<\/span><\/span>\n\n\t\n<span data-content_category=\"Posters &amp; stickers\"><\/span><\/li>\n<\/ul>\n<\/div>[\/vc_column][\/vc_row]<\/p>\n","protected":false},"excerpt":{"rendered":"<p>[vc_row][vc_column][vc_custom_heading text=&#8221;L&#8217;univers de Laurent Bazart&#8221; use_theme_fonts=&#8221;yes&#8221; css=&#8221;.vc_custom_1603532099640{margin-bottom: 20px !important;}&#8221;][\/vc_column][\/vc_row][vc_row css=&#8221;.vc_custom_1594902244110{margin-bottom: 10px !important;}&#8221;][vc_column][vc_column_text] Laurent Bazart est un amateur de vieux films de samura\u00ef, de western-spaghetti et d&#8217;histoires de zombies. Quand il&hellip;<\/p>\n","protected":false},"author":1,"featured_media":2230,"parent":0,"menu_order":0,"comment_status":"closed","ping_status":"closed","template":"","meta":{"footnotes":""},"jetpack_sharing_enabled":true,"_links":{"self":[{"href":"https:\/\/poppik.com\/en\/wp-json\/wp\/v2\/pages\/2782"}],"collection":[{"href":"https:\/\/poppik.com\/en\/wp-json\/wp\/v2\/pages"}],"about":[{"href":"https:\/\/poppik.com\/en\/wp-json\/wp\/v2\/types\/page"}],"author":[{"embeddable":true,"href":"https:\/\/poppik.com\/en\/wp-json\/wp\/v2\/users\/1"}],"replies":[{"embeddable":true,"href":"https:\/\/poppik.com\/en\/wp-json\/wp\/v2\/comments?post=2782"}],"version-history":[{"count":13,"href":"https:\/\/poppik.com\/en\/wp-json\/wp\/v2\/pages\/2782\/revisions"}],"predecessor-version":[{"id":12865,"href":"https:\/\/poppik.com\/en\/wp-json\/wp\/v2\/pages\/2782\/revisions\/12865"}],"wp:featuredmedia":[{"embeddable":true,"href":"https:\/\/poppik.com\/en\/wp-json\/wp\/v2\/media\/2230"}],"wp:attachment":[{"href":"https:\/\/poppik.com\/en\/wp-json\/wp\/v2\/media?parent=2782"}],"curies":[{"name":"wp","href":"https:\/\/api.w.org\/{rel}","templated":true}]}}