{"id":2780,"date":"2020-07-16T15:35:04","date_gmt":"2020-07-16T13:35:04","guid":{"rendered":"https:\/\/poppik-dev.logiq-digital.com\/nous-connaitre-stickers\/illustration-jeunesse-art\/jessica-das\/"},"modified":"2022-06-24T18:11:49","modified_gmt":"2022-06-24T16:11:49","slug":"jessica-das","status":"publish","type":"page","link":"https:\/\/poppik.com\/en\/jessica-das\/","title":{"rendered":"Jessica Das"},"content":{"rendered":"<p>[vc_row][vc_column][vc_custom_heading text=&#8221;L&#8217;univers de Jessica Das&#8221; use_theme_fonts=&#8221;yes&#8221; css=&#8221;.vc_custom_1603531980061{margin-bottom: 20px !important;}&#8221;][\/vc_column][\/vc_row][vc_row css=&#8221;.vc_custom_1594902244110{margin-bottom: 10px !important;}&#8221;][vc_column][vc_column_text]<\/p>\n<div class=\"ox-text ox-margin-bottom-medium\">\n<div class=\"ox-text ox-margin-bottom-medium\">\n<p>Apr\u00e8s avoir grandi sous le soleil de Californie, Jessica Das a pris racine \u00e0 Paris et partage son temps entre ses commandes en illustration et un travail de design sur des s\u00e9ries de dessins anim\u00e9s.<\/p>\n<p>Son univers est peupl\u00e9 de <a href=\"https:\/\/poppik.com\/boutique\/posters-stickers\/poster-750-gommettes-jungle\/\">cr\u00e9atures color\u00e9es<\/a> et polymorphes, toujours de bonne humeur ! Son style direct, expressif et chaleureux s&#8217;est enrichi au fil du temps, des projets et des exp\u00e9riences. Jessica puise son inspiration partout : les animaux, la danse, la musique, le cin\u00e9ma, les voyages, la vie ! Une id\u00e9e peut na\u00eetre d&#8217;un souvenir de voyage, ou d\u2019une vid\u00e9o glan\u00e9e sur internet ou encore en regardant de plus pr\u00e8s la composition d\u2019un plan dans un film.<\/p>\n<\/div>\n<\/div>\n<p>[\/vc_column_text][\/vc_column][\/vc_row][vc_row css=&#8221;.vc_custom_1594900940369{margin-bottom: 25px !important;}&#8221;][vc_column width=&#8221;1\/3&#8243; css=&#8221;.vc_custom_1594195570749{margin-top: 15px !important;margin-bottom: 15px !important;}&#8221;][vc_single_image image=&#8221;8473&#8243; img_size=&#8221;large&#8221; alignment=&#8221;center&#8221;][\/vc_column][vc_column width=&#8221;1\/3&#8243; css=&#8221;.vc_custom_1594195575582{margin-top: 15px !important;margin-bottom: 15px !important;}&#8221;][vc_single_image image=&#8221;2419&#8243; img_size=&#8221;large&#8221; alignment=&#8221;center&#8221;][\/vc_column][vc_column width=&#8221;1\/3&#8243; css=&#8221;.vc_custom_1594195580326{margin-top: 15px !important;margin-bottom: 15px !important;}&#8221;][vc_single_image image=&#8221;2266&#8243; img_size=&#8221;large&#8221; alignment=&#8221;center&#8221;][\/vc_column][\/vc_row][vc_row][vc_column][vc_column_text]<\/p>\n<div class=\"ox-text ox-margin-bottom-medium\">\n<div class=\"ox-text ox-margin-bottom-medium\">\n<p>Jessica aime les cadrages serr\u00e9s, avec un sujet simple, fort et color\u00e9. Souvent ses personnages regardent le \u00ab spectateur \u00bb comme un regard cam\u00e9ra complice. Comme s\u2019ils \u00e9taient en vie et nous regardaient eux aussi.<\/p>\n<p>Nous sommes particuli\u00e8rement fans de ses gammes color\u00e9es ultra joyeuses. Mais cela ne vient pas de nulle part : Jessica est une vraie sp\u00e9cialiste de la couleur. Et pas de la couleur terne, non, pas du tout ! De la couleur qui \u00e9clate !<\/p>\n<p><a href=\"https:\/\/jessicadas.com\" rel=\"hlid[=]2048[&amp;]href[=]https:\/\/jessicadas.com noopener\" target=\"_blank\">En savoir plus sur\u00a0Jessica Das<\/a><\/p>\n<\/div>\n<\/div>\n<p>[\/vc_column_text][\/vc_column][\/vc_row][vc_row][vc_column]<div class=\"woocommerce columns-4 \"><ul class=\"products columns-4\">\n<li class=\"layout-style-2 col-md-4 col-sm-4 col-xs-6 col-lg-3 product-has-gallery product-style-default product type-product post-3521 status-publish first outofstock product_cat-mini-posters-stickers product_tag-activity-stickers product_tag-activity-stickers-en product_tag-animal-stickers product_tag-coloring-stickers-en product_tag-creative-stickers-en product_tag-educational-stickers-en-2 product_tag-educational-stickers product_tag-educational-stickers-en product_tag-gommettes-en product_tag-montessori-stickers product_tag-pedagogical-activity product_tag-pedagogical-poster product_tag-poster-stickers-en product_tag-poster-stickers-en-3 product_tag-puzzle-gommettes-en product_tag-stickers-kid has-post-thumbnail taxable shipping-taxable purchasable product-type-simple\">\n\t<div class=\"product-header\"><a href=\"https:\/\/poppik.com\/en\/boutique\/posters-stickers\/poster-750-stickers-jungle-2\/\" class=\"woocommerce-LoopProduct-link woocommerce-loop-product__link\"><img loading=\"lazy\" decoding=\"async\" width=\"300\" height=\"300\" src=\"https:\/\/poppik.com\/wp-content\/uploads\/2020\/07\/jeu-educatif-poppik-puzzle-stickers-panorama-poster-maternelle-1-1-300x300.jpg\" class=\"attachment-woocommerce_thumbnail size-woocommerce_thumbnail\" alt=\"Gommettes 3 ans\" srcset=\"https:\/\/poppik.com\/wp-content\/uploads\/2020\/07\/jeu-educatif-poppik-puzzle-stickers-panorama-poster-maternelle-1-1-300x300.jpg 300w, https:\/\/poppik.com\/wp-content\/uploads\/2020\/07\/jeu-educatif-poppik-puzzle-stickers-panorama-poster-maternelle-1-1-150x150.jpg 150w, https:\/\/poppik.com\/wp-content\/uploads\/2020\/07\/jeu-educatif-poppik-puzzle-stickers-panorama-poster-maternelle-1-1-768x768.jpg 768w, https:\/\/poppik.com\/wp-content\/uploads\/2020\/07\/jeu-educatif-poppik-puzzle-stickers-panorama-poster-maternelle-1-1-100x100.jpg 100w, https:\/\/poppik.com\/wp-content\/uploads\/2020\/07\/jeu-educatif-poppik-puzzle-stickers-panorama-poster-maternelle-1-1-600x600.jpg 600w, https:\/\/poppik.com\/wp-content\/uploads\/2020\/07\/jeu-educatif-poppik-puzzle-stickers-panorama-poster-maternelle-1-1.jpg 800w\" sizes=\"(max-width: 300px) 100vw, 300px\" \/><img loading=\"lazy\" decoding=\"async\" width=\"300\" height=\"300\" src=\"https:\/\/poppik.com\/wp-content\/uploads\/2020\/07\/jeu-educatif-poppik-puzzle-stickers-panorama-poster-maternelle-3-1-300x300.jpg\" class=\"attachment-shop_catalog size-shop_catalog product-hover-image\" alt=\"\" srcset=\"https:\/\/poppik.com\/wp-content\/uploads\/2020\/07\/jeu-educatif-poppik-puzzle-stickers-panorama-poster-maternelle-3-1-300x300.jpg 300w, https:\/\/poppik.com\/wp-content\/uploads\/2020\/07\/jeu-educatif-poppik-puzzle-stickers-panorama-poster-maternelle-3-1-150x150.jpg 150w, https:\/\/poppik.com\/wp-content\/uploads\/2020\/07\/jeu-educatif-poppik-puzzle-stickers-panorama-poster-maternelle-3-1-100x100.jpg 100w\" sizes=\"(max-width: 300px) 100vw, 300px\" \/><\/a>\n\t\t\n\t\t\n\t\t\t<div class=\"buttons\">\n\t\t\t\t<a href=\"https:\/\/poppik.com\/en\/boutique\/posters-stickers\/poster-750-stickers-jungle-2\/\" data-quantity=\"1\" class=\"button product_type_simple sober-loop-atc-button\" data-product_id=\"3521\" data-product_sku=\"3760262410166\" aria-label=\"Read more about &ldquo;Creative poster + 750 stickers JUNGLE (3-7 years old)&rdquo;\" aria-describedby=\"\" rel=\"nofollow\"><svg viewBox=\"0 0 20 20\"><use xlink:href=\"#basket-addtocart\"><\/use><\/svg><span class=\"screen-reader-text\">Read more<\/span><\/a><a href=\"\/en\/wp-json\/wp\/v2\/pages\/2780?add_to_wishlist=3521\" data-product_id=\"3521\" data-product_type=\"simple\" class=\"button add-to-wishlist-button add-to-wishlist-3521 \" rel=\"nofollow\">\n\t\t\t<svg viewBox=\"0 0 20 20\" class=\"like\"><use xlink:href=\"#heart-wishlist-like\"><\/use><\/svg>\n\t\t\t<svg viewBox=\"0 0 20 20\" class=\"liked\"><use xlink:href=\"#heart-wishlist-liked\"><\/use><\/svg>\n\t\t\t<span class=\"indent-text\">Add to wishlist<\/span>\n\t\t<\/a>\t\t\t<\/div>\n\n\t\t\n\t\t<\/div>\n\t\t<h3 class=\"woocommerce-loop-product__title\"><a href=\"https:\/\/poppik.com\/en\/boutique\/posters-stickers\/poster-750-stickers-jungle-2\/\"><span>Creative poster + 750 stickers<\/span> JUNGLE (3-7 years old)<\/a><\/h3>\n\n\t\t <div class=\"star-rating-container\">\n                <div class=\"star-rating\">\n                     <span style=\"width:98%\">\n                    <strong itemprop=\"ratingValue\" class=\"rating\">4.90<\/strong>\n                    <\/span>\n                <\/div>\n                <div>0<\/div>\n           <\/div>\n        \n\n\t\n\t\t<span class=\"price\"><span class=\"woocommerce-Price-amount amount\"><span class=\"woocommerce-Price-currencySymbol\">&euro;<\/span>13,90<\/span><\/span>\n\n\t\n<span data-content_category=\"Mini posters &amp; Stickers\"><\/span><\/li>\n<li class=\"layout-style-2 col-md-4 col-sm-4 col-xs-6 col-lg-3 product-has-gallery product-style-default product type-product post-3507 status-publish outofstock product_cat-nouveautes-affiches product_tag-easy-puzzle product_tag-educational-puzzle product_tag-montessori-activity product_tag-montessori-home-activity product_tag-puzzle-enfants-en product_tag-puzzle-gommettes-en product_tag-puzzle-stickers-en product_tag-stickers-puzzle-en product_tag-travel-game taxable shipping-taxable purchasable product-type-simple\">\n\t<div class=\"product-header\"><a href=\"https:\/\/poppik.com\/en\/boutique\/nouveautes-affiches\/3-puzzles-3x35-stickers-funny-cats-5-10-years-old\/\" class=\"woocommerce-LoopProduct-link woocommerce-loop-product__link\"><img loading=\"lazy\" decoding=\"async\" width=\"300\" height=\"300\" src=\"https:\/\/poppik.com\/wp-content\/uploads\/woocommerce-placeholder.png\" class=\"woocommerce-placeholder wp-post-image\" alt=\"Placeholder\" srcset=\"https:\/\/poppik.com\/wp-content\/uploads\/woocommerce-placeholder.png 1200w, https:\/\/poppik.com\/wp-content\/uploads\/woocommerce-placeholder-300x300.png 300w, https:\/\/poppik.com\/wp-content\/uploads\/woocommerce-placeholder-1024x1024.png 1024w, https:\/\/poppik.com\/wp-content\/uploads\/woocommerce-placeholder-150x150.png 150w, https:\/\/poppik.com\/wp-content\/uploads\/woocommerce-placeholder-768x768.png 768w, https:\/\/poppik.com\/wp-content\/uploads\/woocommerce-placeholder-100x100.png 100w\" sizes=\"(max-width: 300px) 100vw, 300px\" \/><img loading=\"lazy\" decoding=\"async\" width=\"300\" height=\"300\" src=\"https:\/\/poppik.com\/wp-content\/uploads\/2020\/07\/poppik-jeu-educatif-puzzle-stickers-activite-manuelle-montessori-9-1-300x300.jpg\" class=\"attachment-shop_catalog size-shop_catalog product-hover-image\" alt=\"\" srcset=\"https:\/\/poppik.com\/wp-content\/uploads\/2020\/07\/poppik-jeu-educatif-puzzle-stickers-activite-manuelle-montessori-9-1-300x300.jpg 300w, https:\/\/poppik.com\/wp-content\/uploads\/2020\/07\/poppik-jeu-educatif-puzzle-stickers-activite-manuelle-montessori-9-1-150x150.jpg 150w, https:\/\/poppik.com\/wp-content\/uploads\/2020\/07\/poppik-jeu-educatif-puzzle-stickers-activite-manuelle-montessori-9-1-768x768.jpg 768w, https:\/\/poppik.com\/wp-content\/uploads\/2020\/07\/poppik-jeu-educatif-puzzle-stickers-activite-manuelle-montessori-9-1-100x100.jpg 100w, https:\/\/poppik.com\/wp-content\/uploads\/2020\/07\/poppik-jeu-educatif-puzzle-stickers-activite-manuelle-montessori-9-1-600x600.jpg 600w, https:\/\/poppik.com\/wp-content\/uploads\/2020\/07\/poppik-jeu-educatif-puzzle-stickers-activite-manuelle-montessori-9-1.jpg 800w\" sizes=\"(max-width: 300px) 100vw, 300px\" \/><span class=\"ribbons\"><span class=\"newness ribbon\">Out of stock<\/span><\/span><\/a>\n\t\t\n\t\t\n\t\t\t<div class=\"buttons\">\n\t\t\t\t<a href=\"https:\/\/poppik.com\/en\/boutique\/nouveautes-affiches\/3-puzzles-3x35-stickers-funny-cats-5-10-years-old\/\" data-quantity=\"1\" class=\"button product_type_simple sober-loop-atc-button\" data-product_id=\"3507\" data-product_sku=\"3760262410449\" aria-label=\"Read more about &ldquo;3 puzzles \u00e9ducatifs (3x35 stickers) FUNNY CATS (5-10 years old)&rdquo;\" aria-describedby=\"\" rel=\"nofollow\"><svg viewBox=\"0 0 20 20\"><use xlink:href=\"#basket-addtocart\"><\/use><\/svg><span class=\"screen-reader-text\">Read more<\/span><\/a><a href=\"\/en\/wp-json\/wp\/v2\/pages\/2780?add_to_wishlist=3507\" data-product_id=\"3507\" data-product_type=\"simple\" class=\"button add-to-wishlist-button add-to-wishlist-3507 \" rel=\"nofollow\">\n\t\t\t<svg viewBox=\"0 0 20 20\" class=\"like\"><use xlink:href=\"#heart-wishlist-like\"><\/use><\/svg>\n\t\t\t<svg viewBox=\"0 0 20 20\" class=\"liked\"><use xlink:href=\"#heart-wishlist-liked\"><\/use><\/svg>\n\t\t\t<span class=\"indent-text\">Add to wishlist<\/span>\n\t\t<\/a>\t\t\t<\/div>\n\n\t\t\n\t\t<\/div>\n\t\t<h3 class=\"woocommerce-loop-product__title\"><a href=\"https:\/\/poppik.com\/en\/boutique\/nouveautes-affiches\/3-puzzles-3x35-stickers-funny-cats-5-10-years-old\/\">3 puzzles \u00e9ducatifs (3&#215;35 stickers) FUNNY CATS (5-10 years old)<\/a><\/h3>\n\n\t\t <div class=\"star-rating-container\">\n                <div class=\"star-rating\">\n                     <span style=\"width:100%\">\n                    <strong itemprop=\"ratingValue\" class=\"rating\">5.00<\/strong>\n                    <\/span>\n                <\/div>\n                <div>0<\/div>\n           <\/div>\n        \n\n\t\n\t\t<span class=\"price\"><span class=\"woocommerce-Price-amount amount\"><span class=\"woocommerce-Price-currencySymbol\">&euro;<\/span>9,90<\/span><\/span>\n\n\t\n<span data-content_category=\"Nouveaut\u00e9s\"><\/span><\/li>\n<\/ul>\n<\/div>[\/vc_column][\/vc_row]<\/p>\n","protected":false},"excerpt":{"rendered":"<p>[vc_row][vc_column][vc_custom_heading text=&#8221;L&#8217;univers de Jessica Das&#8221; use_theme_fonts=&#8221;yes&#8221; css=&#8221;.vc_custom_1603531980061{margin-bottom: 20px !important;}&#8221;][\/vc_column][\/vc_row][vc_row css=&#8221;.vc_custom_1594902244110{margin-bottom: 10px !important;}&#8221;][vc_column][vc_column_text] Apr\u00e8s avoir grandi sous le soleil de Californie, Jessica Das a pris racine \u00e0 Paris et partage son&hellip;<\/p>\n","protected":false},"author":1,"featured_media":2269,"parent":0,"menu_order":0,"comment_status":"closed","ping_status":"closed","template":"","meta":{"footnotes":""},"jetpack_sharing_enabled":true,"_links":{"self":[{"href":"https:\/\/poppik.com\/en\/wp-json\/wp\/v2\/pages\/2780"}],"collection":[{"href":"https:\/\/poppik.com\/en\/wp-json\/wp\/v2\/pages"}],"about":[{"href":"https:\/\/poppik.com\/en\/wp-json\/wp\/v2\/types\/page"}],"author":[{"embeddable":true,"href":"https:\/\/poppik.com\/en\/wp-json\/wp\/v2\/users\/1"}],"replies":[{"embeddable":true,"href":"https:\/\/poppik.com\/en\/wp-json\/wp\/v2\/comments?post=2780"}],"version-history":[{"count":13,"href":"https:\/\/poppik.com\/en\/wp-json\/wp\/v2\/pages\/2780\/revisions"}],"predecessor-version":[{"id":12862,"href":"https:\/\/poppik.com\/en\/wp-json\/wp\/v2\/pages\/2780\/revisions\/12862"}],"wp:featuredmedia":[{"embeddable":true,"href":"https:\/\/poppik.com\/en\/wp-json\/wp\/v2\/media\/2269"}],"wp:attachment":[{"href":"https:\/\/poppik.com\/en\/wp-json\/wp\/v2\/media?parent=2780"}],"curies":[{"name":"wp","href":"https:\/\/api.w.org\/{rel}","templated":true}]}}