{"id":2778,"date":"2020-07-16T16:08:35","date_gmt":"2020-07-16T14:08:35","guid":{"rendered":"https:\/\/poppik-dev.logiq-digital.com\/nous-connaitre-stickers\/illustration-jeunesse-art\/elsa-fouquier\/"},"modified":"2022-06-24T18:10:21","modified_gmt":"2022-06-24T16:10:21","slug":"elsa-fouquier-illustrations","status":"publish","type":"page","link":"https:\/\/poppik.com\/en\/elsa-fouquier-illustrations\/","title":{"rendered":"Elsa Fouquier"},"content":{"rendered":"<p>[vc_row][vc_column][vc_custom_heading text=&#8221;L&#8217;univers d&#8217;Elsa Fouquier&#8221; use_theme_fonts=&#8221;yes&#8221; css=&#8221;.vc_custom_1603531773912{margin-bottom: 20px !important;}&#8221;][\/vc_column][\/vc_row][vc_row css=&#8221;.vc_custom_1594902244110{margin-bottom: 10px !important;}&#8221;][vc_column][vc_column_text]<\/p>\n<div class=\"ox-text ox-margin-bottom-medium\">\n<div class=\"ox-text ox-margin-bottom-medium\">\n<p>Elsa Fouquier est n\u00e9e en Normandie entour\u00e9e de nature, de cr\u00e8me fra\u00eeche et de beaux livres. Elle suit sa fratrie et change de maison tout les 2 ans, une vie de nomade qui lui donne la bougeotte. Elle se r\u00eave tant\u00f4t indien, tant\u00f4t pirate, exploratrice et dresseur d\u2019escargot. Elle invente des histoires un peu folles et imagine\u00a0d\u2019abord devenir \u00e9crivain (avec une vieille machine \u00e0 \u00e9crire), puis peintre (impressionniste).<\/p>\n<p>Comme tout \u00e7a est d\u00e9j\u00e0 d\u00e9pass\u00e9, elle entreprend finalement des \u00e9tudes \u00e0 l\u2019\u00c9cole Emile Cohl de Lyon pour devenir autrice\/illustratrice, un m\u00e9tier qui sent bon la libert\u00e9.<\/p>\n<p>Elle s\u2019installe \u00e0 Lyon, Paris puis Vancouver, traverse la Russie et le Canada en train et se trouve finalement un bout de campagne pour faire travailler crayon et imagination.<\/p>\n<\/div>\n<\/div>\n<p>[\/vc_column_text][\/vc_column][\/vc_row][vc_row css=&#8221;.vc_custom_1594900940369{margin-bottom: 25px !important;}&#8221;][vc_column width=&#8221;1\/3&#8243; css=&#8221;.vc_custom_1594195570749{margin-top: 15px !important;margin-bottom: 15px !important;}&#8221;][vc_single_image image=&#8221;2310&#8243; img_size=&#8221;large&#8221; alignment=&#8221;center&#8221;][\/vc_column][vc_column width=&#8221;1\/3&#8243; css=&#8221;.vc_custom_1594195575582{margin-top: 15px !important;margin-bottom: 15px !important;}&#8221;][vc_single_image image=&#8221;2425&#8243; img_size=&#8221;large&#8221; alignment=&#8221;center&#8221;][\/vc_column][vc_column width=&#8221;1\/3&#8243; css=&#8221;.vc_custom_1594195580326{margin-top: 15px !important;margin-bottom: 15px !important;}&#8221;][vc_single_image image=&#8221;2131&#8243; img_size=&#8221;large&#8221; alignment=&#8221;center&#8221;][\/vc_column][\/vc_row][vc_row][vc_column][vc_column_text]<\/p>\n<div class=\"ox-text ox-margin-bottom-medium\">\n<div class=\"ox-text ox-margin-bottom-medium\">\n<p>Elsa publie r\u00e9guli\u00e8rement chez Gallimard jeunesse, Milan presse, Fleurus. Chez Poppik, nous aimons ses enfants aux joues rondes qui sentent bon l&#8217;innocence et la joie de vivre, ses couleurs fa\u00eeches et joyeuses, la po\u00e9sie qui se d\u00e9gage de ses images. Elle a r\u00e9alis\u00e9 pour nous plusieurs<a href=\"https:\/\/poppik.com\/boutique\/jeux-de-voyage\/jeux-de-voyage-sticker-tropical\/\"> images en petit format<\/a>, de tr\u00e8s jolies collections d&#8217;images \u00e0 composer avec des stickers.<\/p>\n<p><a href=\"https:\/\/elsafouquier.myportfolio.com\" rel=\"hlid[=]2048[&amp;]href[=]https:\/\/elsafouquier.myportfolio.com noopener\" target=\"_blank\">En savoir plus sur\u00a0Elsa Fouquier<\/a><\/p>\n<\/div>\n<\/div>\n<p>[\/vc_column_text][\/vc_column][\/vc_row][vc_row][vc_column]<div class=\"woocommerce columns-4 \"><ul class=\"products columns-4\">\n<li class=\"layout-style-2 col-md-4 col-sm-4 col-xs-6 col-lg-3 product-has-gallery product-style-default product type-product post-3110 status-publish first instock product_cat-mini-posters-stickers product_tag-advent-calendar product_tag-childrens-nursery product_tag-christmas-crib product_tag-christmas-decor product_tag-christmas-kindergarten product_tag-christmas-montessori product_tag-creche-stickers-en product_tag-pedagogical-activity product_tag-pedagogical-poster product_tag-pedagogical-stickers product_tag-poster-christmas product_tag-stickers-christmas product_tag-stickers-noel-en has-post-thumbnail taxable shipping-taxable purchasable product-type-simple\">\n\t<div class=\"product-header\"><a href=\"https:\/\/poppik.com\/en\/boutique\/posters-stickers\/poster-520-stickers-decor-de-noel-4-10-ans-2\/\" class=\"woocommerce-LoopProduct-link woocommerce-loop-product__link\"><img loading=\"lazy\" decoding=\"async\" width=\"300\" height=\"300\" src=\"https:\/\/poppik.com\/wp-content\/uploads\/2020\/07\/poppik-jeu-educatif-poster-puzzle-stickers-activite-manuelle-noel-1-copie-1-300x300.jpg\" class=\"attachment-woocommerce_thumbnail size-woocommerce_thumbnail\" alt=\"cr\u00e8che no\u00ebl activit\u00e9\" srcset=\"https:\/\/poppik.com\/wp-content\/uploads\/2020\/07\/poppik-jeu-educatif-poster-puzzle-stickers-activite-manuelle-noel-1-copie-1-300x300.jpg 300w, https:\/\/poppik.com\/wp-content\/uploads\/2020\/07\/poppik-jeu-educatif-poster-puzzle-stickers-activite-manuelle-noel-1-copie-1-150x150.jpg 150w, https:\/\/poppik.com\/wp-content\/uploads\/2020\/07\/poppik-jeu-educatif-poster-puzzle-stickers-activite-manuelle-noel-1-copie-1-768x768.jpg 768w, https:\/\/poppik.com\/wp-content\/uploads\/2020\/07\/poppik-jeu-educatif-poster-puzzle-stickers-activite-manuelle-noel-1-copie-1-100x100.jpg 100w, https:\/\/poppik.com\/wp-content\/uploads\/2020\/07\/poppik-jeu-educatif-poster-puzzle-stickers-activite-manuelle-noel-1-copie-1-600x600.jpg 600w, https:\/\/poppik.com\/wp-content\/uploads\/2020\/07\/poppik-jeu-educatif-poster-puzzle-stickers-activite-manuelle-noel-1-copie-1.jpg 800w\" sizes=\"(max-width: 300px) 100vw, 300px\" \/><img loading=\"lazy\" decoding=\"async\" width=\"300\" height=\"300\" src=\"https:\/\/poppik.com\/wp-content\/uploads\/2020\/07\/Poppik-noel-creche-decor-stickers-gommettes-jeu-educatif-6-1-300x300.jpg\" class=\"attachment-shop_catalog size-shop_catalog product-hover-image\" alt=\"\" srcset=\"https:\/\/poppik.com\/wp-content\/uploads\/2020\/07\/Poppik-noel-creche-decor-stickers-gommettes-jeu-educatif-6-1-300x300.jpg 300w, https:\/\/poppik.com\/wp-content\/uploads\/2020\/07\/Poppik-noel-creche-decor-stickers-gommettes-jeu-educatif-6-1-150x150.jpg 150w, https:\/\/poppik.com\/wp-content\/uploads\/2020\/07\/Poppik-noel-creche-decor-stickers-gommettes-jeu-educatif-6-1-768x769.jpg 768w, https:\/\/poppik.com\/wp-content\/uploads\/2020\/07\/Poppik-noel-creche-decor-stickers-gommettes-jeu-educatif-6-1-100x100.jpg 100w, https:\/\/poppik.com\/wp-content\/uploads\/2020\/07\/Poppik-noel-creche-decor-stickers-gommettes-jeu-educatif-6-1-600x601.jpg 600w, https:\/\/poppik.com\/wp-content\/uploads\/2020\/07\/Poppik-noel-creche-decor-stickers-gommettes-jeu-educatif-6-1.jpg 799w\" sizes=\"(max-width: 300px) 100vw, 300px\" \/><\/a>\n\t\t\n\t\t\n\t\t\t<div class=\"buttons\">\n\t\t\t\t<a href=\"?add-to-cart=3110\" data-quantity=\"1\" class=\"button product_type_simple add_to_cart_button ajax_add_to_cart sober-loop-atc-button\" data-product_id=\"3110\" data-product_sku=\"3760262410616\" aria-label=\"Add to cart: &ldquo;Creative poster + 520 stickers CHRISTMAS Kindergarten (4-10 years)&rdquo;\" aria-describedby=\"\" rel=\"nofollow\"><svg viewBox=\"0 0 20 20\"><use xlink:href=\"#basket-addtocart\"><\/use><\/svg><span class=\"screen-reader-text\">Add to cart<\/span><\/a><a href=\"\/en\/wp-json\/wp\/v2\/pages\/2778?add_to_wishlist=3110\" data-product_id=\"3110\" data-product_type=\"simple\" class=\"button add-to-wishlist-button add-to-wishlist-3110 \" rel=\"nofollow\">\n\t\t\t<svg viewBox=\"0 0 20 20\" class=\"like\"><use xlink:href=\"#heart-wishlist-like\"><\/use><\/svg>\n\t\t\t<svg viewBox=\"0 0 20 20\" class=\"liked\"><use xlink:href=\"#heart-wishlist-liked\"><\/use><\/svg>\n\t\t\t<span class=\"indent-text\">Add to wishlist<\/span>\n\t\t<\/a>\t\t\t<\/div>\n\n\t\t\n\t\t<\/div>\n\t\t<h3 class=\"woocommerce-loop-product__title\"><a href=\"https:\/\/poppik.com\/en\/boutique\/posters-stickers\/poster-520-stickers-decor-de-noel-4-10-ans-2\/\"><span>Creative poster + 520 stickers<\/span> CHRISTMAS Kindergarten (4-10 years)<\/a><\/h3>\n\n\t\t <div class=\"star-rating-container\">\n                <div class=\"star-rating\">\n                     <span style=\"width:100%\">\n                    <strong itemprop=\"ratingValue\" class=\"rating\">5.00<\/strong>\n                    <\/span>\n                <\/div>\n                <div>0<\/div>\n           <\/div>\n        \n\n\t\n\t\t<span class=\"price\"><span class=\"woocommerce-Price-amount amount\"><span class=\"woocommerce-Price-currencySymbol\">&euro;<\/span>13,90<\/span><\/span>\n\n\t\n<span data-content_category=\"Mini posters &amp; Stickers\"><\/span><\/li>\n<li class=\"layout-style-2 col-md-4 col-sm-4 col-xs-6 col-lg-3 product-has-gallery product-style-default product type-product post-3517 status-publish outofstock product_cat-news product_tag-cheap-stickers product_tag-cheap-travel-game product_tag-creative-stickers product_tag-creative-stickers-en-2 product_tag-easy-stickers product_tag-easy-travel-game-en product_tag-educational-poster-en-2 product_tag-educational-stickers-en-2 product_tag-favourites product_tag-gommettes-maternelle-en product_tag-inexpensive-stickers product_tag-kindergarten-stickers product_tag-meilleures-ventes-en product_tag-pedagogical-poster product_tag-sticker-kit product_tag-travel-game taxable shipping-taxable purchasable product-type-simple\">\n\t<div class=\"product-header\"><a href=\"https:\/\/poppik.com\/en\/boutique\/news\/6-cards-360-stickers-tropical-4-8-years-old\/\" class=\"woocommerce-LoopProduct-link woocommerce-loop-product__link\"><img loading=\"lazy\" decoding=\"async\" width=\"300\" height=\"300\" src=\"https:\/\/poppik.com\/wp-content\/uploads\/woocommerce-placeholder.png\" class=\"woocommerce-placeholder wp-post-image\" alt=\"Placeholder\" srcset=\"https:\/\/poppik.com\/wp-content\/uploads\/woocommerce-placeholder.png 1200w, https:\/\/poppik.com\/wp-content\/uploads\/woocommerce-placeholder-300x300.png 300w, https:\/\/poppik.com\/wp-content\/uploads\/woocommerce-placeholder-1024x1024.png 1024w, https:\/\/poppik.com\/wp-content\/uploads\/woocommerce-placeholder-150x150.png 150w, https:\/\/poppik.com\/wp-content\/uploads\/woocommerce-placeholder-768x768.png 768w, https:\/\/poppik.com\/wp-content\/uploads\/woocommerce-placeholder-100x100.png 100w\" sizes=\"(max-width: 300px) 100vw, 300px\" \/><img loading=\"lazy\" decoding=\"async\" width=\"300\" height=\"300\" src=\"https:\/\/poppik.com\/wp-content\/uploads\/2020\/07\/Poppik-stickers-gommettes-jeu-de-voyage-puzzle-educatif-activite-manuelle-8-300x300.jpg\" class=\"attachment-shop_catalog size-shop_catalog product-hover-image\" alt=\"\" srcset=\"https:\/\/poppik.com\/wp-content\/uploads\/2020\/07\/Poppik-stickers-gommettes-jeu-de-voyage-puzzle-educatif-activite-manuelle-8-300x300.jpg 300w, https:\/\/poppik.com\/wp-content\/uploads\/2020\/07\/Poppik-stickers-gommettes-jeu-de-voyage-puzzle-educatif-activite-manuelle-8-150x150.jpg 150w, https:\/\/poppik.com\/wp-content\/uploads\/2020\/07\/Poppik-stickers-gommettes-jeu-de-voyage-puzzle-educatif-activite-manuelle-8-768x768.jpg 768w, https:\/\/poppik.com\/wp-content\/uploads\/2020\/07\/Poppik-stickers-gommettes-jeu-de-voyage-puzzle-educatif-activite-manuelle-8-100x100.jpg 100w, https:\/\/poppik.com\/wp-content\/uploads\/2020\/07\/Poppik-stickers-gommettes-jeu-de-voyage-puzzle-educatif-activite-manuelle-8-600x600.jpg 600w, https:\/\/poppik.com\/wp-content\/uploads\/2020\/07\/Poppik-stickers-gommettes-jeu-de-voyage-puzzle-educatif-activite-manuelle-8.jpg 800w\" sizes=\"(max-width: 300px) 100vw, 300px\" \/><\/a>\n\t\t\n\t\t\n\t\t\t<div class=\"buttons\">\n\t\t\t\t<a href=\"https:\/\/poppik.com\/en\/boutique\/news\/6-cards-360-stickers-tropical-4-8-years-old\/\" data-quantity=\"1\" class=\"button product_type_simple sober-loop-atc-button\" data-product_id=\"3517\" data-product_sku=\"3760262410258\" aria-label=\"Read more about &ldquo;6 cards + 360 stickers TROPICAL (4-8 years old)&rdquo;\" aria-describedby=\"\" rel=\"nofollow\"><svg viewBox=\"0 0 20 20\"><use xlink:href=\"#basket-addtocart\"><\/use><\/svg><span class=\"screen-reader-text\">Read more<\/span><\/a><a href=\"\/en\/wp-json\/wp\/v2\/pages\/2778?add_to_wishlist=3517\" data-product_id=\"3517\" data-product_type=\"simple\" class=\"button add-to-wishlist-button add-to-wishlist-3517 \" rel=\"nofollow\">\n\t\t\t<svg viewBox=\"0 0 20 20\" class=\"like\"><use xlink:href=\"#heart-wishlist-like\"><\/use><\/svg>\n\t\t\t<svg viewBox=\"0 0 20 20\" class=\"liked\"><use xlink:href=\"#heart-wishlist-liked\"><\/use><\/svg>\n\t\t\t<span class=\"indent-text\">Add to wishlist<\/span>\n\t\t<\/a>\t\t\t<\/div>\n\n\t\t\n\t\t<\/div>\n\t\t<h3 class=\"woocommerce-loop-product__title\"><a href=\"https:\/\/poppik.com\/en\/boutique\/news\/6-cards-360-stickers-tropical-4-8-years-old\/\">6 cards + 360 stickers TROPICAL (4-8 years old)<\/a><\/h3>\n\n\t\t <div class=\"star-rating-container\">\n                <div class=\"star-rating\">\n                     <span style=\"width:100%\">\n                    <strong itemprop=\"ratingValue\" class=\"rating\">5.00<\/strong>\n                    <\/span>\n                <\/div>\n                <div>0<\/div>\n           <\/div>\n        \n\n\t\n\t\t<span class=\"price\"><span class=\"woocommerce-Price-amount amount\"><span class=\"woocommerce-Price-currencySymbol\">&euro;<\/span>6,90<\/span><\/span>\n\n\t\n<span data-content_category=\"News\"><\/span><\/li>\n<\/ul>\n<\/div>[\/vc_column][\/vc_row]<\/p>\n","protected":false},"excerpt":{"rendered":"<p>[vc_row][vc_column][vc_custom_heading text=&#8221;L&#8217;univers d&#8217;Elsa Fouquier&#8221; use_theme_fonts=&#8221;yes&#8221; css=&#8221;.vc_custom_1603531773912{margin-bottom: 20px !important;}&#8221;][\/vc_column][\/vc_row][vc_row css=&#8221;.vc_custom_1594902244110{margin-bottom: 10px !important;}&#8221;][vc_column][vc_column_text] Elsa Fouquier est n\u00e9e en Normandie entour\u00e9e de nature, de cr\u00e8me fra\u00eeche et de beaux livres. Elle suit sa&hellip;<\/p>\n","protected":false},"author":1,"featured_media":2427,"parent":0,"menu_order":0,"comment_status":"closed","ping_status":"closed","template":"","meta":{"footnotes":""},"jetpack_sharing_enabled":true,"_links":{"self":[{"href":"https:\/\/poppik.com\/en\/wp-json\/wp\/v2\/pages\/2778"}],"collection":[{"href":"https:\/\/poppik.com\/en\/wp-json\/wp\/v2\/pages"}],"about":[{"href":"https:\/\/poppik.com\/en\/wp-json\/wp\/v2\/types\/page"}],"author":[{"embeddable":true,"href":"https:\/\/poppik.com\/en\/wp-json\/wp\/v2\/users\/1"}],"replies":[{"embeddable":true,"href":"https:\/\/poppik.com\/en\/wp-json\/wp\/v2\/comments?post=2778"}],"version-history":[{"count":11,"href":"https:\/\/poppik.com\/en\/wp-json\/wp\/v2\/pages\/2778\/revisions"}],"predecessor-version":[{"id":12855,"href":"https:\/\/poppik.com\/en\/wp-json\/wp\/v2\/pages\/2778\/revisions\/12855"}],"wp:featuredmedia":[{"embeddable":true,"href":"https:\/\/poppik.com\/en\/wp-json\/wp\/v2\/media\/2427"}],"wp:attachment":[{"href":"https:\/\/poppik.com\/en\/wp-json\/wp\/v2\/media?parent=2778"}],"curies":[{"name":"wp","href":"https:\/\/api.w.org\/{rel}","templated":true}]}}