{"id":2774,"date":"2020-07-16T15:52:42","date_gmt":"2020-07-16T13:52:42","guid":{"rendered":"https:\/\/poppik-dev.logiq-digital.com\/nous-connaitre-stickers\/illustration-jeunesse-art\/delphine-doreau\/"},"modified":"2022-06-24T18:07:28","modified_gmt":"2022-06-24T16:07:28","slug":"delphine-doreau","status":"publish","type":"page","link":"https:\/\/poppik.com\/en\/delphine-doreau\/","title":{"rendered":"Delphine Doreau"},"content":{"rendered":"<p>[vc_row][vc_column][vc_custom_heading text=&#8221;L&#8217;univers de Delphine Doreau&#8221; use_theme_fonts=&#8221;yes&#8221; css=&#8221;.vc_custom_1603531659856{margin-bottom: 20px !important;}&#8221;][vc_column_text]<\/p>\n<p class=\"p1\"><span class=\"s1\">Apr\u00e8s avoir obtenu son dipl\u00f4me \u00e0 la prestigieuse \u00e9cole des Beaux-Arts de Paris, Delphine s&#8217;est envol\u00e9e vers la Californie o\u00f9 elle a travaill\u00e9 durant de longues ann\u00e9es pour l&#8217;industrie du cin\u00e9ma, dans le domaine des effets sp\u00e9ciaux.\u00a0<\/span><\/p>\n<p class=\"p1\"><span class=\"s1\">Aujourd&#8217;hui, elle travaille en free-lance comme directrice artistique, illustratrice, professeur d&#8217;art. Elle laisse ainsi libre cours \u00e0 ses multiples passions, qui vont des pliages d&#8217;origami \u00e0 l&#8217;aquarelle, en passant par la chimie des couleurs et les trait\u00e9s de botanique. Elle aime cr\u00e9er des mondes miniatures, dessiner des lapins, s&#8217;occuper de son chat, d\u00e9cortiquer photoshop&#8230; Elle trouve son inspiration dans tout ce qui l&#8217;entoure.\u00a0<\/span><\/p>\n<p class=\"p1\"><span class=\"s1\">Delphine accompagne Poppik depuis ses tout d\u00e9buts, elle a cr\u00e9\u00e9 le premier logo de l&#8217;entreprise, r\u00e9fl\u00e9chi aux packaging et s&#8217;est passionn\u00e9e pour les <a href=\"https:\/\/poppik.com\/boutique\/posters-stickers\/puzzle-creatif-frida-kahlo\/\">oeuvres d&#8217;art en pixels<\/a>. C&#8217;est elle qui joue avec les couleurs pour cr\u00e9er les mosa\u00efques en stickers inspir\u00e9es de grands chefs d&#8217;oeuvre de l&#8217;art.<\/span><\/p>\n<p>[\/vc_column_text][\/vc_column][\/vc_row][vc_row css=&#8221;.vc_custom_1594900940369{margin-bottom: 25px !important;}&#8221;][vc_column width=&#8221;1\/3&#8243; css=&#8221;.vc_custom_1594195570749{margin-top: 15px !important;margin-bottom: 15px !important;}&#8221;][vc_single_image image=&#8221;2193&#8243; img_size=&#8221;large&#8221; alignment=&#8221;center&#8221;][\/vc_column][vc_column width=&#8221;1\/3&#8243; css=&#8221;.vc_custom_1594195575582{margin-top: 15px !important;margin-bottom: 15px !important;}&#8221;][vc_single_image image=&#8221;2397&#8243; img_size=&#8221;large&#8221; alignment=&#8221;center&#8221;][\/vc_column][vc_column width=&#8221;1\/3&#8243; css=&#8221;.vc_custom_1594195580326{margin-top: 15px !important;margin-bottom: 15px !important;}&#8221;][vc_single_image image=&#8221;2399&#8243; img_size=&#8221;large&#8221; alignment=&#8221;center&#8221;][\/vc_column][\/vc_row][vc_row][vc_column][vc_column_text]<\/p>\n<div class=\"ox-text ox-margin-bottom-medium\">\n<p><a href=\"http:\/\/www.ddoreau.com\" rel=\"hlid[=]2048[&amp;]href[=]http:\/\/www.ddoreau.com noopener\" target=\"_blank\">En savoir plus\u00a0sur Delphine Doreau<\/a><\/p>\n<\/div>\n<p>[\/vc_column_text][\/vc_column][\/vc_row][vc_row][vc_column]<div class=\"woocommerce columns-4 \"><ul class=\"products columns-4\">\n<li class=\"layout-style-2 col-md-4 col-sm-4 col-xs-6 col-lg-3 product-has-gallery product-style-default product type-product post-3118 status-publish first outofstock product_cat-posters-stickers-en product_tag-arts-and-crafts product_tag-pedagogical-activity product_tag-pedagogical-poster product_tag-pedagogical-stickers product_tag-portrait-van-gogh-en product_tag-poster-pixels-en product_tag-poster-stickers-en-2 product_tag-poster-van-gogh-en product_tag-puzzle-pixel-en product_tag-puzzle-van-gogh-en product_tag-sticker-poster-en taxable shipping-taxable purchasable product-type-simple\">\n\t<div class=\"product-header\"><a href=\"https:\/\/poppik.com\/en\/boutique\/posters-stickers-en\/poster-stickers-vincent-van-gogh-2\/\" class=\"woocommerce-LoopProduct-link woocommerce-loop-product__link\"><img loading=\"lazy\" decoding=\"async\" width=\"300\" height=\"300\" src=\"https:\/\/poppik.com\/wp-content\/uploads\/woocommerce-placeholder.png\" class=\"woocommerce-placeholder wp-post-image\" alt=\"Placeholder\" srcset=\"https:\/\/poppik.com\/wp-content\/uploads\/woocommerce-placeholder.png 1200w, https:\/\/poppik.com\/wp-content\/uploads\/woocommerce-placeholder-300x300.png 300w, https:\/\/poppik.com\/wp-content\/uploads\/woocommerce-placeholder-1024x1024.png 1024w, https:\/\/poppik.com\/wp-content\/uploads\/woocommerce-placeholder-150x150.png 150w, https:\/\/poppik.com\/wp-content\/uploads\/woocommerce-placeholder-768x768.png 768w, https:\/\/poppik.com\/wp-content\/uploads\/woocommerce-placeholder-100x100.png 100w\" sizes=\"(max-width: 300px) 100vw, 300px\" \/><img loading=\"lazy\" decoding=\"async\" width=\"300\" height=\"300\" src=\"https:\/\/poppik.com\/wp-content\/uploads\/2020\/07\/Poppik-vincent-van-gogh-portrait-pixels-stickers-art-300x300.jpg\" class=\"attachment-shop_catalog size-shop_catalog product-hover-image\" alt=\"\" srcset=\"https:\/\/poppik.com\/wp-content\/uploads\/2020\/07\/Poppik-vincent-van-gogh-portrait-pixels-stickers-art-300x300.jpg 300w, https:\/\/poppik.com\/wp-content\/uploads\/2020\/07\/Poppik-vincent-van-gogh-portrait-pixels-stickers-art-150x150.jpg 150w, https:\/\/poppik.com\/wp-content\/uploads\/2020\/07\/Poppik-vincent-van-gogh-portrait-pixels-stickers-art-100x100.jpg 100w\" sizes=\"(max-width: 300px) 100vw, 300px\" \/><span class=\"ribbons\"><span class=\"newness ribbon\">Out of stock<\/span><\/span><\/a>\n\t\t\n\t\t\n\t\t\t<div class=\"buttons\">\n\t\t\t\t<a href=\"https:\/\/poppik.com\/en\/boutique\/posters-stickers-en\/poster-stickers-vincent-van-gogh-2\/\" data-quantity=\"1\" class=\"button product_type_simple sober-loop-atc-button\" data-product_id=\"3118\" data-product_sku=\"3760262410531\" aria-label=\"Read more about &ldquo;Creative Puzzle + 1900 stickersVINCENT VAN GOGH (from 10 years old)&rdquo;\" aria-describedby=\"\" rel=\"nofollow\"><svg viewBox=\"0 0 20 20\"><use xlink:href=\"#basket-addtocart\"><\/use><\/svg><span class=\"screen-reader-text\">Read more<\/span><\/a><a href=\"\/en\/wp-json\/wp\/v2\/pages\/2774?add_to_wishlist=3118\" data-product_id=\"3118\" data-product_type=\"simple\" class=\"button add-to-wishlist-button add-to-wishlist-3118 \" rel=\"nofollow\">\n\t\t\t<svg viewBox=\"0 0 20 20\" class=\"like\"><use xlink:href=\"#heart-wishlist-like\"><\/use><\/svg>\n\t\t\t<svg viewBox=\"0 0 20 20\" class=\"liked\"><use xlink:href=\"#heart-wishlist-liked\"><\/use><\/svg>\n\t\t\t<span class=\"indent-text\">Add to wishlist<\/span>\n\t\t<\/a>\t\t\t<\/div>\n\n\t\t\n\t\t<\/div>\n\t\t<h3 class=\"woocommerce-loop-product__title\"><a href=\"https:\/\/poppik.com\/en\/boutique\/posters-stickers-en\/poster-stickers-vincent-van-gogh-2\/\"><span>Creative Puzzle + 1900 stickers<\/span>VINCENT VAN GOGH (from 10 years old)<\/a><\/h3>\n\n\t\t <div class=\"star-rating-container\">\n                <div class=\"star-rating\">\n                     <span style=\"width:100%\">\n                    <strong itemprop=\"ratingValue\" class=\"rating\">5.00<\/strong>\n                    <\/span>\n                <\/div>\n                <div>0<\/div>\n           <\/div>\n        \n\n\t\n\t\t<span class=\"price\"><span class=\"woocommerce-Price-amount amount\"><span class=\"woocommerce-Price-currencySymbol\">&euro;<\/span>19,90<\/span><\/span>\n\n\t\n<span data-content_category=\"Posters &amp; stickers\"><\/span><\/li>\n<li class=\"layout-style-2 col-md-4 col-sm-4 col-xs-6 col-lg-3 product-has-gallery product-style-default product type-product post-3531 status-publish outofstock product_cat-posters-stickers-en product_tag-creative-hobby-mona-lisa product_tag-manual-activity-mona-lisa product_tag-mona-lisa product_tag-painting-mona-lisa product_tag-poster-mona-lisa product_tag-poster-stickers-en-2 product_tag-puzzle-mona-lisa product_tag-puzzle-stickers-en product_tag-puzzle-vinci-en has-post-thumbnail taxable shipping-taxable purchasable product-type-simple\">\n\t<div class=\"product-header\"><a href=\"https:\/\/poppik.com\/en\/boutique\/posters-stickers-en\/puzzle-joconde\/\" class=\"woocommerce-LoopProduct-link woocommerce-loop-product__link\"><img loading=\"lazy\" decoding=\"async\" width=\"300\" height=\"300\" src=\"https:\/\/poppik.com\/wp-content\/uploads\/2020\/07\/poppik-joconde-mona-lisa-stickers-gommettes-copie-2-300x300.jpg\" class=\"attachment-woocommerce_thumbnail size-woocommerce_thumbnail\" alt=\"puzzle Joconde\" srcset=\"https:\/\/poppik.com\/wp-content\/uploads\/2020\/07\/poppik-joconde-mona-lisa-stickers-gommettes-copie-2-300x300.jpg 300w, https:\/\/poppik.com\/wp-content\/uploads\/2020\/07\/poppik-joconde-mona-lisa-stickers-gommettes-copie-2-150x150.jpg 150w, https:\/\/poppik.com\/wp-content\/uploads\/2020\/07\/poppik-joconde-mona-lisa-stickers-gommettes-copie-2-768x768.jpg 768w, https:\/\/poppik.com\/wp-content\/uploads\/2020\/07\/poppik-joconde-mona-lisa-stickers-gommettes-copie-2-100x100.jpg 100w, https:\/\/poppik.com\/wp-content\/uploads\/2020\/07\/poppik-joconde-mona-lisa-stickers-gommettes-copie-2-600x600.jpg 600w, https:\/\/poppik.com\/wp-content\/uploads\/2020\/07\/poppik-joconde-mona-lisa-stickers-gommettes-copie-2.jpg 800w\" sizes=\"(max-width: 300px) 100vw, 300px\" \/><img loading=\"lazy\" decoding=\"async\" width=\"300\" height=\"300\" src=\"https:\/\/poppik.com\/wp-content\/uploads\/2020\/07\/poppik-joconde-contenu-pixel-art-stickers-mona-lisa-copie-300x300.jpg\" class=\"attachment-shop_catalog size-shop_catalog product-hover-image\" alt=\"\" srcset=\"https:\/\/poppik.com\/wp-content\/uploads\/2020\/07\/poppik-joconde-contenu-pixel-art-stickers-mona-lisa-copie-300x300.jpg 300w, https:\/\/poppik.com\/wp-content\/uploads\/2020\/07\/poppik-joconde-contenu-pixel-art-stickers-mona-lisa-copie-150x150.jpg 150w, https:\/\/poppik.com\/wp-content\/uploads\/2020\/07\/poppik-joconde-contenu-pixel-art-stickers-mona-lisa-copie-768x768.jpg 768w, https:\/\/poppik.com\/wp-content\/uploads\/2020\/07\/poppik-joconde-contenu-pixel-art-stickers-mona-lisa-copie-100x100.jpg 100w, https:\/\/poppik.com\/wp-content\/uploads\/2020\/07\/poppik-joconde-contenu-pixel-art-stickers-mona-lisa-copie-600x600.jpg 600w, https:\/\/poppik.com\/wp-content\/uploads\/2020\/07\/poppik-joconde-contenu-pixel-art-stickers-mona-lisa-copie.jpg 800w\" sizes=\"(max-width: 300px) 100vw, 300px\" \/><\/a>\n\t\t\n\t\t\n\t\t\t<div class=\"buttons\">\n\t\t\t\t<a href=\"https:\/\/poppik.com\/en\/boutique\/posters-stickers-en\/puzzle-joconde\/\" data-quantity=\"1\" class=\"button product_type_simple sober-loop-atc-button\" data-product_id=\"3531\" data-product_sku=\"3760262410005\" aria-label=\"Read more about &ldquo;Creative puzzle + 1600 stickers MONA LISA (from 10 years old)&rdquo;\" aria-describedby=\"\" rel=\"nofollow\"><svg viewBox=\"0 0 20 20\"><use xlink:href=\"#basket-addtocart\"><\/use><\/svg><span class=\"screen-reader-text\">Read more<\/span><\/a><a href=\"\/en\/wp-json\/wp\/v2\/pages\/2774?add_to_wishlist=3531\" data-product_id=\"3531\" data-product_type=\"simple\" class=\"button add-to-wishlist-button add-to-wishlist-3531 \" rel=\"nofollow\">\n\t\t\t<svg viewBox=\"0 0 20 20\" class=\"like\"><use xlink:href=\"#heart-wishlist-like\"><\/use><\/svg>\n\t\t\t<svg viewBox=\"0 0 20 20\" class=\"liked\"><use xlink:href=\"#heart-wishlist-liked\"><\/use><\/svg>\n\t\t\t<span class=\"indent-text\">Add to wishlist<\/span>\n\t\t<\/a>\t\t\t<\/div>\n\n\t\t\n\t\t<\/div>\n\t\t<h3 class=\"woocommerce-loop-product__title\"><a href=\"https:\/\/poppik.com\/en\/boutique\/posters-stickers-en\/puzzle-joconde\/\">Creative puzzle + 1600 stickers MONA LISA (from 10 years old)<\/a><\/h3>\n\n\t\t <div class=\"star-rating-container\">\n                <div class=\"star-rating\">\n                     <span style=\"width:100%\">\n                    <strong itemprop=\"ratingValue\" class=\"rating\">5.00<\/strong>\n                    <\/span>\n                <\/div>\n                <div>0<\/div>\n           <\/div>\n        \n\n\t\n\t\t<span class=\"price\"><span class=\"woocommerce-Price-amount amount\"><span class=\"woocommerce-Price-currencySymbol\">&euro;<\/span>19,90<\/span><\/span>\n\n\t\n<span data-content_category=\"Posters &amp; stickers\"><\/span><\/li>\n<li class=\"layout-style-2 col-md-4 col-sm-4 col-xs-6 col-lg-3 product-has-gallery product-style-default product type-product post-3509 status-publish outofstock product_cat-posters-stickers-en product_tag-artistic-puzzle product_tag-creative-puzzle product_tag-easy-creative-hobby product_tag-easy-puzzle product_tag-educational-poster-en-2 product_tag-educational-stickers-en-3 product_tag-frida-kahlo-en product_tag-pedagogical-activity product_tag-pedagogical-poster product_tag-portrait-frida-kahlo-en product_tag-poster-frida-kahlo-en product_tag-poster-pixel-art-en product_tag-poster-stickers-en-2 product_tag-poster-stickers-en product_tag-puzzle-1000-pieces-en product_tag-puzzle-2000-pieces-en product_tag-sticker-pixel-art-en taxable shipping-taxable purchasable product-type-simple\">\n\t<div class=\"product-header\"><a href=\"https:\/\/poppik.com\/en\/boutique\/posters-stickers-en\/giant-poster-1900-stickers-frida-kahlo-from-10-years-old\/\" class=\"woocommerce-LoopProduct-link woocommerce-loop-product__link\"><img loading=\"lazy\" decoding=\"async\" width=\"300\" height=\"300\" src=\"https:\/\/poppik.com\/wp-content\/uploads\/woocommerce-placeholder.png\" class=\"woocommerce-placeholder wp-post-image\" alt=\"Placeholder\" srcset=\"https:\/\/poppik.com\/wp-content\/uploads\/woocommerce-placeholder.png 1200w, https:\/\/poppik.com\/wp-content\/uploads\/woocommerce-placeholder-300x300.png 300w, https:\/\/poppik.com\/wp-content\/uploads\/woocommerce-placeholder-1024x1024.png 1024w, https:\/\/poppik.com\/wp-content\/uploads\/woocommerce-placeholder-150x150.png 150w, https:\/\/poppik.com\/wp-content\/uploads\/woocommerce-placeholder-768x768.png 768w, https:\/\/poppik.com\/wp-content\/uploads\/woocommerce-placeholder-100x100.png 100w\" sizes=\"(max-width: 300px) 100vw, 300px\" \/><img loading=\"lazy\" decoding=\"async\" width=\"300\" height=\"300\" src=\"https:\/\/poppik.com\/wp-content\/uploads\/2020\/07\/Poppik-Frida-Poster-Stickers-Mosaic-Art-by-number-Portrait-300x300.jpg\" class=\"attachment-shop_catalog size-shop_catalog product-hover-image\" alt=\"\" srcset=\"https:\/\/poppik.com\/wp-content\/uploads\/2020\/07\/Poppik-Frida-Poster-Stickers-Mosaic-Art-by-number-Portrait-300x300.jpg 300w, https:\/\/poppik.com\/wp-content\/uploads\/2020\/07\/Poppik-Frida-Poster-Stickers-Mosaic-Art-by-number-Portrait-150x150.jpg 150w, https:\/\/poppik.com\/wp-content\/uploads\/2020\/07\/Poppik-Frida-Poster-Stickers-Mosaic-Art-by-number-Portrait-768x768.jpg 768w, https:\/\/poppik.com\/wp-content\/uploads\/2020\/07\/Poppik-Frida-Poster-Stickers-Mosaic-Art-by-number-Portrait-100x100.jpg 100w, https:\/\/poppik.com\/wp-content\/uploads\/2020\/07\/Poppik-Frida-Poster-Stickers-Mosaic-Art-by-number-Portrait-600x600.jpg 600w, https:\/\/poppik.com\/wp-content\/uploads\/2020\/07\/Poppik-Frida-Poster-Stickers-Mosaic-Art-by-number-Portrait.jpg 800w\" sizes=\"(max-width: 300px) 100vw, 300px\" \/><span class=\"ribbons\"><span class=\"newness ribbon\">Out of stock<\/span><\/span><\/a>\n\t\t\n\t\t\n\t\t\t<div class=\"buttons\">\n\t\t\t\t<a href=\"https:\/\/poppik.com\/en\/boutique\/posters-stickers-en\/giant-poster-1900-stickers-frida-kahlo-from-10-years-old\/\" data-quantity=\"1\" class=\"button product_type_simple sober-loop-atc-button\" data-product_id=\"3509\" data-product_sku=\"3760262410418\" aria-label=\"Read more about &ldquo;Creative Puzzle + 1900 stickers FRIDA KAHLO (from 10 years old)&rdquo;\" aria-describedby=\"\" rel=\"nofollow\"><svg viewBox=\"0 0 20 20\"><use xlink:href=\"#basket-addtocart\"><\/use><\/svg><span class=\"screen-reader-text\">Read more<\/span><\/a><a href=\"\/en\/wp-json\/wp\/v2\/pages\/2774?add_to_wishlist=3509\" data-product_id=\"3509\" data-product_type=\"simple\" class=\"button add-to-wishlist-button add-to-wishlist-3509 \" rel=\"nofollow\">\n\t\t\t<svg viewBox=\"0 0 20 20\" class=\"like\"><use xlink:href=\"#heart-wishlist-like\"><\/use><\/svg>\n\t\t\t<svg viewBox=\"0 0 20 20\" class=\"liked\"><use xlink:href=\"#heart-wishlist-liked\"><\/use><\/svg>\n\t\t\t<span class=\"indent-text\">Add to wishlist<\/span>\n\t\t<\/a>\t\t\t<\/div>\n\n\t\t\n\t\t<\/div>\n\t\t<h3 class=\"woocommerce-loop-product__title\"><a href=\"https:\/\/poppik.com\/en\/boutique\/posters-stickers-en\/giant-poster-1900-stickers-frida-kahlo-from-10-years-old\/\">Creative Puzzle + 1900 stickers FRIDA KAHLO (from 10 years old)<\/a><\/h3>\n\n\t\t <div class=\"star-rating-container\">\n                <div class=\"star-rating\">\n                     <span style=\"width:100%\">\n                    <strong itemprop=\"ratingValue\" class=\"rating\">5.00<\/strong>\n                    <\/span>\n                <\/div>\n                <div>0<\/div>\n           <\/div>\n        \n\n\t\n\t\t<span class=\"price\"><span class=\"woocommerce-Price-amount amount\"><span class=\"woocommerce-Price-currencySymbol\">&euro;<\/span>19,90<\/span><\/span>\n\n\t\n<span data-content_category=\"Posters &amp; stickers\"><\/span><\/li>\n<li class=\"layout-style-2 col-md-4 col-sm-4 col-xs-6 col-lg-3 product-has-gallery product-style-default product type-product post-3530 status-publish last outofstock product_cat-posters-stickers-en product_tag-affiche-vermeer-en product_tag-artistic-puzzle product_tag-creative-hobby-vermeer product_tag-difficult-puzzle product_tag-jeune-fille-a-la-perle-en product_tag-painting-vermeer product_tag-poster-vermeer-en product_tag-pueel-jeune-fille-perle-en product_tag-puzzle-2000-pieces-en product_tag-puzzle-adults product_tag-puzzle-art-en product_tag-puzzle-artist product_tag-puzzle-famous-painting product_tag-puzzle-painting product_tag-puzzle-stickers-en product_tag-puzzle-vermeer-en product_tag-vermeer-en has-post-thumbnail taxable shipping-taxable purchasable product-type-simple\">\n\t<div class=\"product-header\"><a href=\"https:\/\/poppik.com\/en\/boutique\/posters-stickers-en\/puzzle-2000-stickers-vermeer-2\/\" class=\"woocommerce-LoopProduct-link woocommerce-loop-product__link\"><img loading=\"lazy\" decoding=\"async\" width=\"300\" height=\"300\" src=\"https:\/\/poppik.com\/wp-content\/uploads\/2020\/07\/poppik-vermeer-sticker-art-gommettes-300x300.jpg\" class=\"attachment-woocommerce_thumbnail size-woocommerce_thumbnail\" alt=\"Puzzle mosa\u00efque\" srcset=\"https:\/\/poppik.com\/wp-content\/uploads\/2020\/07\/poppik-vermeer-sticker-art-gommettes-300x300.jpg 300w, https:\/\/poppik.com\/wp-content\/uploads\/2020\/07\/poppik-vermeer-sticker-art-gommettes-150x150.jpg 150w, https:\/\/poppik.com\/wp-content\/uploads\/2020\/07\/poppik-vermeer-sticker-art-gommettes-768x770.jpg 768w, https:\/\/poppik.com\/wp-content\/uploads\/2020\/07\/poppik-vermeer-sticker-art-gommettes-100x100.jpg 100w, https:\/\/poppik.com\/wp-content\/uploads\/2020\/07\/poppik-vermeer-sticker-art-gommettes-600x602.jpg 600w, https:\/\/poppik.com\/wp-content\/uploads\/2020\/07\/poppik-vermeer-sticker-art-gommettes.jpg 798w\" sizes=\"(max-width: 300px) 100vw, 300px\" \/><img loading=\"lazy\" decoding=\"async\" width=\"300\" height=\"300\" src=\"https:\/\/poppik.com\/wp-content\/uploads\/2020\/07\/POPPIK-florieberger-025-copie-300x300.jpg\" class=\"attachment-shop_catalog size-shop_catalog product-hover-image\" alt=\"\" srcset=\"https:\/\/poppik.com\/wp-content\/uploads\/2020\/07\/POPPIK-florieberger-025-copie-300x300.jpg 300w, https:\/\/poppik.com\/wp-content\/uploads\/2020\/07\/POPPIK-florieberger-025-copie-150x150.jpg 150w, https:\/\/poppik.com\/wp-content\/uploads\/2020\/07\/POPPIK-florieberger-025-copie-768x768.jpg 768w, https:\/\/poppik.com\/wp-content\/uploads\/2020\/07\/POPPIK-florieberger-025-copie-100x100.jpg 100w, https:\/\/poppik.com\/wp-content\/uploads\/2020\/07\/POPPIK-florieberger-025-copie-600x600.jpg 600w, https:\/\/poppik.com\/wp-content\/uploads\/2020\/07\/POPPIK-florieberger-025-copie.jpg 800w\" sizes=\"(max-width: 300px) 100vw, 300px\" \/><\/a>\n\t\t\n\t\t\n\t\t\t<div class=\"buttons\">\n\t\t\t\t<a href=\"https:\/\/poppik.com\/en\/boutique\/posters-stickers-en\/puzzle-2000-stickers-vermeer-2\/\" data-quantity=\"1\" class=\"button product_type_simple sober-loop-atc-button\" data-product_id=\"3530\" data-product_sku=\"3760262410012\" aria-label=\"Read more about &ldquo;Creative puzzle + 2100 stickers YOUNG GIRL WITH A PEARL&rdquo;\" aria-describedby=\"\" rel=\"nofollow\"><svg viewBox=\"0 0 20 20\"><use xlink:href=\"#basket-addtocart\"><\/use><\/svg><span class=\"screen-reader-text\">Read more<\/span><\/a><a href=\"\/en\/wp-json\/wp\/v2\/pages\/2774?add_to_wishlist=3530\" data-product_id=\"3530\" data-product_type=\"simple\" class=\"button add-to-wishlist-button add-to-wishlist-3530 \" rel=\"nofollow\">\n\t\t\t<svg viewBox=\"0 0 20 20\" class=\"like\"><use xlink:href=\"#heart-wishlist-like\"><\/use><\/svg>\n\t\t\t<svg viewBox=\"0 0 20 20\" class=\"liked\"><use xlink:href=\"#heart-wishlist-liked\"><\/use><\/svg>\n\t\t\t<span class=\"indent-text\">Add to wishlist<\/span>\n\t\t<\/a>\t\t\t<\/div>\n\n\t\t\n\t\t<\/div>\n\t\t<h3 class=\"woocommerce-loop-product__title\"><a href=\"https:\/\/poppik.com\/en\/boutique\/posters-stickers-en\/puzzle-2000-stickers-vermeer-2\/\">Creative puzzle + 2100 stickers YOUNG GIRL WITH A PEARL<\/a><\/h3>\n\n\t\t <div class=\"star-rating-container\">\n                <div class=\"star-rating\">\n                     <span style=\"width:100%\">\n                    <strong itemprop=\"ratingValue\" class=\"rating\">5.00<\/strong>\n                    <\/span>\n                <\/div>\n                <div>0<\/div>\n           <\/div>\n        \n\n\t\n\t\t<span class=\"price\"><span class=\"woocommerce-Price-amount amount\"><span class=\"woocommerce-Price-currencySymbol\">&euro;<\/span>19,90<\/span><\/span>\n\n\t\n<span data-content_category=\"Posters &amp; stickers\"><\/span><\/li>\n<\/ul>\n<\/div>[\/vc_column][\/vc_row]<\/p>\n","protected":false},"excerpt":{"rendered":"<p>[vc_row][vc_column][vc_custom_heading text=&#8221;L&#8217;univers de Delphine Doreau&#8221; use_theme_fonts=&#8221;yes&#8221; css=&#8221;.vc_custom_1603531659856{margin-bottom: 20px !important;}&#8221;][vc_column_text] Apr\u00e8s avoir obtenu son dipl\u00f4me \u00e0 la prestigieuse \u00e9cole des Beaux-Arts de Paris, Delphine s&#8217;est envol\u00e9e vers la Californie o\u00f9 elle&hellip;<\/p>\n","protected":false},"author":1,"featured_media":2395,"parent":0,"menu_order":0,"comment_status":"closed","ping_status":"closed","template":"","meta":{"footnotes":""},"jetpack_sharing_enabled":true,"_links":{"self":[{"href":"https:\/\/poppik.com\/en\/wp-json\/wp\/v2\/pages\/2774"}],"collection":[{"href":"https:\/\/poppik.com\/en\/wp-json\/wp\/v2\/pages"}],"about":[{"href":"https:\/\/poppik.com\/en\/wp-json\/wp\/v2\/types\/page"}],"author":[{"embeddable":true,"href":"https:\/\/poppik.com\/en\/wp-json\/wp\/v2\/users\/1"}],"replies":[{"embeddable":true,"href":"https:\/\/poppik.com\/en\/wp-json\/wp\/v2\/comments?post=2774"}],"version-history":[{"count":9,"href":"https:\/\/poppik.com\/en\/wp-json\/wp\/v2\/pages\/2774\/revisions"}],"predecessor-version":[{"id":12850,"href":"https:\/\/poppik.com\/en\/wp-json\/wp\/v2\/pages\/2774\/revisions\/12850"}],"wp:featuredmedia":[{"embeddable":true,"href":"https:\/\/poppik.com\/en\/wp-json\/wp\/v2\/media\/2395"}],"wp:attachment":[{"href":"https:\/\/poppik.com\/en\/wp-json\/wp\/v2\/media?parent=2774"}],"curies":[{"name":"wp","href":"https:\/\/api.w.org\/{rel}","templated":true}]}}