{"id":2772,"date":"2020-07-16T15:57:16","date_gmt":"2020-07-16T13:57:16","guid":{"rendered":"https:\/\/poppik-dev.logiq-digital.com\/nous-connaitre-stickers\/illustration-jeunesse-art\/clemence-dupont\/"},"modified":"2022-06-24T18:06:57","modified_gmt":"2022-06-24T16:06:57","slug":"clemence-dupont","status":"publish","type":"page","link":"https:\/\/poppik.com\/en\/clemence-dupont\/","title":{"rendered":"Cl\u00e9mence Dupont"},"content":{"rendered":"<p>[vc_row][vc_column][vc_custom_heading text=&#8221;L&#8217;univers de Cl\u00e9mence Dupont&#8221; use_theme_fonts=&#8221;yes&#8221; css=&#8221;.vc_custom_1603531538873{margin-bottom: 20px !important;}&#8221;][\/vc_column][\/vc_row][vc_row css=&#8221;.vc_custom_1594908052618{margin-bottom: 15px !important;}&#8221;][vc_column][vc_column_text]<\/p>\n<div class=\"ox-text ox-margin-bottom-medium\">Cl\u00e9mence Dupont a \u00e9t\u00e9 form\u00e9 \u00e0 l&#8217;\u00c9cole sup\u00e9rieure d&#8217;Art d&#8217;\u00c9pinal, et vit \u00e0 Strasbourg. Elle aime cr\u00e9er des images didactiques et color\u00e9es, en particulier pour les enfants. Passionn\u00e9e par la botanique, par l&#8217;histoire de la terre et par <a href=\"https:\/\/poppik.com\/boutique\/posters-stickers\/poster-dinosaures-educatif\/\">les dinosaures<\/a>, elle revisite ces th\u00e8mes-l\u00e0 en leur apportant une grande fra\u00eecheur. C&#8217;est tr\u00e8s naturellement qu&#8217;elle travaille pour le secteur du documentaire, cherchant sans cesse de nouvelles fa\u00e7on de transmettre le savoir par les images.<\/div>\n<p>[\/vc_column_text][\/vc_column][\/vc_row][vc_row css=&#8221;.vc_custom_1594900940369{margin-bottom: 25px !important;}&#8221;][vc_column width=&#8221;1\/3&#8243; css=&#8221;.vc_custom_1594195570749{margin-top: 15px !important;margin-bottom: 15px !important;}&#8221;][vc_single_image image=&#8221;2541&#8243; img_size=&#8221;large&#8221; alignment=&#8221;center&#8221;][\/vc_column][vc_column width=&#8221;1\/3&#8243; css=&#8221;.vc_custom_1594195575582{margin-top: 15px !important;margin-bottom: 15px !important;}&#8221;][vc_single_image image=&#8221;2546&#8243; img_size=&#8221;large&#8221; alignment=&#8221;center&#8221;][\/vc_column][vc_column width=&#8221;1\/3&#8243; css=&#8221;.vc_custom_1594195580326{margin-top: 15px !important;margin-bottom: 15px !important;}&#8221;][vc_single_image image=&#8221;2532&#8243; img_size=&#8221;large&#8221; alignment=&#8221;center&#8221;][\/vc_column][\/vc_row][vc_row][vc_column][vc_column_text]<\/p>\n<div class=\"ox-text ox-margin-bottom-medium\">\n<div class=\"ox-text ox-margin-bottom-medium\">\n<p>Pour\u00a0Poppik,\u00a0Cl\u00e9mence a choisi de repr\u00e9senter les dinosaures class\u00e9s en 3 grandes p\u00e9riodes (Trias, Jurassique, Cr\u00e9tac\u00e9). Elle a valid\u00e9 ses images avec des pal\u00e9ontologue, pour \u00eatre au plus pr\u00e8s des derni\u00e8res connaissances sur ce sujet. Gr\u00e2ce \u00e0 sa gamme color\u00e9e \u00e9clatante, la pr\u00e9histoire devient un sujet joyeux et tr\u00e8s d\u00e9coratif !<\/p>\n<p><a href=\"https:\/\/clemence-dupont.tumblr.com\/\" rel=\"hlid[=]2048[&amp;]href[=]https:\/\/clemence-dupont.tumblr.com\/ noopener\" target=\"_blank\">En savoir plus sur Cl\u00e9mence Dupont<\/a><\/p>\n<\/div>\n<\/div>\n<p>[\/vc_column_text][\/vc_column][\/vc_row][vc_row][vc_column]<div class=\"woocommerce columns-4 \"><ul class=\"products columns-4\">\n<li class=\"layout-style-2 col-md-4 col-sm-4 col-xs-6 col-lg-3 product-has-gallery product-style-default product type-product post-3113 status-publish first instock product_cat-mini-posters-stickers product_cat-poster-discovery-6-12 product_cat-posters-stickers-en product_tag-child-poster-decoration product_tag-dinosaur-stickers product_tag-dinosaurs-poster product_tag-meilleures-ventes-en product_tag-montessori-activity product_tag-montessori-dinosaurs product_tag-news product_tag-pedagogical-activity product_tag-pedagogical-poster product_tag-pedagogical-stickers product_tag-poppik-poster-en product_tag-poster-dinosaurs product_tag-room-decoration-poster product_tag-stickers-dinosaurs has-post-thumbnail taxable shipping-taxable purchasable product-type-simple\">\n\t<div class=\"product-header\"><a href=\"https:\/\/poppik.com\/en\/boutique\/posters-stickers\/poster-geant-32-stickers-dinosaurs-5-12-years-old\/\" class=\"woocommerce-LoopProduct-link woocommerce-loop-product__link\"><img loading=\"lazy\" decoding=\"async\" width=\"300\" height=\"300\" src=\"https:\/\/poppik.com\/wp-content\/uploads\/2020\/07\/poppik-dinosaures-sticker-poster-wall-decor-kids-trex-0-300x300.jpg\" class=\"attachment-woocommerce_thumbnail size-woocommerce_thumbnail\" alt=\"poster dinosaures\" srcset=\"https:\/\/poppik.com\/wp-content\/uploads\/2020\/07\/poppik-dinosaures-sticker-poster-wall-decor-kids-trex-0-300x300.jpg 300w, https:\/\/poppik.com\/wp-content\/uploads\/2020\/07\/poppik-dinosaures-sticker-poster-wall-decor-kids-trex-0-150x150.jpg 150w, https:\/\/poppik.com\/wp-content\/uploads\/2020\/07\/poppik-dinosaures-sticker-poster-wall-decor-kids-trex-0-768x769.jpg 768w, https:\/\/poppik.com\/wp-content\/uploads\/2020\/07\/poppik-dinosaures-sticker-poster-wall-decor-kids-trex-0-100x100.jpg 100w, https:\/\/poppik.com\/wp-content\/uploads\/2020\/07\/poppik-dinosaures-sticker-poster-wall-decor-kids-trex-0-600x601.jpg 600w, https:\/\/poppik.com\/wp-content\/uploads\/2020\/07\/poppik-dinosaures-sticker-poster-wall-decor-kids-trex-0.jpg 799w\" sizes=\"(max-width: 300px) 100vw, 300px\" \/><img loading=\"lazy\" decoding=\"async\" width=\"300\" height=\"300\" src=\"https:\/\/poppik.com\/wp-content\/uploads\/2020\/07\/Jeu-educatif-Poppik-Puzzle-Stickers-Autocollants-affiche-dinosaures-2-300x300.jpg\" class=\"attachment-shop_catalog size-shop_catalog product-hover-image\" alt=\"poster dinosaurs\" srcset=\"https:\/\/poppik.com\/wp-content\/uploads\/2020\/07\/Jeu-educatif-Poppik-Puzzle-Stickers-Autocollants-affiche-dinosaures-2-300x300.jpg 300w, https:\/\/poppik.com\/wp-content\/uploads\/2020\/07\/Jeu-educatif-Poppik-Puzzle-Stickers-Autocollants-affiche-dinosaures-2-150x150.jpg 150w, https:\/\/poppik.com\/wp-content\/uploads\/2020\/07\/Jeu-educatif-Poppik-Puzzle-Stickers-Autocollants-affiche-dinosaures-2-768x768.jpg 768w, https:\/\/poppik.com\/wp-content\/uploads\/2020\/07\/Jeu-educatif-Poppik-Puzzle-Stickers-Autocollants-affiche-dinosaures-2-100x100.jpg 100w, https:\/\/poppik.com\/wp-content\/uploads\/2020\/07\/Jeu-educatif-Poppik-Puzzle-Stickers-Autocollants-affiche-dinosaures-2-600x600.jpg 600w, https:\/\/poppik.com\/wp-content\/uploads\/2020\/07\/Jeu-educatif-Poppik-Puzzle-Stickers-Autocollants-affiche-dinosaures-2.jpg 800w\" sizes=\"(max-width: 300px) 100vw, 300px\" \/><\/a>\n\t\t\n\t\t\n\t\t\t<div class=\"buttons\">\n\t\t\t\t<a href=\"?add-to-cart=3113\" data-quantity=\"1\" class=\"button product_type_simple add_to_cart_button ajax_add_to_cart sober-loop-atc-button\" data-product_id=\"3113\" data-product_sku=\"3760262410593US\" aria-label=\"Add to cart: &ldquo;Educational poster + 32 stickers DINOSAURES (5-12 years)&rdquo;\" aria-describedby=\"\" rel=\"nofollow\"><svg viewBox=\"0 0 20 20\"><use xlink:href=\"#basket-addtocart\"><\/use><\/svg><span class=\"screen-reader-text\">Add to cart<\/span><\/a><a href=\"\/en\/wp-json\/wp\/v2\/pages\/2772?add_to_wishlist=3113\" data-product_id=\"3113\" data-product_type=\"simple\" class=\"button add-to-wishlist-button add-to-wishlist-3113 \" rel=\"nofollow\">\n\t\t\t<svg viewBox=\"0 0 20 20\" class=\"like\"><use xlink:href=\"#heart-wishlist-like\"><\/use><\/svg>\n\t\t\t<svg viewBox=\"0 0 20 20\" class=\"liked\"><use xlink:href=\"#heart-wishlist-liked\"><\/use><\/svg>\n\t\t\t<span class=\"indent-text\">Add to wishlist<\/span>\n\t\t<\/a>\t\t\t<\/div>\n\n\t\t\n\t\t<\/div>\n\t\t<h3 class=\"woocommerce-loop-product__title\"><a href=\"https:\/\/poppik.com\/en\/boutique\/posters-stickers\/poster-geant-32-stickers-dinosaurs-5-12-years-old\/\">Educational poster + 32 stickers DINOSAURES (5-12 years)<\/a><\/h3>\n\n\t\t <div class=\"star-rating-container\">\n                <div class=\"star-rating\">\n                     <span style=\"width:96.4%\">\n                    <strong itemprop=\"ratingValue\" class=\"rating\">4.82<\/strong>\n                    <\/span>\n                <\/div>\n                <div>0<\/div>\n           <\/div>\n        \n\n\t\n\t\t<span class=\"price\"><span class=\"woocommerce-Price-amount amount\"><span class=\"woocommerce-Price-currencySymbol\">&euro;<\/span>16,90<\/span><\/span>\n\n\t\n<span data-content_category=\"Posters &amp; stickers\"><\/span><\/li>\n<\/ul>\n<\/div>[\/vc_column][\/vc_row]<\/p>\n","protected":false},"excerpt":{"rendered":"<p>[vc_row][vc_column][vc_custom_heading text=&#8221;L&#8217;univers de Cl\u00e9mence Dupont&#8221; use_theme_fonts=&#8221;yes&#8221; css=&#8221;.vc_custom_1603531538873{margin-bottom: 20px !important;}&#8221;][\/vc_column][\/vc_row][vc_row css=&#8221;.vc_custom_1594908052618{margin-bottom: 15px !important;}&#8221;][vc_column][vc_column_text] Cl\u00e9mence Dupont a \u00e9t\u00e9 form\u00e9 \u00e0 l&#8217;\u00c9cole sup\u00e9rieure d&#8217;Art d&#8217;\u00c9pinal, et vit \u00e0 Strasbourg. Elle aime cr\u00e9er des&hellip;<\/p>\n","protected":false},"author":1,"featured_media":2539,"parent":0,"menu_order":0,"comment_status":"closed","ping_status":"closed","template":"","meta":{"footnotes":""},"jetpack_sharing_enabled":true,"_links":{"self":[{"href":"https:\/\/poppik.com\/en\/wp-json\/wp\/v2\/pages\/2772"}],"collection":[{"href":"https:\/\/poppik.com\/en\/wp-json\/wp\/v2\/pages"}],"about":[{"href":"https:\/\/poppik.com\/en\/wp-json\/wp\/v2\/types\/page"}],"author":[{"embeddable":true,"href":"https:\/\/poppik.com\/en\/wp-json\/wp\/v2\/users\/1"}],"replies":[{"embeddable":true,"href":"https:\/\/poppik.com\/en\/wp-json\/wp\/v2\/comments?post=2772"}],"version-history":[{"count":21,"href":"https:\/\/poppik.com\/en\/wp-json\/wp\/v2\/pages\/2772\/revisions"}],"predecessor-version":[{"id":12848,"href":"https:\/\/poppik.com\/en\/wp-json\/wp\/v2\/pages\/2772\/revisions\/12848"}],"wp:featuredmedia":[{"embeddable":true,"href":"https:\/\/poppik.com\/en\/wp-json\/wp\/v2\/media\/2539"}],"wp:attachment":[{"href":"https:\/\/poppik.com\/en\/wp-json\/wp\/v2\/media?parent=2772"}],"curies":[{"name":"wp","href":"https:\/\/api.w.org\/{rel}","templated":true}]}}