{"id":2770,"date":"2020-07-16T15:31:58","date_gmt":"2020-07-16T13:31:58","guid":{"rendered":"https:\/\/poppik-dev.logiq-digital.com\/nous-connaitre-stickers\/illustration-jeunesse-art\/chloe-du-colombier\/"},"modified":"2022-07-01T13:20:36","modified_gmt":"2022-07-01T11:20:36","slug":"chloe-du-colombier","status":"publish","type":"page","link":"https:\/\/poppik.com\/en\/chloe-du-colombier\/","title":{"rendered":"Chlo\u00e9 du Colombier"},"content":{"rendered":"<p>[vc_row][vc_column][vc_custom_heading text=&#8221;L&#8217;univers de Chlo\u00e9 du Colombier&#8221; use_theme_fonts=&#8221;yes&#8221; css=&#8221;.vc_custom_1603531420958{margin-bottom: 20px !important;}&#8221;][\/vc_column][\/vc_row][vc_row css=&#8221;.vc_custom_1594902244110{margin-bottom: 10px !important;}&#8221;][vc_column][vc_column_text]<\/p>\n<div class=\"ox-text ox-margin-bottom-medium\">Issue de la prestigieuse \u00e9cole des Arts-D\u00e9co de Strasbourg, Chlo\u00e9 du Colombier a travaill\u00e9 une dizaine d&#8217;ann\u00e9es dans l&#8217;\u00e9dition jeunesse en tant que graphiste free-lance. Elle se consacre depuis sept ans \u00e0 l&#8217;illustration et \u0153uvre principalement pour l\u2019\u00e9dition (Gallimard Jeunesse, Casterman, Gulfstream, les \u00e9ditions du Ricochet) et la presse (Bayard, Salamandre). Elle vit et travaille \u00e0 Paris, mais n\u2019a pas pour autant oubli\u00e9 les rivi\u00e8res et les for\u00eats de sa Savoie natale. Elle a puis\u00e9 l&#8217;inspiration dans son attachement \u00e0 la nature pour concocter les images des adorables <a href=\"https:\/\/poppik.com\/boutique\/jeux-de-voyage\/cartes-96-gommettes-river\/\">Poppik pour les tout-petits.<\/a><\/div>\n<p>[\/vc_column_text][\/vc_column][\/vc_row][vc_row css=&#8221;.vc_custom_1594900940369{margin-bottom: 25px !important;}&#8221;][vc_column width=&#8221;1\/3&#8243; css=&#8221;.vc_custom_1594195570749{margin-top: 15px !important;margin-bottom: 15px !important;}&#8221;][vc_single_image image=&#8221;2108&#8243; img_size=&#8221;large&#8221; alignment=&#8221;center&#8221;][\/vc_column][vc_column width=&#8221;1\/3&#8243; css=&#8221;.vc_custom_1594195575582{margin-top: 15px !important;margin-bottom: 15px !important;}&#8221;][vc_single_image image=&#8221;2369&#8243; img_size=&#8221;large&#8221; alignment=&#8221;center&#8221;][\/vc_column][vc_column width=&#8221;1\/3&#8243; css=&#8221;.vc_custom_1594195580326{margin-top: 15px !important;margin-bottom: 15px !important;}&#8221;][vc_single_image image=&#8221;2106&#8243; img_size=&#8221;large&#8221; alignment=&#8221;center&#8221;][\/vc_column][\/vc_row][vc_row][vc_column][vc_column_text]<\/p>\n<div class=\"ox-text ox-margin-bottom-medium\">\n<div class=\"ox-text ox-margin-bottom-medium\">\n<p>Il faut avouer que Chez Poppik, nous suivons l&#8217;aventure de Chlo\u00e9 Du Colombier depuis quelques ann\u00e9es. Nous avons vu son style d&#8217;illustrations prendre forme et \u00e9clore tranquillement. Nous adorons les gommettes qu&#8217;elle a r\u00e9alis\u00e9es pour les tout-petits, avec un style na\u00eff et tellement po\u00e9tique. Avec Chlo\u00e9, une petite brindille d&#8217;herbe, c&#8217;est tout un po\u00e9me. On la regarde, on a envie de la toucher et on s&#8217;attend d&#8217;ailleurs \u00e0 ce qu&#8217;elle bouge si on souffle dessus. Fffffffut !<\/p>\n<p><a href=\"http:\/\/chloeducolombier.blogspot.com\" rel=\"hlid[=]2048[&amp;]href[=]http:\/\/chloeducolombier.blogspot.com noopener\" target=\"_blank\">En savoir plus sur\u00a0Chlo\u00e9 du Colombier<\/a><\/p>\n<\/div>\n<p>&nbsp;<\/p>\n<\/div>\n<p>[\/vc_column_text][\/vc_column][\/vc_row][vc_row][vc_column]<div class=\"woocommerce columns-4 \"><ul class=\"products columns-4\">\n<li class=\"layout-style-2 col-md-4 col-sm-4 col-xs-6 col-lg-3 product-has-gallery product-style-default product type-product post-3511 status-publish first outofstock product_cat-toddlers-from-2-years-old product_tag-creative-stickers-en product_tag-easy-stickers product_tag-educational-poster-en-2 product_tag-educational-sticker-game product_tag-educational-stickers product_tag-educational-stickers-en-2 product_tag-favourites product_tag-gommettes-en product_tag-pedagogical-activity product_tag-pedagogical-poster product_tag-sticker-game product_tag-stickers-baby product_tag-toddler-stickers taxable shipping-taxable purchasable product-type-simple\">\n\t<div class=\"product-header\"><a href=\"https:\/\/poppik.com\/en\/boutique\/toddlers-from-2-years-old\/6-cartes-96-gommettes-river-2-ans-et-2\/\" class=\"woocommerce-LoopProduct-link woocommerce-loop-product__link\"><img loading=\"lazy\" decoding=\"async\" width=\"300\" height=\"300\" src=\"https:\/\/poppik.com\/wp-content\/uploads\/woocommerce-placeholder.png\" class=\"woocommerce-placeholder wp-post-image\" alt=\"Placeholder\" srcset=\"https:\/\/poppik.com\/wp-content\/uploads\/woocommerce-placeholder.png 1200w, https:\/\/poppik.com\/wp-content\/uploads\/woocommerce-placeholder-300x300.png 300w, https:\/\/poppik.com\/wp-content\/uploads\/woocommerce-placeholder-1024x1024.png 1024w, https:\/\/poppik.com\/wp-content\/uploads\/woocommerce-placeholder-150x150.png 150w, https:\/\/poppik.com\/wp-content\/uploads\/woocommerce-placeholder-768x768.png 768w, https:\/\/poppik.com\/wp-content\/uploads\/woocommerce-placeholder-100x100.png 100w\" sizes=\"(max-width: 300px) 100vw, 300px\" \/><img loading=\"lazy\" decoding=\"async\" width=\"300\" height=\"300\" src=\"https:\/\/poppik.com\/wp-content\/uploads\/2020\/07\/Jeu-educatif-Poppik-Puzzle-Stickers-Autocollants-activite-manuelle-montessori-gommette-5-1-300x300.jpg\" class=\"attachment-shop_catalog size-shop_catalog product-hover-image\" alt=\"Chlo\u00e9 du Colombier\" srcset=\"https:\/\/poppik.com\/wp-content\/uploads\/2020\/07\/Jeu-educatif-Poppik-Puzzle-Stickers-Autocollants-activite-manuelle-montessori-gommette-5-1-300x300.jpg 300w, https:\/\/poppik.com\/wp-content\/uploads\/2020\/07\/Jeu-educatif-Poppik-Puzzle-Stickers-Autocollants-activite-manuelle-montessori-gommette-5-1-150x150.jpg 150w, https:\/\/poppik.com\/wp-content\/uploads\/2020\/07\/Jeu-educatif-Poppik-Puzzle-Stickers-Autocollants-activite-manuelle-montessori-gommette-5-1-768x768.jpg 768w, https:\/\/poppik.com\/wp-content\/uploads\/2020\/07\/Jeu-educatif-Poppik-Puzzle-Stickers-Autocollants-activite-manuelle-montessori-gommette-5-1-100x100.jpg 100w, https:\/\/poppik.com\/wp-content\/uploads\/2020\/07\/Jeu-educatif-Poppik-Puzzle-Stickers-Autocollants-activite-manuelle-montessori-gommette-5-1-600x600.jpg 600w, https:\/\/poppik.com\/wp-content\/uploads\/2020\/07\/Jeu-educatif-Poppik-Puzzle-Stickers-Autocollants-activite-manuelle-montessori-gommette-5-1.jpg 800w\" sizes=\"(max-width: 300px) 100vw, 300px\" \/><span class=\"ribbons\"><span class=\"newness ribbon\">Out of stock<\/span><\/span><\/a>\n\t\t\n\t\t\n\t\t\t<div class=\"buttons\">\n\t\t\t\t<a href=\"https:\/\/poppik.com\/en\/boutique\/toddlers-from-2-years-old\/6-cartes-96-gommettes-river-2-ans-et-2\/\" data-quantity=\"1\" class=\"button product_type_simple sober-loop-atc-button\" data-product_id=\"3511\" data-product_sku=\"3760262410326\" aria-label=\"Read more about &ldquo;6 cards + 96 stickers ANIMALS OF THE RIVER (2 years and +)&rdquo;\" aria-describedby=\"\" rel=\"nofollow\"><svg viewBox=\"0 0 20 20\"><use xlink:href=\"#basket-addtocart\"><\/use><\/svg><span class=\"screen-reader-text\">Read more<\/span><\/a><a href=\"\/en\/wp-json\/wp\/v2\/pages\/2770?add_to_wishlist=3511\" data-product_id=\"3511\" data-product_type=\"simple\" class=\"button add-to-wishlist-button add-to-wishlist-3511 \" rel=\"nofollow\">\n\t\t\t<svg viewBox=\"0 0 20 20\" class=\"like\"><use xlink:href=\"#heart-wishlist-like\"><\/use><\/svg>\n\t\t\t<svg viewBox=\"0 0 20 20\" class=\"liked\"><use xlink:href=\"#heart-wishlist-liked\"><\/use><\/svg>\n\t\t\t<span class=\"indent-text\">Add to wishlist<\/span>\n\t\t<\/a>\t\t\t<\/div>\n\n\t\t\n\t\t<\/div>\n\t\t<h3 class=\"woocommerce-loop-product__title\"><a href=\"https:\/\/poppik.com\/en\/boutique\/toddlers-from-2-years-old\/6-cartes-96-gommettes-river-2-ans-et-2\/\">6 cards + 96 stickers ANIMALS OF THE RIVER (2 years and +)<\/a><\/h3>\n\n\t\t <div class=\"star-rating-container\">\n                <div class=\"star-rating\">\n                     <span style=\"width:86.6%\">\n                    <strong itemprop=\"ratingValue\" class=\"rating\">4.33<\/strong>\n                    <\/span>\n                <\/div>\n                <div>0<\/div>\n           <\/div>\n        \n\n\t\n\t\t<span class=\"price\"><span class=\"woocommerce-Price-amount amount\"><span class=\"woocommerce-Price-currencySymbol\">&euro;<\/span>9,90<\/span><\/span>\n\n\t\n<span data-content_category=\"Toddlers from 2 years old\"><\/span><\/li>\n<li class=\"layout-style-2 col-md-4 col-sm-4 col-xs-6 col-lg-3 product-has-gallery product-style-default product type-product post-3512 status-publish instock product_cat-toddlers-from-2-years-old product_tag-creative-stickers-en product_tag-easy-stickers product_tag-educational-poster-en-2 product_tag-educational-stickers-en-2 product_tag-first-stickers product_tag-gommettes-en product_tag-gommettes-maternelle-en product_tag-pedagogical-activity product_tag-pedagogical-poster product_tag-pretty-stickers product_tag-stickers-baby product_tag-toddler-stickers has-post-thumbnail taxable shipping-taxable purchasable product-type-simple\">\n\t<div class=\"product-header\"><a href=\"https:\/\/poppik.com\/en\/boutique\/toddlers-from-2-years-old\/educational-stickers-animals\/\" class=\"woocommerce-LoopProduct-link woocommerce-loop-product__link\"><img loading=\"lazy\" decoding=\"async\" width=\"300\" height=\"300\" src=\"https:\/\/poppik.com\/wp-content\/uploads\/2021\/01\/poppik-stickers-tout-petit-2-ans-foret-autocollants-300x300.jpg\" class=\"attachment-woocommerce_thumbnail size-woocommerce_thumbnail\" alt=\"gommettes 2 ans\" srcset=\"https:\/\/poppik.com\/wp-content\/uploads\/2021\/01\/poppik-stickers-tout-petit-2-ans-foret-autocollants-300x300.jpg 300w, https:\/\/poppik.com\/wp-content\/uploads\/2021\/01\/poppik-stickers-tout-petit-2-ans-foret-autocollants-150x150.jpg 150w, https:\/\/poppik.com\/wp-content\/uploads\/2021\/01\/poppik-stickers-tout-petit-2-ans-foret-autocollants-768x769.jpg 768w, https:\/\/poppik.com\/wp-content\/uploads\/2021\/01\/poppik-stickers-tout-petit-2-ans-foret-autocollants-100x100.jpg 100w, https:\/\/poppik.com\/wp-content\/uploads\/2021\/01\/poppik-stickers-tout-petit-2-ans-foret-autocollants-600x601.jpg 600w, https:\/\/poppik.com\/wp-content\/uploads\/2021\/01\/poppik-stickers-tout-petit-2-ans-foret-autocollants.jpg 799w\" sizes=\"(max-width: 300px) 100vw, 300px\" \/><img loading=\"lazy\" decoding=\"async\" width=\"300\" height=\"300\" src=\"https:\/\/poppik.com\/wp-content\/uploads\/2021\/01\/poppik-premie\u0300res-gommettes-2-ans-facile-stickers-7-copie-300x300.jpg\" class=\"attachment-shop_catalog size-shop_catalog product-hover-image\" alt=\"gommettes tout-petits\" srcset=\"https:\/\/poppik.com\/wp-content\/uploads\/2021\/01\/poppik-premie\u0300res-gommettes-2-ans-facile-stickers-7-copie-300x300.jpg 300w, https:\/\/poppik.com\/wp-content\/uploads\/2021\/01\/poppik-premie\u0300res-gommettes-2-ans-facile-stickers-7-copie-150x150.jpg 150w, https:\/\/poppik.com\/wp-content\/uploads\/2021\/01\/poppik-premie\u0300res-gommettes-2-ans-facile-stickers-7-copie-768x767.jpg 768w, https:\/\/poppik.com\/wp-content\/uploads\/2021\/01\/poppik-premie\u0300res-gommettes-2-ans-facile-stickers-7-copie-100x100.jpg 100w, https:\/\/poppik.com\/wp-content\/uploads\/2021\/01\/poppik-premie\u0300res-gommettes-2-ans-facile-stickers-7-copie-600x599.jpg 600w, https:\/\/poppik.com\/wp-content\/uploads\/2021\/01\/poppik-premie\u0300res-gommettes-2-ans-facile-stickers-7-copie.jpg 800w\" sizes=\"(max-width: 300px) 100vw, 300px\" \/><\/a>\n\t\t\n\t\t\n\t\t\t<div class=\"buttons\">\n\t\t\t\t<a href=\"?add-to-cart=3512\" data-quantity=\"1\" class=\"button product_type_simple add_to_cart_button ajax_add_to_cart sober-loop-atc-button\" data-product_id=\"3512\" data-product_sku=\"3760262410319TRI\" aria-label=\"Add to cart: &ldquo;6 cards + 96 stickers FOREST ANIMALS (2 years old and +)&rdquo;\" aria-describedby=\"\" rel=\"nofollow\"><svg viewBox=\"0 0 20 20\"><use xlink:href=\"#basket-addtocart\"><\/use><\/svg><span class=\"screen-reader-text\">Add to cart<\/span><\/a><a href=\"\/en\/wp-json\/wp\/v2\/pages\/2770?add_to_wishlist=3512\" data-product_id=\"3512\" data-product_type=\"simple\" class=\"button add-to-wishlist-button add-to-wishlist-3512 \" rel=\"nofollow\">\n\t\t\t<svg viewBox=\"0 0 20 20\" class=\"like\"><use xlink:href=\"#heart-wishlist-like\"><\/use><\/svg>\n\t\t\t<svg viewBox=\"0 0 20 20\" class=\"liked\"><use xlink:href=\"#heart-wishlist-liked\"><\/use><\/svg>\n\t\t\t<span class=\"indent-text\">Add to wishlist<\/span>\n\t\t<\/a>\t\t\t<\/div>\n\n\t\t\n\t\t<\/div>\n\t\t<h3 class=\"woocommerce-loop-product__title\"><a href=\"https:\/\/poppik.com\/en\/boutique\/toddlers-from-2-years-old\/educational-stickers-animals\/\">6 cards + 96 stickers FOREST ANIMALS (2 years old and +)<\/a><\/h3>\n\n\t\t <div class=\"star-rating-container\">\n                <div class=\"star-rating\">\n                     <span style=\"width:92%\">\n                    <strong itemprop=\"ratingValue\" class=\"rating\">4.60<\/strong>\n                    <\/span>\n                <\/div>\n                <div>0<\/div>\n           <\/div>\n        \n\n\t\n\t\t<span class=\"price\"><span class=\"woocommerce-Price-amount amount\"><span class=\"woocommerce-Price-currencySymbol\">&euro;<\/span>9,90<\/span><\/span>\n\n\t\n<span data-content_category=\"Toddlers from 2 years old\"><\/span><\/li>\n<\/ul>\n<\/div>[\/vc_column][\/vc_row]<\/p>\n","protected":false},"excerpt":{"rendered":"<p>[vc_row][vc_column][vc_custom_heading text=&#8221;L&#8217;univers de Chlo\u00e9 du Colombier&#8221; use_theme_fonts=&#8221;yes&#8221; css=&#8221;.vc_custom_1603531420958{margin-bottom: 20px !important;}&#8221;][\/vc_column][\/vc_row][vc_row css=&#8221;.vc_custom_1594902244110{margin-bottom: 10px !important;}&#8221;][vc_column][vc_column_text] Issue de la prestigieuse \u00e9cole des Arts-D\u00e9co de Strasbourg, Chlo\u00e9 du Colombier a travaill\u00e9 une dizaine d&#8217;ann\u00e9es&hellip;<\/p>\n","protected":false},"author":1,"featured_media":2367,"parent":0,"menu_order":0,"comment_status":"closed","ping_status":"closed","template":"","meta":{"footnotes":""},"jetpack_sharing_enabled":true,"_links":{"self":[{"href":"https:\/\/poppik.com\/en\/wp-json\/wp\/v2\/pages\/2770"}],"collection":[{"href":"https:\/\/poppik.com\/en\/wp-json\/wp\/v2\/pages"}],"about":[{"href":"https:\/\/poppik.com\/en\/wp-json\/wp\/v2\/types\/page"}],"author":[{"embeddable":true,"href":"https:\/\/poppik.com\/en\/wp-json\/wp\/v2\/users\/1"}],"replies":[{"embeddable":true,"href":"https:\/\/poppik.com\/en\/wp-json\/wp\/v2\/comments?post=2770"}],"version-history":[{"count":13,"href":"https:\/\/poppik.com\/en\/wp-json\/wp\/v2\/pages\/2770\/revisions"}],"predecessor-version":[{"id":12935,"href":"https:\/\/poppik.com\/en\/wp-json\/wp\/v2\/pages\/2770\/revisions\/12935"}],"wp:featuredmedia":[{"embeddable":true,"href":"https:\/\/poppik.com\/en\/wp-json\/wp\/v2\/media\/2367"}],"wp:attachment":[{"href":"https:\/\/poppik.com\/en\/wp-json\/wp\/v2\/media?parent=2770"}],"curies":[{"name":"wp","href":"https:\/\/api.w.org\/{rel}","templated":true}]}}