{"id":2768,"date":"2020-07-16T15:23:14","date_gmt":"2020-07-16T13:23:14","guid":{"rendered":"https:\/\/poppik-dev.logiq-digital.com\/nous-connaitre-stickers\/illustration-jeunesse-art\/cheeri\/"},"modified":"2022-06-24T18:05:37","modified_gmt":"2022-06-24T16:05:37","slug":"cheeri","status":"publish","type":"page","link":"https:\/\/poppik.com\/en\/cheeri\/","title":{"rendered":"Cheeri"},"content":{"rendered":"<p>[vc_row][vc_column][vc_custom_heading text=&#8221;L&#8217;univers des Cheeri&#8221; use_theme_fonts=&#8221;yes&#8221; css=&#8221;.vc_custom_1603531337527{margin-bottom: 20px !important;}&#8221;][\/vc_column][\/vc_row][vc_row css=&#8221;.vc_custom_1594902244110{margin-bottom: 10px !important;}&#8221;][vc_column][vc_column_text]<\/p>\n<div class=\"ox-text ox-margin-bottom-medium\">Apr\u00e8s des \u00e9tudes \u00e0 l&#8217;\u00c9cole Nationale des Arts d\u00e9coratifs de Paris, les deux complices Jean-Baptiste Berthez\u00e8ne et F\u00e9lix Demargne fondent Cheeri en 2008, un atelier de design graphique aussi bien tourn\u00e9 vers la typographie que la g\u00e9n\u00e9ration d&#8217;images par le code. Ils con\u00e7oivent identit\u00e9s visuelles, logos, livres, <a href=\"https:\/\/poppik.com\/boutique\/posters-stickers\/poster-alphabet-stickers\/\">affiches et illustrations<\/a> pour divers acteurs de l&#8217;industrie culturelle.<\/div>\n<p>[\/vc_column_text][\/vc_column][\/vc_row][vc_row css=&#8221;.vc_custom_1594900940369{margin-bottom: 25px !important;}&#8221;][vc_column width=&#8221;1\/3&#8243; css=&#8221;.vc_custom_1594195570749{margin-top: 15px !important;margin-bottom: 15px !important;}&#8221;][vc_single_image image=&#8221;2276&#8243; img_size=&#8221;large&#8221; alignment=&#8221;center&#8221;][\/vc_column][vc_column width=&#8221;1\/3&#8243; css=&#8221;.vc_custom_1594195575582{margin-top: 15px !important;margin-bottom: 15px !important;}&#8221;][vc_single_image image=&#8221;2104&#8243; img_size=&#8221;large&#8221; alignment=&#8221;center&#8221;][\/vc_column][vc_column width=&#8221;1\/3&#8243; css=&#8221;.vc_custom_1594195580326{margin-top: 15px !important;margin-bottom: 15px !important;}&#8221;][vc_single_image image=&#8221;2277&#8243; img_size=&#8221;large&#8221; alignment=&#8221;center&#8221;][\/vc_column][\/vc_row][vc_row][vc_column][vc_column_text]<\/p>\n<div class=\"ox-text ox-margin-bottom-medium\">\n<div class=\"ox-text ox-margin-bottom-medium\">\n<p>Fondateurs de l&#8217;association Air Poster, ils organisent depuis 2012 des expositions annuelles d&#8217;affiches de cr\u00e9ation graphique libre avec divers studios fran\u00e7ais.<\/p>\n<p><a href=\"http:\/\/www.cheeriparis.com\" rel=\"hlid[=]2048[&amp;]href[=]http:\/\/www.cheeriparis.com noopener\" target=\"_blank\">En savoir plus sur\u00a0Cheeri<\/a><\/p>\n<\/div>\n<\/div>\n<p>[\/vc_column_text][\/vc_column][\/vc_row][vc_row][vc_column]<div class=\"woocommerce \"><ul class=\"products columns-4\">\n<li class=\"layout-style-2 col-md-4 col-sm-4 col-xs-6 col-lg-3 product-has-gallery product-style-default product type-product post-3520 status-publish first outofstock product_cat-posters-stickers-en product_tag-activity-stickers-en product_tag-alphabet-stickers-en-2 product_tag-alphabet-stickers-en product_tag-creative-poster product_tag-creative-stickers product_tag-educational-poster-en-2 product_tag-educational-stickers-en-3 product_tag-learn-letters product_tag-lettrers-alphabet-poster product_tag-pedagogical-activity product_tag-pedagogical-poster product_tag-poster-alphabet-en product_tag-poster-alphabet-book product_tag-poster-puzzle-en product_tag-stickers-educatifs-en taxable shipping-taxable purchasable product-type-simple\">\n\t<div class=\"product-header\"><a href=\"https:\/\/poppik.com\/en\/boutique\/posters-stickers-en\/poster-alphabet-stickers-2\/\" class=\"woocommerce-LoopProduct-link woocommerce-loop-product__link\"><img loading=\"lazy\" decoding=\"async\" width=\"300\" height=\"300\" src=\"https:\/\/poppik.com\/wp-content\/uploads\/woocommerce-placeholder.png\" class=\"woocommerce-placeholder wp-post-image\" alt=\"Placeholder\" srcset=\"https:\/\/poppik.com\/wp-content\/uploads\/woocommerce-placeholder.png 1200w, https:\/\/poppik.com\/wp-content\/uploads\/woocommerce-placeholder-300x300.png 300w, https:\/\/poppik.com\/wp-content\/uploads\/woocommerce-placeholder-1024x1024.png 1024w, https:\/\/poppik.com\/wp-content\/uploads\/woocommerce-placeholder-150x150.png 150w, https:\/\/poppik.com\/wp-content\/uploads\/woocommerce-placeholder-768x768.png 768w, https:\/\/poppik.com\/wp-content\/uploads\/woocommerce-placeholder-100x100.png 100w\" sizes=\"(max-width: 300px) 100vw, 300px\" \/><img loading=\"lazy\" decoding=\"async\" width=\"300\" height=\"300\" src=\"https:\/\/poppik.com\/wp-content\/uploads\/2020\/07\/poppik-poster-stickers-jeu-educatif-puzzle-alphabet-affiche-4-300x300.jpg\" class=\"attachment-shop_catalog size-shop_catalog product-hover-image\" alt=\"\" srcset=\"https:\/\/poppik.com\/wp-content\/uploads\/2020\/07\/poppik-poster-stickers-jeu-educatif-puzzle-alphabet-affiche-4-300x300.jpg 300w, https:\/\/poppik.com\/wp-content\/uploads\/2020\/07\/poppik-poster-stickers-jeu-educatif-puzzle-alphabet-affiche-4-150x150.jpg 150w, https:\/\/poppik.com\/wp-content\/uploads\/2020\/07\/poppik-poster-stickers-jeu-educatif-puzzle-alphabet-affiche-4-768x768.jpg 768w, https:\/\/poppik.com\/wp-content\/uploads\/2020\/07\/poppik-poster-stickers-jeu-educatif-puzzle-alphabet-affiche-4-100x100.jpg 100w, https:\/\/poppik.com\/wp-content\/uploads\/2020\/07\/poppik-poster-stickers-jeu-educatif-puzzle-alphabet-affiche-4-600x600.jpg 600w, https:\/\/poppik.com\/wp-content\/uploads\/2020\/07\/poppik-poster-stickers-jeu-educatif-puzzle-alphabet-affiche-4.jpg 800w\" sizes=\"(max-width: 300px) 100vw, 300px\" \/><\/a>\n\t\t\n\t\t\n\t\t\t<div class=\"buttons\">\n\t\t\t\t<a href=\"https:\/\/poppik.com\/en\/boutique\/posters-stickers-en\/poster-alphabet-stickers-2\/\" data-quantity=\"1\" class=\"button product_type_simple sober-loop-atc-button\" data-product_id=\"3520\" data-product_sku=\"3760262410197\" aria-label=\"Read more about &ldquo;Huge poster + 1600 stickers ALPHABET (6-12 years old)&rdquo;\" aria-describedby=\"\" rel=\"nofollow\"><svg viewBox=\"0 0 20 20\"><use xlink:href=\"#basket-addtocart\"><\/use><\/svg><span class=\"screen-reader-text\">Read more<\/span><\/a><a href=\"\/en\/wp-json\/wp\/v2\/pages\/2768?add_to_wishlist=3520\" data-product_id=\"3520\" data-product_type=\"simple\" class=\"button add-to-wishlist-button add-to-wishlist-3520 \" rel=\"nofollow\">\n\t\t\t<svg viewBox=\"0 0 20 20\" class=\"like\"><use xlink:href=\"#heart-wishlist-like\"><\/use><\/svg>\n\t\t\t<svg viewBox=\"0 0 20 20\" class=\"liked\"><use xlink:href=\"#heart-wishlist-liked\"><\/use><\/svg>\n\t\t\t<span class=\"indent-text\">Add to wishlist<\/span>\n\t\t<\/a>\t\t\t<\/div>\n\n\t\t\n\t\t<\/div>\n\t\t<h3 class=\"woocommerce-loop-product__title\"><a href=\"https:\/\/poppik.com\/en\/boutique\/posters-stickers-en\/poster-alphabet-stickers-2\/\">Huge poster + 1600 stickers ALPHABET (6-12 years old)<\/a><\/h3>\n\n\t\t <div class=\"star-rating-container\">\n                <div class=\"star-rating\">\n                     <span style=\"width:100%\">\n                    <strong itemprop=\"ratingValue\" class=\"rating\">5.00<\/strong>\n                    <\/span>\n                <\/div>\n                <div>0<\/div>\n           <\/div>\n        \n\n\t\n\t\t<span class=\"price\"><span class=\"woocommerce-Price-amount amount\"><span class=\"woocommerce-Price-currencySymbol\">&euro;<\/span>16,90<\/span><\/span>\n\n\t\n<span data-content_category=\"Posters &amp; stickers\"><\/span><\/li>\n<\/ul>\n<\/div>[\/vc_column][\/vc_row]<\/p>\n","protected":false},"excerpt":{"rendered":"<p>[vc_row][vc_column][vc_custom_heading text=&#8221;L&#8217;univers des Cheeri&#8221; use_theme_fonts=&#8221;yes&#8221; css=&#8221;.vc_custom_1603531337527{margin-bottom: 20px !important;}&#8221;][\/vc_column][\/vc_row][vc_row css=&#8221;.vc_custom_1594902244110{margin-bottom: 10px !important;}&#8221;][vc_column][vc_column_text] Apr\u00e8s des \u00e9tudes \u00e0 l&#8217;\u00c9cole Nationale des Arts d\u00e9coratifs de Paris, les deux complices Jean-Baptiste Berthez\u00e8ne et F\u00e9lix Demargne&hellip;<\/p>\n","protected":false},"author":1,"featured_media":2277,"parent":0,"menu_order":0,"comment_status":"closed","ping_status":"closed","template":"","meta":{"footnotes":""},"jetpack_sharing_enabled":true,"_links":{"self":[{"href":"https:\/\/poppik.com\/en\/wp-json\/wp\/v2\/pages\/2768"}],"collection":[{"href":"https:\/\/poppik.com\/en\/wp-json\/wp\/v2\/pages"}],"about":[{"href":"https:\/\/poppik.com\/en\/wp-json\/wp\/v2\/types\/page"}],"author":[{"embeddable":true,"href":"https:\/\/poppik.com\/en\/wp-json\/wp\/v2\/users\/1"}],"replies":[{"embeddable":true,"href":"https:\/\/poppik.com\/en\/wp-json\/wp\/v2\/comments?post=2768"}],"version-history":[{"count":9,"href":"https:\/\/poppik.com\/en\/wp-json\/wp\/v2\/pages\/2768\/revisions"}],"predecessor-version":[{"id":12843,"href":"https:\/\/poppik.com\/en\/wp-json\/wp\/v2\/pages\/2768\/revisions\/12843"}],"wp:featuredmedia":[{"embeddable":true,"href":"https:\/\/poppik.com\/en\/wp-json\/wp\/v2\/media\/2277"}],"wp:attachment":[{"href":"https:\/\/poppik.com\/en\/wp-json\/wp\/v2\/media?parent=2768"}],"curies":[{"name":"wp","href":"https:\/\/api.w.org\/{rel}","templated":true}]}}