{"id":2766,"date":"2020-07-16T16:52:14","date_gmt":"2020-07-16T14:52:14","guid":{"rendered":"https:\/\/poppik-dev.logiq-digital.com\/nous-connaitre-stickers\/illustration-jeunesse-art\/charlotte-roederer\/"},"modified":"2022-06-24T18:05:04","modified_gmt":"2022-06-24T16:05:04","slug":"charlotte-roederer","status":"publish","type":"page","link":"https:\/\/poppik.com\/en\/charlotte-roederer\/","title":{"rendered":"Charlotte Roederer"},"content":{"rendered":"<p>[vc_row][vc_column][vc_custom_heading text=&#8221;L&#8217;univers de Charlotte Roederer&#8221; use_theme_fonts=&#8221;yes&#8221; css=&#8221;.vc_custom_1603531266402{margin-bottom: 20px !important;}&#8221;][\/vc_column][\/vc_row][vc_row css=&#8221;.vc_custom_1594902244110{margin-bottom: 10px !important;}&#8221;][vc_column][vc_column_text]<\/p>\n<div class=\"ox-text ox-margin-bottom-medium\">\n<div class=\"ox-text ox-margin-bottom-medium\">\n<p>Charlotte Roederer a grandi pr\u00e8s de Lyon dans une maison qui porte un nom de conte : \u00ab Le Grand-Passeloup \u00bb. Dans son m\u00e9tier, elle se met \u00e0 hauteur des enfants et adore plus que tout d\u00e9crire les \u00e9motions qu\u2019ils ressentent. Elle d\u00e9crypte si justement les travers, les manies, les petits bonheurs, les chagrins et l\u2019instinct de vie des autres, que ses lecteurs s\u2019identifient imm\u00e9diatement \u00e0 ses personnages.<\/p>\n<p>Dipl\u00f4m\u00e9e de l\u2019Ecole sup\u00e9rieure des Arts D\u00e9coratifs de Strasbourg, elle publie chez Nathan, Bayard, Milan, Gallimard, Flammarion, Lito\u2026. Et Poppik !<\/p>\n<p>Ses livres l\u2019ont emmen\u00e9e au Canada, en Guadeloupe et dans de nombreux salons partout en France. Elle anime dans les \u00e9coles des ateliers artistiques autour du livre et du langage de l\u2019image.<\/p>\n<\/div>\n<\/div>\n<p>[\/vc_column_text][\/vc_column][\/vc_row][vc_row css=&#8221;.vc_custom_1594900940369{margin-bottom: 25px !important;}&#8221;][vc_column width=&#8221;1\/3&#8243; css=&#8221;.vc_custom_1594195570749{margin-top: 15px !important;margin-bottom: 15px !important;}&#8221;][vc_single_image image=&#8221;2290&#8243; img_size=&#8221;large&#8221; alignment=&#8221;center&#8221;][\/vc_column][vc_column width=&#8221;1\/3&#8243; css=&#8221;.vc_custom_1594195575582{margin-top: 15px !important;margin-bottom: 15px !important;}&#8221;][vc_single_image image=&#8221;2295&#8243; img_size=&#8221;large&#8221; alignment=&#8221;center&#8221;][\/vc_column][vc_column width=&#8221;1\/3&#8243; css=&#8221;.vc_custom_1594195580326{margin-top: 15px !important;margin-bottom: 15px !important;}&#8221;][vc_single_image image=&#8221;2293&#8243; img_size=&#8221;large&#8221; alignment=&#8221;center&#8221;][\/vc_column][\/vc_row][vc_row][vc_column][vc_column_text]<\/p>\n<div class=\"ox-text ox-margin-bottom-medium\">\n<div class=\"ox-text ox-margin-bottom-medium\">\n<p>Aujourd\u2019hui Charlotte Roederer vit \u00e0 Paris, elle est maman de deux enfants qui inspirent son travail. Elle puise aussi dans son enfance plein de petits d\u00e9tails qu\u2019elle glisse avec malice dans ses images. Les enfants qu\u2019elle dessine ont souvent un petit c\u0153ur rouge sur le tee-shirt, en hommage aux pulls que tricotait sa grand-m\u00e8re.<\/p>\n<p>Cette tendresse d\u00e9licieuse, <a href=\"https:\/\/poppik.com\/boutique\/posters-stickers\/activite-stickers-aquarium\/\">chez Poppik<\/a>, on adore.<\/p>\n<p><a href=\"https:\/\/charlotteroederer.tumblr.com\/\" target=\"_blank\" rel=\"noopener\">En savoir plus sur\u00a0Charlotte Roederer<\/a><\/p>\n<\/div>\n<\/div>\n<p>[\/vc_column_text][\/vc_column][\/vc_row][vc_row][vc_column]<div class=\"woocommerce \"><ul class=\"products columns-4\">\n<li class=\"layout-style-2 col-md-4 col-sm-4 col-xs-6 col-lg-3 product-has-gallery product-style-default product type-product post-3518 status-publish first outofstock product_cat-mini-posters-stickers product_tag-activity-stickers-en product_tag-creative-stickers-en product_tag-easy-stickers-en product_tag-educational-poster-en-2 product_tag-kindergarten-stickers product_tag-meilleures-ventes-en product_tag-pedagogical-poster product_tag-pedagogical-stickers product_tag-poster-stickers-en product_tag-stickers-en product_tag-stickers-en-2 product_tag-stickers-fish product_tag-stickers-kindergarten-en product_tag-stickers-sea-animals has-post-thumbnail taxable shipping-taxable purchasable product-type-simple\">\n\t<div class=\"product-header\"><a href=\"https:\/\/poppik.com\/en\/boutique\/posters-stickers\/activite-stickers-maternelle\/\" class=\"woocommerce-LoopProduct-link woocommerce-loop-product__link\"><img loading=\"lazy\" decoding=\"async\" width=\"300\" height=\"300\" src=\"https:\/\/poppik.com\/wp-content\/uploads\/2020\/07\/poppik-jeu-educatif-poster-puzzle-stickers-activite-manuelle-montessori-1-copie-300x300.jpg\" class=\"attachment-woocommerce_thumbnail size-woocommerce_thumbnail\" alt=\"Activit\u00e9 stickers maternelle\" srcset=\"https:\/\/poppik.com\/wp-content\/uploads\/2020\/07\/poppik-jeu-educatif-poster-puzzle-stickers-activite-manuelle-montessori-1-copie-300x300.jpg 300w, https:\/\/poppik.com\/wp-content\/uploads\/2020\/07\/poppik-jeu-educatif-poster-puzzle-stickers-activite-manuelle-montessori-1-copie-150x150.jpg 150w, https:\/\/poppik.com\/wp-content\/uploads\/2020\/07\/poppik-jeu-educatif-poster-puzzle-stickers-activite-manuelle-montessori-1-copie-768x768.jpg 768w, https:\/\/poppik.com\/wp-content\/uploads\/2020\/07\/poppik-jeu-educatif-poster-puzzle-stickers-activite-manuelle-montessori-1-copie-100x100.jpg 100w, https:\/\/poppik.com\/wp-content\/uploads\/2020\/07\/poppik-jeu-educatif-poster-puzzle-stickers-activite-manuelle-montessori-1-copie-600x600.jpg 600w, https:\/\/poppik.com\/wp-content\/uploads\/2020\/07\/poppik-jeu-educatif-poster-puzzle-stickers-activite-manuelle-montessori-1-copie.jpg 800w\" sizes=\"(max-width: 300px) 100vw, 300px\" \/><img loading=\"lazy\" decoding=\"async\" width=\"300\" height=\"300\" src=\"https:\/\/poppik.com\/wp-content\/uploads\/2020\/07\/poppik-jeu-educatif-poster-puzzle-stickers-activite-manuelle-montessori-11-300x300.jpg\" class=\"attachment-shop_catalog size-shop_catalog product-hover-image\" alt=\"\" srcset=\"https:\/\/poppik.com\/wp-content\/uploads\/2020\/07\/poppik-jeu-educatif-poster-puzzle-stickers-activite-manuelle-montessori-11-300x300.jpg 300w, https:\/\/poppik.com\/wp-content\/uploads\/2020\/07\/poppik-jeu-educatif-poster-puzzle-stickers-activite-manuelle-montessori-11-150x150.jpg 150w, https:\/\/poppik.com\/wp-content\/uploads\/2020\/07\/poppik-jeu-educatif-poster-puzzle-stickers-activite-manuelle-montessori-11-100x100.jpg 100w\" sizes=\"(max-width: 300px) 100vw, 300px\" \/><span class=\"ribbons\"><span class=\"newness ribbon\">Out of stock<\/span><\/span><\/a>\n\t\t\n\t\t\n\t\t\t<div class=\"buttons\">\n\t\t\t\t<a href=\"https:\/\/poppik.com\/en\/boutique\/posters-stickers\/activite-stickers-maternelle\/\" data-quantity=\"1\" class=\"button product_type_simple sober-loop-atc-button\" data-product_id=\"3518\" data-product_sku=\"3760262410210TRI\" aria-label=\"Read more about &ldquo;Creative Poster + 750 stickers AQUARIUM (3-7 years old)&rdquo;\" aria-describedby=\"\" rel=\"nofollow\"><svg viewBox=\"0 0 20 20\"><use xlink:href=\"#basket-addtocart\"><\/use><\/svg><span class=\"screen-reader-text\">Read more<\/span><\/a><a href=\"\/en\/wp-json\/wp\/v2\/pages\/2766?add_to_wishlist=3518\" data-product_id=\"3518\" data-product_type=\"simple\" class=\"button add-to-wishlist-button add-to-wishlist-3518 \" rel=\"nofollow\">\n\t\t\t<svg viewBox=\"0 0 20 20\" class=\"like\"><use xlink:href=\"#heart-wishlist-like\"><\/use><\/svg>\n\t\t\t<svg viewBox=\"0 0 20 20\" class=\"liked\"><use xlink:href=\"#heart-wishlist-liked\"><\/use><\/svg>\n\t\t\t<span class=\"indent-text\">Add to wishlist<\/span>\n\t\t<\/a>\t\t\t<\/div>\n\n\t\t\n\t\t<\/div>\n\t\t<h3 class=\"woocommerce-loop-product__title\"><a href=\"https:\/\/poppik.com\/en\/boutique\/posters-stickers\/activite-stickers-maternelle\/\">Creative Poster + 750 stickers AQUARIUM (3-7 years old)<\/a><\/h3>\n\n\t\t <div class=\"star-rating-container\">\n                <div class=\"star-rating\">\n                     <span style=\"width:100%\">\n                    <strong itemprop=\"ratingValue\" class=\"rating\">5.00<\/strong>\n                    <\/span>\n                <\/div>\n                <div>0<\/div>\n           <\/div>\n        \n\n\t\n\t\t<span class=\"price\"><span class=\"woocommerce-Price-amount amount\"><span class=\"woocommerce-Price-currencySymbol\">&euro;<\/span>13,90<\/span><\/span>\n\n\t\n<span data-content_category=\"Mini posters &amp; Stickers\"><\/span><\/li>\n<\/ul>\n<\/div>[\/vc_column][\/vc_row]<\/p>\n","protected":false},"excerpt":{"rendered":"<p>[vc_row][vc_column][vc_custom_heading text=&#8221;L&#8217;univers de Charlotte Roederer&#8221; use_theme_fonts=&#8221;yes&#8221; css=&#8221;.vc_custom_1603531266402{margin-bottom: 20px !important;}&#8221;][\/vc_column][\/vc_row][vc_row css=&#8221;.vc_custom_1594902244110{margin-bottom: 10px !important;}&#8221;][vc_column][vc_column_text] Charlotte Roederer a grandi pr\u00e8s de Lyon dans une maison qui porte un nom de conte : \u00ab&hellip;<\/p>\n","protected":false},"author":1,"featured_media":3487,"parent":0,"menu_order":0,"comment_status":"closed","ping_status":"closed","template":"","meta":{"footnotes":""},"jetpack_sharing_enabled":true,"_links":{"self":[{"href":"https:\/\/poppik.com\/en\/wp-json\/wp\/v2\/pages\/2766"}],"collection":[{"href":"https:\/\/poppik.com\/en\/wp-json\/wp\/v2\/pages"}],"about":[{"href":"https:\/\/poppik.com\/en\/wp-json\/wp\/v2\/types\/page"}],"author":[{"embeddable":true,"href":"https:\/\/poppik.com\/en\/wp-json\/wp\/v2\/users\/1"}],"replies":[{"embeddable":true,"href":"https:\/\/poppik.com\/en\/wp-json\/wp\/v2\/comments?post=2766"}],"version-history":[{"count":13,"href":"https:\/\/poppik.com\/en\/wp-json\/wp\/v2\/pages\/2766\/revisions"}],"predecessor-version":[{"id":12841,"href":"https:\/\/poppik.com\/en\/wp-json\/wp\/v2\/pages\/2766\/revisions\/12841"}],"wp:featuredmedia":[{"embeddable":true,"href":"https:\/\/poppik.com\/en\/wp-json\/wp\/v2\/media\/3487"}],"wp:attachment":[{"href":"https:\/\/poppik.com\/en\/wp-json\/wp\/v2\/media?parent=2766"}],"curies":[{"name":"wp","href":"https:\/\/api.w.org\/{rel}","templated":true}]}}