{"id":2751,"date":"2020-06-30T12:29:43","date_gmt":"2020-06-30T10:29:43","guid":{"rendered":"https:\/\/poppik-dev.logiq-digital.com\/formulaire-de-retraction\/"},"modified":"2021-01-04T15:44:55","modified_gmt":"2021-01-04T14:44:55","slug":"formulaire-de-retraction","status":"publish","type":"page","link":"https:\/\/poppik.com\/en\/formulaire-de-retraction\/","title":{"rendered":"Right of Withdrawal"},"content":{"rendered":"<p>[vc_row][vc_column][vc_column_text]You have 14 days from receipt of your order to change your mind after your purchase. Please write us an email (contact@poppik.com), specifying your order number, to let us know that you are returning the product.<\/p>\n<p>Vous avez au maximum 14 jours apr\u00e8s votre demande de r\u00e9tractation pour envoyer les produits concern\u00e9s. Les produits retourn\u00e9s doivent \u00eatre en \u00e9tat d&#8217;origine, accompagn\u00e9s de leur emballage d&#8217;origine. Merci de les envoyer \u00e0 l&#8217;adresse suivante : Poppik, 56B rue Pierre Brossolette, 92500 Paris.<\/p>\n<p>Le remboursement sera effectu\u00e9 dans un d\u00e9lai de 14 jours apr\u00e8s r\u00e9ception des produits en \u00e9tat d&#8217;origine.[\/vc_column_text][\/vc_column][\/vc_row][vc_row][vc_column][\/vc_column][\/vc_row]<\/p>\n","protected":false},"excerpt":{"rendered":"<p>[vc_row][vc_column][vc_column_text]You have 14 days from receipt of your order to change your mind after your purchase. Please write us an email (contact@poppik.com), specifying your order number, to let us know&hellip;<\/p>\n","protected":false},"author":1,"featured_media":0,"parent":0,"menu_order":0,"comment_status":"closed","ping_status":"closed","template":"","meta":{"footnotes":""},"jetpack_sharing_enabled":true,"_links":{"self":[{"href":"https:\/\/poppik.com\/en\/wp-json\/wp\/v2\/pages\/2751"}],"collection":[{"href":"https:\/\/poppik.com\/en\/wp-json\/wp\/v2\/pages"}],"about":[{"href":"https:\/\/poppik.com\/en\/wp-json\/wp\/v2\/types\/page"}],"author":[{"embeddable":true,"href":"https:\/\/poppik.com\/en\/wp-json\/wp\/v2\/users\/1"}],"replies":[{"embeddable":true,"href":"https:\/\/poppik.com\/en\/wp-json\/wp\/v2\/comments?post=2751"}],"version-history":[{"count":4,"href":"https:\/\/poppik.com\/en\/wp-json\/wp\/v2\/pages\/2751\/revisions"}],"predecessor-version":[{"id":3678,"href":"https:\/\/poppik.com\/en\/wp-json\/wp\/v2\/pages\/2751\/revisions\/3678"}],"wp:attachment":[{"href":"https:\/\/poppik.com\/en\/wp-json\/wp\/v2\/media?parent=2751"}],"curies":[{"name":"wp","href":"https:\/\/api.w.org\/{rel}","templated":true}]}}