{"id":2723,"date":"2020-07-07T14:25:20","date_gmt":"2020-07-07T12:25:20","guid":{"rendered":"https:\/\/poppik-dev.logiq-digital.com\/stickers-educatif-activites\/"},"modified":"2020-11-20T13:30:47","modified_gmt":"2020-11-20T12:30:47","slug":"stickers-educatif-activites","status":"publish","type":"page","link":"https:\/\/poppik.com\/en\/nous-connaitre-stickers\/stickers-educatif-activites\/","title":{"rendered":"Le concept Poppik"},"content":{"rendered":"<p>[vc_row gap=&#8221;35&#8243; equal_height=&#8221;yes&#8221; content_placement=&#8221;middle&#8221; css=&#8221;.vc_custom_1594196532132{margin-bottom: 30px !important;}&#8221;][vc_column width=&#8221;1\/2&#8243;][vc_video link=&#8221;https:\/\/www.youtube.com\/embed\/JlNyPCrX7CY&#8221;][\/vc_column][vc_column width=&#8221;1\/2&#8243;][vc_custom_heading text=&#8221;Le concept&#8221; use_theme_fonts=&#8221;yes&#8221; css=&#8221;.vc_custom_1594190518941{margin-bottom: 20px !important;}&#8221;][vc_column_text]D\u00e9couvrez le concept exclusif qui fait notre succ\u00e8s\u00a0: de grands posters \u00e0 compl\u00e9ter avec des dizaines de stickers repositionnables. Pour tous, d\u00e8s 5ans.[\/vc_column_text][\/vc_column][\/vc_row][vc_row equal_height=&#8221;yes&#8221; content_placement=&#8221;middle&#8221; css=&#8221;.vc_custom_1594196677560{margin-bottom: 50px !important;}&#8221;][vc_column width=&#8221;1\/2&#8243;][vc_custom_heading text=&#8221;Dis, qu\u2019est-ce que c\u2019est un Poppik ?&#8221; font_container=&#8221;tag:h3|font_size:30px|text_align:left&#8221; use_theme_fonts=&#8221;yes&#8221;][vc_column_text]Poppik est une nouvelle activit\u00e9 cr\u00e9ative appel\u00e9e &#8220;sticker art&#8221;, c&#8217;est-\u00e0-dire l&#8217;art de cr\u00e9er avec des stickers.<\/p>\n<p>Un Poppik, c&#8217;est un poster ou des cartes \u00e0 r\u00e9aliser avec des dizaines, centaines ou milliers de stickers \u00e0 coller sur un d\u00e9cor. En suivant les indications, on colle des stickers vari\u00e9s sur les emplacements de mani\u00e8re \u00e0 reconstituer petit \u00e0 petit une image g\u00e9ante et color\u00e9e. Le proc\u00e9d\u00e9 est tr\u00e8s simple, le r\u00e9sultat bluffant\u00a0!<\/p>\n<p>Merci qui\u00a0? Merci Poppik\u00a0![\/vc_column_text][\/vc_column][vc_column width=&#8221;1\/2&#8243;][vc_single_image image=&#8221;2054&#8243; img_size=&#8221;large&#8221;][\/vc_column][\/vc_row][vc_row equal_height=&#8221;yes&#8221; content_placement=&#8221;middle&#8221; css=&#8221;.vc_custom_1594196682047{margin-bottom: 50px !important;}&#8221;][vc_column width=&#8221;1\/2&#8243; css=&#8221;.vc_custom_1594383740200{margin-bottom: 15px !important;}&#8221;][vc_single_image image=&#8221;2055&#8243; img_size=&#8221;large&#8221; css=&#8221;.vc_custom_1594383666145{margin-bottom: 15px !important;}&#8221;][\/vc_column][vc_column width=&#8221;1\/2&#8243; css=&#8221;.vc_custom_1594132793413{padding-left: 10% !important;}&#8221;][vc_custom_heading text=&#8221;Un Poppik \u00e7a se fait seul ou \u00e0 plusieurs&#8221; font_container=&#8221;tag:h3|font_size:30px|text_align:left&#8221; use_theme_fonts=&#8221;yes&#8221;][vc_column_text]C&#8217;est vous qui choisissez, mais si vous voulez le faire seul, cachez-vous vite !<\/p>\n<p>Aussit\u00f4t que vous ouvrez la pochette de votre Poppik, que vous d\u00e9pliez le poster ou les cartes, que vous sortez les planches de gommettes ou de stickers&#8230; toutes les g\u00e9n\u00e9rations se rassemblent pour coller les petites formes color\u00e9es.<\/p>\n<p>Poppik est une activit\u00e9 cr\u00e9ative, ludique, facile \u00e0 partager, qui occupera petits et grands dans la bonne humeur.[\/vc_column_text][\/vc_column][\/vc_row][vc_row equal_height=&#8221;yes&#8221; content_placement=&#8221;middle&#8221; css=&#8221;.vc_custom_1594196686884{margin-bottom: 50px !important;}&#8221;][vc_column width=&#8221;1\/2&#8243;][vc_custom_heading text=&#8221;Y a-t-il un \u00e2ge pour faire un Poppik ?&#8221; font_container=&#8221;tag:h3|font_size:30px|text_align:left&#8221; use_theme_fonts=&#8221;yes&#8221;][vc_column_text]Nous sommes cat\u00e9goriques, il n&#8217;y a pas d&#8217;\u00e2ge pour Poppik\u00a0!<\/p>\n<p>Posters, Cartes, stickers, gommettes, Poppik se d\u00e9cline pour tous les \u00e2ges et dans toutes les situations.<\/p>\n<p>2, 4, 6, 8, 10, 12&#8230; sur chaque pochette de Poppik, vous trouverez l&#8217;\u00e2ge indiqu\u00e9. La difficult\u00e9 de l&#8217;activit\u00e9 a \u00e9t\u00e9 adapt\u00e9e : tailles, vari\u00e9t\u00e9 et nombres des stickers, taille et complexit\u00e9 des posters.<\/p>\n<p>Gr\u00e2ce \u00e0 la vari\u00e9t\u00e9 des styles graphiques, Poppik s&#8217;adresse \u00e0 tous\u00a0: filles et gar\u00e7ons, ados et adultes.<\/p>\n<p>Vous trouverez forc\u00e9ment un Poppik adapt\u00e9 dans l&#8217;une de nos collections.[\/vc_column_text][\/vc_column][vc_column width=&#8221;1\/2&#8243;][vc_single_image image=&#8221;2070&#8243; img_size=&#8221;large&#8221;][\/vc_column][\/vc_row][vc_row full_width=&#8221;stretch_row&#8221; css=&#8221;.vc_custom_1594196691875{margin-bottom: 50px !important;padding-top: 40px !important;padding-bottom: 40px !important;background-color: #efeff1 !important;}&#8221;][vc_column][vc_custom_heading text=&#8221;D\u00e9couvrez les produits uniques<br \/>\nqui font notre succ\u00e8s.&#8221; font_container=&#8221;tag:h2|text_align:center&#8221; use_theme_fonts=&#8221;yes&#8221; css=&#8221;.vc_custom_1605875267436{margin-bottom: 30px !important;}&#8221;]<div class=\"sober-button-wrapper text-center\"><a href=\"https:\/\/poppik.com\/boutique\/\" title=\"Boutique\" class=\"sober-button button-type-normal button-color-dark align-center   button normal button-normal\">VISITEZ NOTRE E-BOUTIQUE<\/a><\/div>[\/vc_column][\/vc_row][vc_row equal_height=&#8221;yes&#8221; content_placement=&#8221;middle&#8221; css=&#8221;.vc_custom_1594196705810{margin-bottom: 50px !important;}&#8221;][vc_column width=&#8221;1\/2&#8243; css=&#8221;.vc_custom_1594383748383{margin-bottom: 15px !important;}&#8221;][vc_single_image image=&#8221;2071&#8243; img_size=&#8221;large&#8221;][\/vc_column][vc_column width=&#8221;1\/2&#8243; css=&#8221;.vc_custom_1594132793413{padding-left: 10% !important;}&#8221;][vc_custom_heading text=&#8221;Plut\u00f4t Z\u00e9bulon \u00e0 Ressort ou Ma\u00eetre Zen ?&#8221; font_container=&#8221;tag:h3|font_size:30px|text_align:left&#8221; use_theme_fonts=&#8221;yes&#8221;][vc_column_text]Poppik est une activit\u00e9 qui vous veut du bien.<\/p>\n<p>Zen, relaxante, elle favorise la concentration et la motricit\u00e9 fine.<\/p>\n<p>Avec ses planches de gommettes et de stickers de toutes les formes, aux dizaines de nuances color\u00e9es, Poppik est une plong\u00e9e joyeuse dans un monde de cr\u00e9ation guid\u00e9e et bienveillante.<\/p>\n<p>Un Poppik \u00e7a se commence, \u00e7a se reprend n&#8217;importe quand ou \u00e7a se finit d&#8217;un coup. Les enfants sont occup\u00e9s pendant longtemps, longtemps, longtemps&#8230;<\/p>\n<p>Merci qui\u00a0? Merci Poppik\u00a0![\/vc_column_text][\/vc_column][\/vc_row][vc_row equal_height=&#8221;yes&#8221; content_placement=&#8221;middle&#8221; css=&#8221;.vc_custom_1594196709980{margin-bottom: 50px !important;}&#8221;][vc_column width=&#8221;1\/2&#8243;][vc_custom_heading text=&#8221;Qui sont ces sourires<br \/>\nderri\u00e8re Poppik ?&#8221; font_container=&#8221;tag:h3|font_size:30px|text_align:left&#8221; use_theme_fonts=&#8221;yes&#8221;][vc_column_text]Poppik a \u00e9t\u00e9 cr\u00e9\u00e9 en 2016 par Delphine Badreddine et Fran\u00e7oise Baglin.<\/p>\n<p>Venues toutes les deux du monde de l&#8217;\u00e9dition jeunesse, elles ont eu l&#8217;id\u00e9e de d\u00e9cliner du contenu p\u00e9dagogique et \u00e9ducatif sur un support nouveau : un poster et des stickers.<\/p>\n<p>L&#8217;id\u00e9e de d\u00e9part \u00e9tait de proposer des pochettes contenant des centaines de stickers, pour que l&#8217;activit\u00e9 dure longtemps. L&#8217;objectif \u00e9tait d&#8217;occuper les enfants \u00e0 la maison avec de belles activit\u00e9s qui les initient \u00e0 une grande diversit\u00e9 de styles graphiques. Poppik veut cr\u00e9er du lien dans les familles pour cultiver le plaisir d\u2019\u00eatre ensemble, de coop\u00e9rer, de rire et de jouer.[\/vc_column_text][\/vc_column][vc_column width=&#8221;1\/2&#8243;][vc_single_image image=&#8221;1916&#8243; img_size=&#8221;large&#8221;][\/vc_column][\/vc_row][vc_row full_width=&#8221;stretch_row&#8221; css=&#8221;.vc_custom_1594196478082{padding-top: 40px !important;padding-bottom: 40px !important;background-color: #efeff1 !important;}&#8221;][vc_column][vc_custom_heading text=&#8221;INSPIREZ-VOUS EN PARCOURANT<br \/>\nNOTRE BLOG SUR L&#8217;\u00c9DUCATION&#8221; font_container=&#8221;tag:h2|text_align:center&#8221; use_theme_fonts=&#8221;yes&#8221; css=&#8221;.vc_custom_1605875403447{margin-bottom: 50px !important;}&#8221;][vc_basic_grid post_type=&#8221;post&#8221; max_items=&#8221;3&#8243; gap=&#8221;20&#8243; grid_id=&#8221;vc_gid:1605875227535-2b238468-daab-8&#8243; el_class=&#8221;posts-list&#8221; css=&#8221;.vc_custom_1594189413589{margin-bottom: 20px !important;}&#8221;]<div class=\"sober-button-wrapper text-center\"><a href=\"https:\/\/poppik.com\/blog\/\" title=\"Blog\" class=\"sober-button button-type-normal button-color-dark align-center   button normal button-normal\">VISITEZ NOTRE BLOG<\/a><\/div>[\/vc_column][\/vc_row]<\/p>\n","protected":false},"excerpt":{"rendered":"<p>[vc_row gap=&#8221;35&#8243; equal_height=&#8221;yes&#8221; content_placement=&#8221;middle&#8221; css=&#8221;.vc_custom_1594196532132{margin-bottom: 30px !important;}&#8221;][vc_column width=&#8221;1\/2&#8243;][vc_video link=&#8221;https:\/\/www.youtube.com\/embed\/JlNyPCrX7CY&#8221;][\/vc_column][vc_column width=&#8221;1\/2&#8243;][vc_custom_heading text=&#8221;Le concept&#8221; use_theme_fonts=&#8221;yes&#8221; css=&#8221;.vc_custom_1594190518941{margin-bottom: 20px !important;}&#8221;][vc_column_text]D\u00e9couvrez le concept exclusif qui fait notre succ\u00e8s\u00a0: de grands posters \u00e0 compl\u00e9ter avec des&hellip;<\/p>\n","protected":false},"author":1,"featured_media":0,"parent":2755,"menu_order":0,"comment_status":"closed","ping_status":"closed","template":"","meta":{"footnotes":""},"jetpack_sharing_enabled":true,"_links":{"self":[{"href":"https:\/\/poppik.com\/en\/wp-json\/wp\/v2\/pages\/2723"}],"collection":[{"href":"https:\/\/poppik.com\/en\/wp-json\/wp\/v2\/pages"}],"about":[{"href":"https:\/\/poppik.com\/en\/wp-json\/wp\/v2\/types\/page"}],"author":[{"embeddable":true,"href":"https:\/\/poppik.com\/en\/wp-json\/wp\/v2\/users\/1"}],"replies":[{"embeddable":true,"href":"https:\/\/poppik.com\/en\/wp-json\/wp\/v2\/comments?post=2723"}],"version-history":[{"count":3,"href":"https:\/\/poppik.com\/en\/wp-json\/wp\/v2\/pages\/2723\/revisions"}],"predecessor-version":[{"id":3088,"href":"https:\/\/poppik.com\/en\/wp-json\/wp\/v2\/pages\/2723\/revisions\/3088"}],"up":[{"embeddable":true,"href":"https:\/\/poppik.com\/en\/wp-json\/wp\/v2\/pages\/2755"}],"wp:attachment":[{"href":"https:\/\/poppik.com\/en\/wp-json\/wp\/v2\/media?parent=2723"}],"curies":[{"name":"wp","href":"https:\/\/api.w.org\/{rel}","templated":true}]}}